{"id":13523,"date":"2026-04-14T09:29:45","date_gmt":"2026-04-14T09:29:45","guid":{"rendered":"https:\/\/dekastar.lt\/produktas\/sensorines-gumytes-smulkiosios-motorikos-lavinimui\/"},"modified":"2026-04-18T14:36:16","modified_gmt":"2026-04-18T14:36:16","slug":"sensorines-gumytes-smulkiosios-motorikos-lavinimui","status":"publish","type":"product","link":"https:\/\/dekastar.lt\/lv\/products\/sensorines-gumytes-smulkiosios-motorikos-lavinimui\/","title":{"rendered":"&#8220;Stretch It&#8221; &#8211; sensorin\u0117s gumin\u0117s juostos smulkiajai motorikai"},"content":{"rendered":"<p>Elastin\u0117s sensorin\u0117s gumin\u0117s juostos gali b\u016bti lengvai i\u0161temptos ir susuktos, neply\u0161ta ir gr\u012f\u017eta \u012f pradin\u0119 form\u0105. Pagaminta i\u0161 termoplastin\u0117s gumos &#8211; saugi, hipoalergin\u0117 med\u017eiaga, \u0161iek tiek vaisi\u0173 kvapas.<\/p>\n<p>Elastin\u0117 juosta t\u0119siasi daugiau nei 2 metrus!<\/p>\n<p>\u0160is naujas naudingas \u017eaislas niekam nepalieka \u0161al\u010dio.<\/p>\n<p>Kai spalvingos gumin\u0117s juostos patenka \u012f vaik\u0173 rankas, jie turi daug id\u0117j\u0173 \u012fdomiam ir smagiam \u017eaidimui. Priklausomai nuo nuotaikos, jie gali suri\u0161ti gumines juostas, formuoti jas \u012f paveiksl\u0117lius, raides, ra\u0161tus, susipinti tarp pir\u0161t\u0173, mesti, i\u0161tempti, treniruotis, net m\u0117tyti kaip dir\u017e\u0105;)<\/p>\n<p>Elastines elastines juostas lengva suri\u0161ti ir atlaisvinti, taip padedant praktikuoti bat\u0173 rai\u0161telius.<\/p>\n<p>Ma\u017ei ir tiksl\u016bs judesiai pir\u0161tais lavina smulki\u0105j\u0105 motorik\u0105 ir rank\u0173 lyt\u0117jimo poj\u016bt\u012f.<\/p>\n<p>Gumin\u0117s juostos taip pat treniruoja rank\u0173 raumenis ir ma\u017eina emocin\u012f stres\u0105.<\/p>\n<p>Komplekte yra 5 dalys.<\/p>\n<p>Taikymas:<br \/>\nSmulkiosios motorikos, lyt\u0117jimo poj\u016b\u010dio, sensorin\u0117s integracijos lavinimas;<br \/>\nrank\u0173 raumen\u0173 treniruot\u0117s;<br \/>\nrank\u0173 motorini\u0173 sutrikim\u0173 reabilitacija;<br \/>\n\u012edom\u016bs ir naudingi \u017eaislai, skatinantys vaizduot\u0119 ir k\u016brybi\u0161kum\u0105.<br \/>\nMed\u017eiaga: TPR<\/p>\n<p>matmenys: 26 cm (i\u0161skleistas)<\/p>","protected":false},"excerpt":{"rendered":"<p>Elastin\u0117s sensorin\u0117s gumin\u0117s juostos gali b\u016bti lengvai i\u0161temptos ir susuktos, neply\u0161ta ir gr\u012f\u017eta \u012f pradin\u0119 form\u0105. Pagaminta i\u0161 termoplastin\u0117s gumos &#8211; saugi, hipoalergin\u0117 med\u017eiaga, \u0161iek tiek vaisi\u0173 kvapas. Elastin\u0117 juosta t\u0119siasi daugiau nei 2 metrus! \u0160is naujas naudingas \u017eaislas niekam nepalieka \u0161al\u010dio. Kai spalvingos gumin\u0117s juostos patenka \u012f vaik\u0173 rankas, jie turi daug id\u0117j\u0173 \u012fdomiam [&hellip;]<\/p>\n","protected":false},"featured_media":13522,"template":"","meta":{"_acf_changed":false},"pwb-brand":[],"product_brand":[],"product_cat":[255,263],"product_tag":[],"class_list":{"0":"post-13523","1":"product","2":"type-product","3":"status-publish","4":"has-post-thumbnail","6":"product_cat-namams","7":"product_cat-vaiko-prieziurai","9":"first","10":"instock","11":"shipping-taxable","12":"purchasable","13":"product-type-simple"},"supplier_id":null,"supplier_sku":"","barcode":null,"atum_controlled":true,"out_stock_date":null,"out_stock_threshold":null,"inheritable":false,"inbound_stock":null,"stock_on_hold":0,"sold_today":0,"sales_last_days":0,"reserved_stock":null,"customer_returns":null,"warehouse_damage":null,"lost_in_post":null,"other_logs":null,"out_stock_days":0,"lost_sales":0,"has_location":false,"update_date":"2026-04-18T14:36:19","atum_locations":[],"atum_stock_status":"instock","restock_status":false,"low_stock_amount":"","sales_update_date":"2026-04-18T00:36:57","calc_backorders":null,"acf":[],"brands":[],"_links":{"self":[{"href":"https:\/\/dekastar.lt\/lv\/wp-json\/wp\/v2\/product\/13523","targetHints":{"allow":["GET"]}}],"collection":[{"href":"https:\/\/dekastar.lt\/lv\/wp-json\/wp\/v2\/product"}],"about":[{"href":"https:\/\/dekastar.lt\/lv\/wp-json\/wp\/v2\/types\/product"}],"wp:featuredmedia":[{"embeddable":true,"href":"https:\/\/dekastar.lt\/lv\/wp-json\/wp\/v2\/media\/13522"}],"wp:attachment":[{"href":"https:\/\/dekastar.lt\/lv\/wp-json\/wp\/v2\/media?parent=13523"}],"wp:term":[{"taxonomy":"pwb-brand","embeddable":true,"href":"https:\/\/dekastar.lt\/lv\/wp-json\/wp\/v2\/pwb-brand?post=13523"},{"taxonomy":"product_brand","embeddable":true,"href":"https:\/\/dekastar.lt\/lv\/wp-json\/wp\/v2\/product_brand?post=13523"},{"taxonomy":"product_cat","embeddable":true,"href":"https:\/\/dekastar.lt\/lv\/wp-json\/wp\/v2\/product_cat?post=13523"},{"taxonomy":"product_tag","embeddable":true,"href":"https:\/\/dekastar.lt\/lv\/wp-json\/wp\/v2\/product_tag?post=13523"}],"curies":[{"name":"wp","href":"https:\/\/api.w.org\/{rel}","templated":true}]}}