{"id":13530,"date":"2026-04-14T09:29:50","date_gmt":"2026-04-14T09:29:50","guid":{"rendered":"https:\/\/dekastar.lt\/produktas\/sensorine-grindu-sedyne-sulankstoma-kede\/"},"modified":"2026-04-19T08:06:39","modified_gmt":"2026-04-19T08:06:39","slug":"sensorine-grindu-sedyne-sulankstoma-kede","status":"publish","type":"product","link":"https:\/\/dekastar.lt\/lv\/products\/sensorine-grindu-sedyne-sulankstoma-kede\/","title":{"rendered":"Jutiklio technologija- Ortopedin\u0117 grind\u0173 s\u0117dyn\u0117s\/ sulankstoma k\u0117d\u0117"},"content":{"rendered":"<p>Lengva, mobili sulankstoma k\u0117d\u0117, skirta s\u0117d\u0117ti bet kur ir ant bet kokio pavir\u0161iaus.<\/p>\n<p>K\u0117d\u0117s atlo\u0161as gali b\u016bti u\u017erakintas bet kurioje pad\u0117tyje nuo 90 iki 180 laipsni\u0173, tiek vaikas, tiek suaug\u0119s gali atsiremti \u012f j\u012f &#8211; u\u017eraktas yra patikimas. Ne\u0161iojimo dir\u017eelis leid\u017eia lengvai ne\u0161iotis per pet\u012f. S\u0117dyn\u0117 ir atlo\u0161as yra mink\u0161tai apmu\u0161ti. Dangtis yra nuimamas ir gali b\u016bti nuimamas valymui.<\/p>\n<p>Kam tinka \u0161i sensorin\u0117 grind\u0173 k\u0117dut\u0117?<br \/>\nvaikams namuose ir \u017eaidim\u0173 kambaryje bei dar\u017eelyje &#8211; vaikai m\u0117gsta s\u0117d\u0117ti ant grind\u0173, sulankstoma k\u0117d\u0117 u\u017etikrina tinkam\u0105 nugaros laikysen\u0105, izoliacij\u0105 nuo \u0161alt\u0173 grind\u0173 ir bendr\u0105 komfort\u0105;<br \/>\natostogaujantiems vaikams ir suaugusiems &#8211; einant \u012f gamt\u0105, mi\u0161k\u0105, papl\u016bdim\u012f ar net tiesiog \u012f park\u0105, mobili sulankstoma k\u0117d\u0117 pad\u0117s patogiai s\u0117d\u0117ti ir m\u0117gautis ramybe;<br \/>\nsuaugusiems namuose &#8211; kai reikia \u017eaisti stalo \u017eaidimus ar k\u0105 nors daryti ilg\u0105 laik\u0105 s\u0117dint.<br \/>\nSast\u0101vs:<br \/>\nU\u017evalkalas &#8211; poliesterio<\/p>\n<p>s\u0117dyn\u0117 &#8211; poliuretanas, metalinis r\u0117mas.<\/p>\n<p>Matmenys i\u0161skleidus 180 laipsni\u0173 kampu: 75*55*5,6 cm.<\/p>\n<p>I\u0161skleista s\u0117dyn\u0117 yra plok\u0161\u010dia, j\u0105 lengva laikyti ir transportuoti.<\/p>","protected":false},"excerpt":{"rendered":"<p>Lengva, mobili sulankstoma k\u0117d\u0117, skirta s\u0117d\u0117ti bet kur ir ant bet kokio pavir\u0161iaus. K\u0117d\u0117s atlo\u0161as gali b\u016bti u\u017erakintas bet kurioje pad\u0117tyje nuo 90 iki 180 laipsni\u0173, tiek vaikas, tiek suaug\u0119s gali atsiremti \u012f j\u012f &#8211; u\u017eraktas yra patikimas. Ne\u0161iojimo dir\u017eelis leid\u017eia lengvai ne\u0161iotis per pet\u012f. S\u0117dyn\u0117 ir atlo\u0161as yra mink\u0161tai apmu\u0161ti. Dangtis yra nuimamas ir [&hellip;]<\/p>\n","protected":false},"featured_media":13529,"template":"","meta":{"_acf_changed":false},"pwb-brand":[],"product_brand":[],"product_cat":[255,264,261],"product_tag":[],"class_list":{"0":"post-13530","1":"product","2":"type-product","3":"status-publish","4":"has-post-thumbnail","6":"product_cat-namams","7":"product_cat-sensorines-ortopedines-priemones-vaiko-kambariui","8":"product_cat-vaiko-kambariui","10":"first","11":"instock","12":"shipping-taxable","13":"purchasable","14":"product-type-simple"},"supplier_id":null,"supplier_sku":"","barcode":null,"atum_controlled":true,"out_stock_date":null,"out_stock_threshold":null,"inheritable":false,"inbound_stock":null,"stock_on_hold":0,"sold_today":0,"sales_last_days":0,"reserved_stock":null,"customer_returns":null,"warehouse_damage":null,"lost_in_post":null,"other_logs":null,"out_stock_days":0,"lost_sales":0,"has_location":false,"update_date":"2026-04-28T03:13:25","atum_locations":[],"atum_stock_status":"instock","restock_status":false,"low_stock_amount":"","sales_update_date":"2026-04-28T03:13:25","calc_backorders":null,"acf":[],"brands":[],"_links":{"self":[{"href":"https:\/\/dekastar.lt\/lv\/wp-json\/wp\/v2\/product\/13530","targetHints":{"allow":["GET"]}}],"collection":[{"href":"https:\/\/dekastar.lt\/lv\/wp-json\/wp\/v2\/product"}],"about":[{"href":"https:\/\/dekastar.lt\/lv\/wp-json\/wp\/v2\/types\/product"}],"wp:featuredmedia":[{"embeddable":true,"href":"https:\/\/dekastar.lt\/lv\/wp-json\/wp\/v2\/media\/13529"}],"wp:attachment":[{"href":"https:\/\/dekastar.lt\/lv\/wp-json\/wp\/v2\/media?parent=13530"}],"wp:term":[{"taxonomy":"pwb-brand","embeddable":true,"href":"https:\/\/dekastar.lt\/lv\/wp-json\/wp\/v2\/pwb-brand?post=13530"},{"taxonomy":"product_brand","embeddable":true,"href":"https:\/\/dekastar.lt\/lv\/wp-json\/wp\/v2\/product_brand?post=13530"},{"taxonomy":"product_cat","embeddable":true,"href":"https:\/\/dekastar.lt\/lv\/wp-json\/wp\/v2\/product_cat?post=13530"},{"taxonomy":"product_tag","embeddable":true,"href":"https:\/\/dekastar.lt\/lv\/wp-json\/wp\/v2\/product_tag?post=13530"}],"curies":[{"name":"wp","href":"https:\/\/api.w.org\/{rel}","templated":true}]}}