{"id":13546,"date":"2026-04-14T09:30:17","date_gmt":"2026-04-14T09:30:17","guid":{"rendered":"https:\/\/dekastar.lt\/produktas\/masazinis-ortopedinis-kilimelis-su-naturaliais-akmenukais-ortek-minkstas-74x44-cm\/"},"modified":"2026-04-19T08:06:39","modified_gmt":"2026-04-19T08:06:39","slug":"masazinis-ortopedinis-kilimelis-su-naturaliais-akmenukais-ortek-minkstas-74x44-cm","status":"publish","type":"product","link":"https:\/\/dekastar.lt\/lv\/products\/masazinis-ortopedinis-kilimelis-su-naturaliais-akmenukais-ortek-minkstas-74x44-cm\/","title":{"rendered":"Masa\u017einis ortopedinis kilim\u0117lis su nat\u016braliais akmenukais \u201eOrtek\u201c MINK\u0160TAS 74&#215;44 cm"},"content":{"rendered":"<p>P\u0117d\u0173 masa\u017eo kilim\u0117lis pagamintas i\u0161 nat\u016brali\u0173 akmenuk\u0173 i\u0161 Juodosios j\u016bros. Kilim\u0117lio pagrindas pagamintas i\u0161 tikro lino i\u0161or\u0117je ir mink\u0161to putplas\u010dio viduje. Klijai yra bekvapiai ir netoksi\u0161ki. Akmenukai labai gerai pritvirtinti prie protektoriaus.<\/p>\n<p>Dydis \u2013 74&#215;44 cm.<\/p>\n<p>Kuo \u0161is kilim\u0117lis skiriasi nuo vis\u0173 kit\u0173?<\/p>\n<p>Kilim\u0117lis u\u017epildytas mink\u0161tomis putomis. D\u0117l \u0161ios prie\u017easties vaik\u0161\u010diojimo poj\u016b\u010diai yra tokie patys kaip vaik\u0161\u010diojant sm\u0117lio papl\u016bdimiu su akmenukais. Pagal savo svor\u012f akmenukai \u0161iek tiek nugrimzta \u012f putas, o tai su\u0161velnina poveik\u012f kojoms, o kilim\u0117lis ypa\u010d tinka ma\u017eiems vaikams.<\/p>\n<p>Kilim\u0117lis sukuria labai nat\u016bralius, malonius poj\u016b\u010dius ant p\u0117dos vaik\u0161\u010diojimo metu ir po jo.<\/p>\n<p>K\u0105 gali padaryti masa\u017eo kilim\u0117lis:<\/p>\n<p>prisideda prie teisingo vaiko p\u0117dos formavimo;<br \/>\ngerina raumen\u0173 tonus\u0105 ir stiprina i\u0161ilgines ir skersines p\u0117dos arkas;<br \/>\naktyviai veikia kraujotakos gerinim\u0105;<br \/>\nMa\u017eina koj\u0173 \u012ftamp\u0105, atpalaiduoja, suteikia malon\u0173 masa\u017e\u0105.<\/p>\n<p>Indikacijos:<\/p>\n<p>padeda i\u0161vengti plok\u0161\u010diap\u0117dyst\u0117s, klubin\u0117s p\u0117dos, hallux valgus ir kit\u0173 deformacij\u0173;<br \/>\npalaiko ven\u0173 varikoz\u0117s, osteoartrito ir artrito prevencij\u0105;<br \/>\nmal\u0161ina koj\u0173 nuovarg\u012f.<br \/>\nDur\u0173 kilim\u0117l\u012f laikykite nuo 5\u00b0 \u0421 iki 45\u00b0 \u0421 temperat\u016broje, saugokite nuo tiesiogini\u0173 saul\u0117s spinduli\u0173, dr\u0117gm\u0117s, kar\u0161\u010dio ir dulki\u0173 \u0161altini\u0173.<\/p>\n<p>Kontraindikacijos:<\/p>\n<p>atviros \u017eaizdos ar u\u017edegiminiai procesai ant p\u0117dos odos;<br \/>\ndiabetin\u0117s p\u0117dos sindromas.<br \/>\nAkmenukai savo i\u0161vaizda ir dyd\u017eiu gali skirtis nuo nuotraukoje.<\/p>","protected":false},"excerpt":{"rendered":"<p>P\u0117d\u0173 masa\u017eo kilim\u0117lis pagamintas i\u0161 nat\u016brali\u0173 akmenuk\u0173 i\u0161 Juodosios j\u016bros. Kilim\u0117lio pagrindas pagamintas i\u0161 tikro lino i\u0161or\u0117je ir mink\u0161to putplas\u010dio viduje. Klijai yra bekvapiai ir netoksi\u0161ki. Akmenukai labai gerai pritvirtinti prie protektoriaus. Dydis \u2013 74&#215;44 cm. Kuo \u0161is kilim\u0117lis skiriasi nuo vis\u0173 kit\u0173? Kilim\u0117lis u\u017epildytas mink\u0161tomis putomis. D\u0117l \u0161ios prie\u017easties vaik\u0161\u010diojimo poj\u016b\u010diai yra tokie patys [&hellip;]<\/p>\n","protected":false},"featured_media":13545,"template":"","meta":{"_acf_changed":false},"pwb-brand":[],"product_brand":[],"product_cat":[255,264,261],"product_tag":[],"class_list":{"0":"post-13546","1":"product","2":"type-product","3":"status-publish","4":"has-post-thumbnail","6":"product_cat-namams","7":"product_cat-sensorines-ortopedines-priemones-vaiko-kambariui","8":"product_cat-vaiko-kambariui","10":"first","11":"instock","12":"shipping-taxable","13":"purchasable","14":"product-type-simple"},"supplier_id":null,"supplier_sku":"","barcode":null,"atum_controlled":true,"out_stock_date":null,"out_stock_threshold":null,"inheritable":false,"inbound_stock":null,"stock_on_hold":0,"sold_today":0,"sales_last_days":0,"reserved_stock":null,"customer_returns":null,"warehouse_damage":null,"lost_in_post":null,"other_logs":null,"out_stock_days":0,"lost_sales":0,"has_location":false,"update_date":"2026-04-28T03:13:26","atum_locations":[],"atum_stock_status":"instock","restock_status":false,"low_stock_amount":"","sales_update_date":"2026-04-28T03:13:26","calc_backorders":null,"acf":[],"brands":[],"_links":{"self":[{"href":"https:\/\/dekastar.lt\/lv\/wp-json\/wp\/v2\/product\/13546","targetHints":{"allow":["GET"]}}],"collection":[{"href":"https:\/\/dekastar.lt\/lv\/wp-json\/wp\/v2\/product"}],"about":[{"href":"https:\/\/dekastar.lt\/lv\/wp-json\/wp\/v2\/types\/product"}],"wp:featuredmedia":[{"embeddable":true,"href":"https:\/\/dekastar.lt\/lv\/wp-json\/wp\/v2\/media\/13545"}],"wp:attachment":[{"href":"https:\/\/dekastar.lt\/lv\/wp-json\/wp\/v2\/media?parent=13546"}],"wp:term":[{"taxonomy":"pwb-brand","embeddable":true,"href":"https:\/\/dekastar.lt\/lv\/wp-json\/wp\/v2\/pwb-brand?post=13546"},{"taxonomy":"product_brand","embeddable":true,"href":"https:\/\/dekastar.lt\/lv\/wp-json\/wp\/v2\/product_brand?post=13546"},{"taxonomy":"product_cat","embeddable":true,"href":"https:\/\/dekastar.lt\/lv\/wp-json\/wp\/v2\/product_cat?post=13546"},{"taxonomy":"product_tag","embeddable":true,"href":"https:\/\/dekastar.lt\/lv\/wp-json\/wp\/v2\/product_tag?post=13546"}],"curies":[{"name":"wp","href":"https:\/\/api.w.org\/{rel}","templated":true}]}}