{"id":13551,"date":"2026-04-14T09:30:19","date_gmt":"2026-04-14T09:30:19","guid":{"rendered":"https:\/\/dekastar.lt\/produktas\/dvigubas-masazo-kamuoliukas-su-smaigaliais\/"},"modified":"2026-04-19T08:06:39","modified_gmt":"2026-04-19T08:06:39","slug":"dvigubas-masazo-kamuoliukas-su-smaigaliais","status":"publish","type":"product","link":"https:\/\/dekastar.lt\/lv\/products\/dvigubas-masazo-kamuoliukas-su-smaigaliais\/","title":{"rendered":"Dvigubas masa\u017eo kamuolys su smaigaliais, e\u017eiuko kamuolys"},"content":{"rendered":"<p>Dvigubas masa\u017eo kamuolys naudojamas masa\u017eui, raumen\u0173 atpalaidavimui, kraujotakai ir smulkiosios motorikos lavinimui.<\/p>\n<p>Mes tai i\u0161band\u0117me!<\/p>\n<p>Prie\u0161 parduodant naujus produktus, da\u017enai juos i\u0161bandome patys. M\u016bs\u0173 nuomone, efektyviausias pritaikymas yra p\u0117d\u0173 masa\u017eas. S\u0117dint labai malonu masa\u017euoti vidin\u012f ir i\u0161orin\u012f p\u0117dos lank\u0105. Masa\u017eo metu gerai dirbami raumenys, o malonus poj\u016btis p\u0117dose i\u0161lieka net ir po masa\u017eo. Dvigubas masa\u017euoklis yra vidutini\u0161kai tvirtas, ta\u010diau esant stipriam sl\u0117giui pasiduoda.<\/p>\n<p>Jis taip pat gali b\u016bti naudojamas nugaros ir rank\u0173 masa\u017eams, ta\u010diau mes nustat\u0117me, kad tam geriau naudoti 9 cm skersmens masa\u017eo kamuol\u012f. Taip pat galime nedvejodami rekomenduoti \u0161\u012f masa\u017euokl\u012f anticeliulitiniam masa\u017eui. Mes tai i\u0161band\u0117me \ud83d\ude42<\/p>\n<p>Funkcijas:<br \/>\nEfektyvus p\u0117d\u0173 masa\u017eas &#8211; speciali forma leid\u017eia masa\u017euoti p\u0117das i\u0161 skirting\u0173 pusi\u0173. Tai ne tik suteikia patog\u0173 jausm\u0105, bet ir padeda i\u0161vengti plok\u0161\u010diap\u0117dyst\u0117s ir kit\u0173 deformacij\u0173, sustiprina p\u0117dos lank\u0105 ir suma\u017eina p\u0117d\u0173 \u012ftamp\u0105.<br \/>\nJis naudojamas nugaros, kaklo, rank\u0173 ir galvos masa\u017eui &#8211; spygliais aktyviai veikia nerv\u0173 gal\u016bnes, padidina kraujotak\u0105 ir skatina raumen\u0173 atsipalaidavim\u0105.<br \/>\nForma ir stuburas skatina vaik\u0173 smulki\u0105j\u0105 motorik\u0105 arba reabilitacij\u0105 po traum\u0173 ir insult\u0173.<br \/>\nTaikymas:<br \/>\nViso k\u016bno masa\u017eas, raumen\u0173 atpalaidavimas;<br \/>\nPlok\u0161\u010diap\u0117dyst\u0117s, klubin\u0117s p\u0117dos, hallux valgus ir kit\u0173 p\u0117d\u0173 deformacij\u0173 prevencija;<br \/>\nKoj\u0173 nuovargio po\u017eymi\u0173 mal\u0161inimas.<br \/>\nKontraindikacijos:<br \/>\nAtviros \u017eaizdos ar u\u017edegiminiai odos procesai;<br \/>\nDiabetin\u0117s p\u0117dos sindromas.<br \/>\nMatmenys: 15 cm<\/p>\n<p>Med\u017eiaga: PVC (kietas, be kenksming\u0173 priemai\u0161\u0173)<\/p>","protected":false},"excerpt":{"rendered":"<p>Dvigubas masa\u017eo kamuolys naudojamas masa\u017eui, raumen\u0173 atpalaidavimui, kraujotakai ir smulkiosios motorikos lavinimui. Mes tai i\u0161band\u0117me! Prie\u0161 parduodant naujus produktus, da\u017enai juos i\u0161bandome patys. M\u016bs\u0173 nuomone, efektyviausias pritaikymas yra p\u0117d\u0173 masa\u017eas. S\u0117dint labai malonu masa\u017euoti vidin\u012f ir i\u0161orin\u012f p\u0117dos lank\u0105. Masa\u017eo metu gerai dirbami raumenys, o malonus poj\u016btis p\u0117dose i\u0161lieka net ir po masa\u017eo. Dvigubas masa\u017euoklis [&hellip;]<\/p>\n","protected":false},"featured_media":13512,"template":"","meta":{"_acf_changed":false},"pwb-brand":[],"product_brand":[],"product_cat":[255,264,261,263],"product_tag":[],"class_list":{"0":"post-13551","1":"product","2":"type-product","3":"status-publish","4":"has-post-thumbnail","6":"product_cat-namams","7":"product_cat-sensorines-ortopedines-priemones-vaiko-kambariui","8":"product_cat-vaiko-kambariui","9":"product_cat-vaiko-prieziurai","11":"first","12":"instock","13":"shipping-taxable","14":"purchasable","15":"product-type-simple"},"supplier_id":null,"supplier_sku":"","barcode":null,"atum_controlled":true,"out_stock_date":null,"out_stock_threshold":null,"inheritable":false,"inbound_stock":null,"stock_on_hold":0,"sold_today":0,"sales_last_days":0,"reserved_stock":null,"customer_returns":null,"warehouse_damage":null,"lost_in_post":null,"other_logs":null,"out_stock_days":0,"lost_sales":0,"has_location":false,"update_date":"2026-04-28T03:13:26","atum_locations":[],"atum_stock_status":"instock","restock_status":false,"low_stock_amount":"","sales_update_date":"2026-04-28T03:13:26","calc_backorders":null,"acf":[],"brands":[],"_links":{"self":[{"href":"https:\/\/dekastar.lt\/lv\/wp-json\/wp\/v2\/product\/13551","targetHints":{"allow":["GET"]}}],"collection":[{"href":"https:\/\/dekastar.lt\/lv\/wp-json\/wp\/v2\/product"}],"about":[{"href":"https:\/\/dekastar.lt\/lv\/wp-json\/wp\/v2\/types\/product"}],"wp:featuredmedia":[{"embeddable":true,"href":"https:\/\/dekastar.lt\/lv\/wp-json\/wp\/v2\/media\/13512"}],"wp:attachment":[{"href":"https:\/\/dekastar.lt\/lv\/wp-json\/wp\/v2\/media?parent=13551"}],"wp:term":[{"taxonomy":"pwb-brand","embeddable":true,"href":"https:\/\/dekastar.lt\/lv\/wp-json\/wp\/v2\/pwb-brand?post=13551"},{"taxonomy":"product_brand","embeddable":true,"href":"https:\/\/dekastar.lt\/lv\/wp-json\/wp\/v2\/product_brand?post=13551"},{"taxonomy":"product_cat","embeddable":true,"href":"https:\/\/dekastar.lt\/lv\/wp-json\/wp\/v2\/product_cat?post=13551"},{"taxonomy":"product_tag","embeddable":true,"href":"https:\/\/dekastar.lt\/lv\/wp-json\/wp\/v2\/product_tag?post=13551"}],"curies":[{"name":"wp","href":"https:\/\/api.w.org\/{rel}","templated":true}]}}