{"id":13558,"date":"2026-04-14T09:30:29","date_gmt":"2026-04-14T09:30:29","guid":{"rendered":"https:\/\/dekastar.lt\/produktas\/kietas-masazinis-kamuoliukas-o-9-cm\/"},"modified":"2026-04-19T08:06:39","modified_gmt":"2026-04-19T08:06:39","slug":"kietas-masazinis-kamuoliukas-o-9-cm","status":"publish","type":"product","link":"https:\/\/dekastar.lt\/lv\/products\/kietas-masazinis-kamuoliukas-o-9-cm\/","title":{"rendered":"Kietas masa\u017eo kamuolys su smaigaliais, e\u017eio kamuolys (d\/9cm)"},"content":{"rendered":"<p>Masa\u017eo kamuolys naudojamas masa\u017eui, raumen\u0173 atpalaidavimui, kraujotakai ir smulkiosios motorikos lavinimui.<\/p>\n<p>Mes tai i\u0161band\u0117me!<br \/>\nPrie\u0161 parduodant naujus produktus, da\u017enai juos i\u0161bandome patys. \u0160is masa\u017eo kamuolys pasirod\u0117 es\u0105s patogiausias nugaros masa\u017eui, palyginti su kitais kamuoliukais. Neperdedant: tai jau\u010diasi kaip geras masa\u017eas. Taip pat patogu naudoti masa\u017euokl\u012f. Masa\u017eui kamuolys tiesiog apvyniojamas per nugaros raumenis ar kitas k\u016bno dalis, kurias reikia masa\u017euoti delnu.<\/p>\n<p>Funkcijas:<br \/>\nKamuolys yra vidutini\u0161kai tvirtas, idealiai tinka viso k\u016bno masa\u017eui. Ypa\u010d malonus ir efektyvus nugarai. Bet tinka ir kojoms.<br \/>\nSpygliai veikia nerv\u0173 gal\u016bnes ir skatina kraujotak\u0105. Tai naudinga motoriniams \u012fg\u016bd\u017eiams, reabilitacijai po traum\u0173 ar insult\u0173.<br \/>\nTaip pat padeda i\u0161vengti ir gydyti plok\u0161\u010diap\u0117dyst\u0119 ir kitas p\u0117d\u0173 deformacijas &#8211; mank\u0161tinami ir masa\u017euojami raumenys ir rai\u0161\u010diai.<br \/>\nTaikymas:<br \/>\nPlok\u0161\u010diap\u0117dyst\u0117s, klubin\u0117s p\u0117dos, plok\u0161\u010diap\u0117dyst\u0117s ir kit\u0173 deformacij\u0173 profilaktika ir gydymas;<br \/>\nraumen\u0173 ir rai\u0161\u010di\u0173 masa\u017eas ir atpalaidavimas;<br \/>\nMotorin\u0117s funkcijos stimuliavimas ir kraujotakos gerinimas paveiktose k\u016bno dalyse.<br \/>\nMatmenys: d=9cm<\/p>\n<p>Med\u017eiaga: PVC (kietas, be kenksming\u0173 priemai\u0161\u0173).<\/p>","protected":false},"excerpt":{"rendered":"<p>Masa\u017eo kamuolys naudojamas masa\u017eui, raumen\u0173 atpalaidavimui, kraujotakai ir smulkiosios motorikos lavinimui. Mes tai i\u0161band\u0117me! Prie\u0161 parduodant naujus produktus, da\u017enai juos i\u0161bandome patys. \u0160is masa\u017eo kamuolys pasirod\u0117 es\u0105s patogiausias nugaros masa\u017eui, palyginti su kitais kamuoliukais. Neperdedant: tai jau\u010diasi kaip geras masa\u017eas. Taip pat patogu naudoti masa\u017euokl\u012f. Masa\u017eui kamuolys tiesiog apvyniojamas per nugaros raumenis ar kitas k\u016bno [&hellip;]<\/p>\n","protected":false},"featured_media":13557,"template":"","meta":{"_acf_changed":false},"pwb-brand":[],"product_brand":[],"product_cat":[255,264,261,263],"product_tag":[],"class_list":{"0":"post-13558","1":"product","2":"type-product","3":"status-publish","4":"has-post-thumbnail","6":"product_cat-namams","7":"product_cat-sensorines-ortopedines-priemones-vaiko-kambariui","8":"product_cat-vaiko-kambariui","9":"product_cat-vaiko-prieziurai","11":"first","12":"instock","13":"shipping-taxable","14":"purchasable","15":"product-type-simple"},"supplier_id":null,"supplier_sku":"","barcode":null,"atum_controlled":true,"out_stock_date":null,"out_stock_threshold":null,"inheritable":false,"inbound_stock":null,"stock_on_hold":0,"sold_today":0,"sales_last_days":0,"reserved_stock":null,"customer_returns":null,"warehouse_damage":null,"lost_in_post":null,"other_logs":null,"out_stock_days":0,"lost_sales":0,"has_location":false,"update_date":"2026-04-28T03:13:26","atum_locations":[],"atum_stock_status":"instock","restock_status":false,"low_stock_amount":"","sales_update_date":"2026-04-28T03:13:26","calc_backorders":null,"acf":[],"brands":[],"_links":{"self":[{"href":"https:\/\/dekastar.lt\/lv\/wp-json\/wp\/v2\/product\/13558","targetHints":{"allow":["GET"]}}],"collection":[{"href":"https:\/\/dekastar.lt\/lv\/wp-json\/wp\/v2\/product"}],"about":[{"href":"https:\/\/dekastar.lt\/lv\/wp-json\/wp\/v2\/types\/product"}],"wp:featuredmedia":[{"embeddable":true,"href":"https:\/\/dekastar.lt\/lv\/wp-json\/wp\/v2\/media\/13557"}],"wp:attachment":[{"href":"https:\/\/dekastar.lt\/lv\/wp-json\/wp\/v2\/media?parent=13558"}],"wp:term":[{"taxonomy":"pwb-brand","embeddable":true,"href":"https:\/\/dekastar.lt\/lv\/wp-json\/wp\/v2\/pwb-brand?post=13558"},{"taxonomy":"product_brand","embeddable":true,"href":"https:\/\/dekastar.lt\/lv\/wp-json\/wp\/v2\/product_brand?post=13558"},{"taxonomy":"product_cat","embeddable":true,"href":"https:\/\/dekastar.lt\/lv\/wp-json\/wp\/v2\/product_cat?post=13558"},{"taxonomy":"product_tag","embeddable":true,"href":"https:\/\/dekastar.lt\/lv\/wp-json\/wp\/v2\/product_tag?post=13558"}],"curies":[{"name":"wp","href":"https:\/\/api.w.org\/{rel}","templated":true}]}}