{"id":13562,"date":"2026-04-14T09:30:36","date_gmt":"2026-04-14T09:30:36","guid":{"rendered":"https:\/\/dekastar.lt\/produktas\/masaziniai-pedu-voleliai\/"},"modified":"2026-04-19T08:06:39","modified_gmt":"2026-04-19T08:06:39","slug":"masaziniai-pedu-voleliai","status":"publish","type":"product","link":"https:\/\/dekastar.lt\/lv\/products\/masaziniai-pedu-voleliai\/","title":{"rendered":"Masa\u017einiai p\u0117d\u0173 voleliai"},"content":{"rendered":"<p>Foot Roller p\u0117d\u0173 masa\u017euoklis naudojamas p\u0117d\u0173 masa\u017eui ir atsipalaidavimui, plok\u0161\u010diap\u0117dyst\u0117s ir kit\u0173 p\u0117d\u0173 deformacij\u0173 gydymui ir profilaktikai, ven\u0173 varikoz\u0117s profilaktikai.<\/p>\n<p>Voleliai gerai veikia p\u0117dos skliaut\u0105, o tekst\u016bruotas pavir\u0161ius taip pat veikia raumenis ir nerv\u0173 gal\u016bnes.<\/p>\n<p>Geriausias efektas pasiekiamas, jei masa\u017eas atliekamas 10 minu\u010di\u0173 s\u0117dint ant k\u0117d\u0117s.<\/p>\n<p>Tikslas:<\/p>\n<p>plok\u0161\u010diap\u0117dyst\u0117s, klubini\u0173 p\u0117d\u0173, p\u0117d\u0173 valgus pad\u0117ties prevencija;<br \/>\nven\u0173 varikoz\u0117s, artroz\u0117s, artrito ir pavargusi\u0173 koj\u0173 prevencija;<br \/>\natpalaiduojantis p\u0117d\u0173 masa\u017eas.<br \/>\nKontraindikacijos:<\/p>\n<p>Atviros p\u0117d\u0173 odos \u017eaizdos ar u\u017edegiminiai procesai;<br \/>\nDiabetin\u0117s p\u0117dos sindromas.<br \/>\nMed\u017eiaga: higieni\u0161kas plastikas.<br \/>\nMatmenys: 28,5\u00d713,5\u00d74,5 cm.<\/p>","protected":false},"excerpt":{"rendered":"<p>Foot Roller p\u0117d\u0173 masa\u017euoklis naudojamas p\u0117d\u0173 masa\u017eui ir atsipalaidavimui, plok\u0161\u010diap\u0117dyst\u0117s ir kit\u0173 p\u0117d\u0173 deformacij\u0173 gydymui ir profilaktikai, ven\u0173 varikoz\u0117s profilaktikai. Voleliai gerai veikia p\u0117dos skliaut\u0105, o tekst\u016bruotas pavir\u0161ius taip pat veikia raumenis ir nerv\u0173 gal\u016bnes. Geriausias efektas pasiekiamas, jei masa\u017eas atliekamas 10 minu\u010di\u0173 s\u0117dint ant k\u0117d\u0117s. Tikslas: plok\u0161\u010diap\u0117dyst\u0117s, klubini\u0173 p\u0117d\u0173, p\u0117d\u0173 valgus pad\u0117ties prevencija; ven\u0173 [&hellip;]<\/p>\n","protected":false},"featured_media":13561,"template":"","meta":{"_acf_changed":false},"pwb-brand":[],"product_brand":[],"product_cat":[15,255,264,261],"product_tag":[],"class_list":{"0":"post-13562","1":"product","2":"type-product","3":"status-publish","4":"has-post-thumbnail","6":"product_cat-kita-laisvalakio-apranga","7":"product_cat-namams","8":"product_cat-sensorines-ortopedines-priemones-vaiko-kambariui","9":"product_cat-vaiko-kambariui","11":"first","12":"instock","13":"shipping-taxable","14":"purchasable","15":"product-type-simple"},"supplier_id":null,"supplier_sku":"","barcode":null,"atum_controlled":true,"out_stock_date":null,"out_stock_threshold":null,"inheritable":false,"inbound_stock":null,"stock_on_hold":0,"sold_today":0,"sales_last_days":0,"reserved_stock":null,"customer_returns":null,"warehouse_damage":null,"lost_in_post":null,"other_logs":null,"out_stock_days":0,"lost_sales":0,"has_location":false,"update_date":"2026-04-28T03:13:26","atum_locations":[],"atum_stock_status":"instock","restock_status":false,"low_stock_amount":"","sales_update_date":"2026-04-28T03:13:26","calc_backorders":null,"acf":[],"brands":[],"_links":{"self":[{"href":"https:\/\/dekastar.lt\/lv\/wp-json\/wp\/v2\/product\/13562","targetHints":{"allow":["GET"]}}],"collection":[{"href":"https:\/\/dekastar.lt\/lv\/wp-json\/wp\/v2\/product"}],"about":[{"href":"https:\/\/dekastar.lt\/lv\/wp-json\/wp\/v2\/types\/product"}],"wp:featuredmedia":[{"embeddable":true,"href":"https:\/\/dekastar.lt\/lv\/wp-json\/wp\/v2\/media\/13561"}],"wp:attachment":[{"href":"https:\/\/dekastar.lt\/lv\/wp-json\/wp\/v2\/media?parent=13562"}],"wp:term":[{"taxonomy":"pwb-brand","embeddable":true,"href":"https:\/\/dekastar.lt\/lv\/wp-json\/wp\/v2\/pwb-brand?post=13562"},{"taxonomy":"product_brand","embeddable":true,"href":"https:\/\/dekastar.lt\/lv\/wp-json\/wp\/v2\/product_brand?post=13562"},{"taxonomy":"product_cat","embeddable":true,"href":"https:\/\/dekastar.lt\/lv\/wp-json\/wp\/v2\/product_cat?post=13562"},{"taxonomy":"product_tag","embeddable":true,"href":"https:\/\/dekastar.lt\/lv\/wp-json\/wp\/v2\/product_tag?post=13562"}],"curies":[{"name":"wp","href":"https:\/\/api.w.org\/{rel}","templated":true}]}}