{"id":13568,"date":"2026-04-14T09:30:41","date_gmt":"2026-04-14T09:30:41","guid":{"rendered":"https:\/\/dekastar.lt\/produktas\/gua-sha-mikrosroviu-veido-masazuoklis-pakeliantis-ir-mazinantis-patinima\/"},"modified":"2026-04-19T08:06:38","modified_gmt":"2026-04-19T08:06:38","slug":"gua-sha-mikrosroviu-veido-masazuoklis-pakeliantis-ir-mazinantis-patinima","status":"publish","type":"product","link":"https:\/\/dekastar.lt\/lv\/products\/gua-sha-mikrosroviu-veido-masazuoklis-pakeliantis-ir-mazinantis-patinima\/","title":{"rendered":"Gua Sha mikrosrovi\u0173 veido\/k\u016bno masa\u017euoklis. Pakeliantis ir ma\u017einantis patinim\u0105"},"content":{"rendered":"<p>Mikrosrov\u0117s masa\u017euoklis (Gua Sha akmuo) yra eleganti\u0161kas ir funkcionalus prietaisas, skirtas salono gydymui namuose. Masa\u017euoklis naudojamas patinimui, limfodrena\u017eui, veido patempimui mal\u0161inti ir bendrai odos b\u016bklei pagerinti. Jis gali b\u016bti naudojamas ne tik ant veido, bet ir ant viso k\u016bno.<br \/>\n\u0160io veido masa\u017euoklio<br \/>\nsavyb\u0117s:<br \/>\nvibracijos funkcija &#8211; pagerina limfodrena\u017eo efekt\u0105 masa\u017eo metu;<br \/>\n3 \u0161ilumos lygiai &#8211; atsi\u017evelgiant \u012f paskirt\u012f ir individuali\u0105 tolerancij\u0105, galima pasirinkti tinkam\u0105 lyg\u012f; \u0161iluma padidina u\u017etepto produkto \u012fsiskverbim\u0105 \u012f poras masa\u017eo metu ir skatina kolageno gamyb\u0105;<br \/>\nInfraraudonoji \u0161viesa &#8211; teigiamai veikia od\u0105 ir stimuliuoja kraujotak\u0105;<br \/>\nKompakti\u0161kumas ir autonomi\u0161kumas &#8211; masa\u017euoklis yra patrauklaus ir ergonomi\u0161ko dizaino, patogiai telpa rankoje, \u012fkraunamas per USB laid\u0105 ir ilgai tarnauja po \u012fkrovimo.<br \/>\nNerekomenduojama naudoti masa\u017euoklio \u0161ilumos funkcijos kartu su riebiais kremais ir aliejais, nes tai gali pakenkti odai.<\/p>\n<p>Ko galite tik\u0117tis naudodami mikrosrov\u0117s masa\u017euokl\u012f:<br \/>\nLygi ir spindinti oda.<br \/>\nLygi veido spalva ir sveika veido spalva.<br \/>\nGreitas veikli\u0173j\u0173 med\u017eiag\u0173 \u012fsisavinimas i\u0161 prie\u017ei\u016bros kosmetikos.<br \/>\nVeido raumen\u0173 \u012ftempimas.<br \/>\nPatinimo ma\u017einimas.<br \/>\nOdos stangrumo gerinimas.<br \/>\nKaip jis naudojamas?<br \/>\nNuvalykite veido od\u0105 jums tinkan\u010diu produktu;<br \/>\nAnt odos u\u017etepkite serum\u0105, krem\u0105, gel\u012f ar masa\u017eo aliej\u0173;<br \/>\n\u012ejunkite prietais\u0105 ir masa\u017euokite veid\u0105 \/ kakl\u0105 5-10 minu\u010di\u0173. Kiekvienas judesys tur\u0117t\u0173 jaustis patogiai ant odos.<br \/>\nPo naudojimo i\u0161junkite prietais\u0105 ir nuvalykite \u0161luoste.<br \/>\nNor\u0117dami \u012fjungti ir i\u0161jungti \u012frengin\u012f, paspauskite mygtuk\u0105 su raudonu apskritimu. Masa\u017euoklis turi ekran\u0105, kuriame rodomas akumuliatoriaus \u012fkrovos lygis, \u012fjungt\u0173 funkcij\u0173 simboliai ir \u0161ilumos lygis. Pridedamas \u012fkrovimo laidas.<\/p>\n<p>Supakuota \u012f eleganti\u0161k\u0105 d\u0117\u017eut\u0119. Masa\u017euoklis yra puiki dovana \u017emon\u0117ms, vertinantiems r\u016bpinim\u0105si savimi, ir gra\u017ei bei naudinga investicija sau \ud83d\ude42<\/p>\n<p>masa\u017euoklio prie\u017ei\u016br\u0105: nuvalykite \u0161luoste, neplaukite vandeniu.<\/p>\n<p>Masa\u017euoklio dydis: 9x8x3 cm<\/p>","protected":false},"excerpt":{"rendered":"<p>Mikrosrov\u0117s masa\u017euoklis (Gua Sha akmuo) yra eleganti\u0161kas ir funkcionalus prietaisas, skirtas salono gydymui namuose. Masa\u017euoklis naudojamas patinimui, limfodrena\u017eui, veido patempimui mal\u0161inti ir bendrai odos b\u016bklei pagerinti. Jis gali b\u016bti naudojamas ne tik ant veido, bet ir ant viso k\u016bno. \u0160io veido masa\u017euoklio savyb\u0117s: vibracijos funkcija &#8211; pagerina limfodrena\u017eo efekt\u0105 masa\u017eo metu; 3 \u0161ilumos lygiai &#8211; [&hellip;]<\/p>\n","protected":false},"featured_media":13567,"template":"","meta":{"_acf_changed":false},"pwb-brand":[],"product_brand":[],"product_cat":[15,38,255,264,261],"product_tag":[],"class_list":{"0":"post-13568","1":"product","2":"type-product","3":"status-publish","4":"has-post-thumbnail","6":"product_cat-kita-laisvalakio-apranga","7":"product_cat-moterims","8":"product_cat-namams","9":"product_cat-sensorines-ortopedines-priemones-vaiko-kambariui","10":"product_cat-vaiko-kambariui","12":"first","13":"instock","14":"shipping-taxable","15":"purchasable","16":"product-type-simple"},"supplier_id":null,"supplier_sku":"","barcode":null,"atum_controlled":true,"out_stock_date":null,"out_stock_threshold":null,"inheritable":false,"inbound_stock":null,"stock_on_hold":0,"sold_today":0,"sales_last_days":0,"reserved_stock":null,"customer_returns":null,"warehouse_damage":null,"lost_in_post":null,"other_logs":null,"out_stock_days":0,"lost_sales":0,"has_location":false,"update_date":"2026-04-28T03:13:25","atum_locations":[],"atum_stock_status":"instock","restock_status":false,"low_stock_amount":"","sales_update_date":"2026-04-28T03:13:25","calc_backorders":null,"acf":[],"brands":[],"_links":{"self":[{"href":"https:\/\/dekastar.lt\/lv\/wp-json\/wp\/v2\/product\/13568","targetHints":{"allow":["GET"]}}],"collection":[{"href":"https:\/\/dekastar.lt\/lv\/wp-json\/wp\/v2\/product"}],"about":[{"href":"https:\/\/dekastar.lt\/lv\/wp-json\/wp\/v2\/types\/product"}],"wp:featuredmedia":[{"embeddable":true,"href":"https:\/\/dekastar.lt\/lv\/wp-json\/wp\/v2\/media\/13567"}],"wp:attachment":[{"href":"https:\/\/dekastar.lt\/lv\/wp-json\/wp\/v2\/media?parent=13568"}],"wp:term":[{"taxonomy":"pwb-brand","embeddable":true,"href":"https:\/\/dekastar.lt\/lv\/wp-json\/wp\/v2\/pwb-brand?post=13568"},{"taxonomy":"product_brand","embeddable":true,"href":"https:\/\/dekastar.lt\/lv\/wp-json\/wp\/v2\/product_brand?post=13568"},{"taxonomy":"product_cat","embeddable":true,"href":"https:\/\/dekastar.lt\/lv\/wp-json\/wp\/v2\/product_cat?post=13568"},{"taxonomy":"product_tag","embeddable":true,"href":"https:\/\/dekastar.lt\/lv\/wp-json\/wp\/v2\/product_tag?post=13568"}],"curies":[{"name":"wp","href":"https:\/\/api.w.org\/{rel}","templated":true}]}}