{"id":13578,"date":"2026-04-14T09:31:00","date_gmt":"2026-04-14T09:31:00","guid":{"rendered":"https:\/\/dekastar.lt\/produktas\/masazine-pusiausvyros-pagalvele-d-33-cm\/"},"modified":"2026-04-19T08:06:38","modified_gmt":"2026-04-19T08:06:38","slug":"masazine-pusiausvyros-pagalvele-d-33-cm","status":"publish","type":"product","link":"https:\/\/dekastar.lt\/lv\/products\/masazine-pusiausvyros-pagalvele-d-33-cm\/","title":{"rendered":"Balansuojanti masa\u017eo pagalv\u0117l\u0117 D 33cm pripu\u010diama su pompa"},"content":{"rendered":"<p>&#8220;Balance Disc Cushion&#8221; skirta raumenims ir rai\u0161\u010diams stiprinti, k\u016bno koordinacijai lavinti.<\/p>\n<p>Taikymas:<br \/>\nPratimai, skirti treniruoti vestibuliarin\u012f aparat\u0105, padeda lavinti koordinacij\u0105: pvz., &#8211; ried\u0117jimas nuo koj\u0173 pir\u0161t\u0173 iki kulno, i\u0161 i\u0161or\u0117s \u012f p\u0117dos vid\u0173, sukamieji judesiai.<br \/>\nJ\u0117gos pratimai &#8211; prit\u016bpimai, atsispaudimai, &#8220;spaudimas&#8221; &#8211; \u0161ios pagalv\u0117s pagalba padidina j\u0173 efektyvum\u0105, papildomai \u012ftraukia raumenis, kurie palaiko k\u016bno pusiausvyr\u0105.<br \/>\nMasa\u017eas &#8211; smaigaliai ant i\u0161gaubto balansatoriaus pavir\u0161iaus punktualiai veikia k\u016bno pavir\u0161i\u0173, gerina kraujotak\u0105.<br \/>\nTikslas:<br \/>\npusiausvyros jausmo ugdymas, laikysenos gerinimas;<br \/>\nRaumen\u0173 stiprinimas;<br \/>\natpalaiduojantis p\u0117d\u0173 masa\u017eas;<br \/>\nPlok\u0161\u010diap\u0117dyst\u0117s, klubin\u0117s p\u0117dos, valgus p\u0117d\u0173 pad\u0117ties prevencija.<br \/>\nKontraindikacijos:<br \/>\natviros \u017eaizdos ar u\u017edegiminiai procesai ant odos.<br \/>\nMatmenys: 33&#215;9 cm<\/p>\n<p>Med\u017eiaga: didelio stiprumo guma<\/p>\n<p>Pagalv\u0117l\u0117 ventiliuojama. Siurblys \u012ftrauktas.<br \/>\nSpalva: atsitiktin\u0117<\/p>","protected":false},"excerpt":{"rendered":"<p>&#8220;Balance Disc Cushion&#8221; skirta raumenims ir rai\u0161\u010diams stiprinti, k\u016bno koordinacijai lavinti. Taikymas: Pratimai, skirti treniruoti vestibuliarin\u012f aparat\u0105, padeda lavinti koordinacij\u0105: pvz., &#8211; ried\u0117jimas nuo koj\u0173 pir\u0161t\u0173 iki kulno, i\u0161 i\u0161or\u0117s \u012f p\u0117dos vid\u0173, sukamieji judesiai. J\u0117gos pratimai &#8211; prit\u016bpimai, atsispaudimai, &#8220;spaudimas&#8221; &#8211; \u0161ios pagalv\u0117s pagalba padidina j\u0173 efektyvum\u0105, papildomai \u012ftraukia raumenis, kurie palaiko k\u016bno pusiausvyr\u0105. [&hellip;]<\/p>\n","protected":false},"featured_media":13577,"template":"","meta":{"_acf_changed":false},"pwb-brand":[],"product_brand":[],"product_cat":[255,15,64,38,264,261,263,39],"product_tag":[],"class_list":{"0":"post-13578","1":"product","2":"type-product","3":"status-publish","4":"has-post-thumbnail","6":"product_cat-namams","7":"product_cat-kita-laisvalakio-apranga","8":"product_cat-kita-apranga-vyrams","9":"product_cat-moterims","10":"product_cat-sensorines-ortopedines-priemones-vaiko-kambariui","11":"product_cat-vaiko-kambariui","12":"product_cat-vaiko-prieziurai","13":"product_cat-vyrams","15":"first","16":"instock","17":"shipping-taxable","18":"purchasable","19":"product-type-simple"},"supplier_id":null,"supplier_sku":"","barcode":null,"atum_controlled":true,"out_stock_date":null,"out_stock_threshold":null,"inheritable":false,"inbound_stock":null,"stock_on_hold":0,"sold_today":0,"sales_last_days":0,"reserved_stock":null,"customer_returns":null,"warehouse_damage":null,"lost_in_post":null,"other_logs":null,"out_stock_days":0,"lost_sales":0,"has_location":false,"update_date":"2026-04-28T03:13:25","atum_locations":[],"atum_stock_status":"instock","restock_status":false,"low_stock_amount":"","sales_update_date":"2026-04-28T03:13:25","calc_backorders":null,"acf":[],"brands":[],"_links":{"self":[{"href":"https:\/\/dekastar.lt\/lv\/wp-json\/wp\/v2\/product\/13578","targetHints":{"allow":["GET"]}}],"collection":[{"href":"https:\/\/dekastar.lt\/lv\/wp-json\/wp\/v2\/product"}],"about":[{"href":"https:\/\/dekastar.lt\/lv\/wp-json\/wp\/v2\/types\/product"}],"wp:featuredmedia":[{"embeddable":true,"href":"https:\/\/dekastar.lt\/lv\/wp-json\/wp\/v2\/media\/13577"}],"wp:attachment":[{"href":"https:\/\/dekastar.lt\/lv\/wp-json\/wp\/v2\/media?parent=13578"}],"wp:term":[{"taxonomy":"pwb-brand","embeddable":true,"href":"https:\/\/dekastar.lt\/lv\/wp-json\/wp\/v2\/pwb-brand?post=13578"},{"taxonomy":"product_brand","embeddable":true,"href":"https:\/\/dekastar.lt\/lv\/wp-json\/wp\/v2\/product_brand?post=13578"},{"taxonomy":"product_cat","embeddable":true,"href":"https:\/\/dekastar.lt\/lv\/wp-json\/wp\/v2\/product_cat?post=13578"},{"taxonomy":"product_tag","embeddable":true,"href":"https:\/\/dekastar.lt\/lv\/wp-json\/wp\/v2\/product_tag?post=13578"}],"curies":[{"name":"wp","href":"https:\/\/api.w.org\/{rel}","templated":true}]}}