{"id":13589,"date":"2026-04-14T09:31:07","date_gmt":"2026-04-14T09:31:07","guid":{"rendered":"https:\/\/dekastar.lt\/produktas\/masazinis-balansinis-kilimelis-kristolas\/"},"modified":"2026-04-19T08:06:38","modified_gmt":"2026-04-19T08:06:38","slug":"masazinis-balansinis-kilimelis-kristolas","status":"publish","type":"product","link":"https:\/\/dekastar.lt\/lv\/products\/masazinis-balansinis-kilimelis-kristolas\/","title":{"rendered":"Masa\u017einis balansinis pusiausvyros pusrutulis fitnesui ir gimnastikai \u00abCrystal\u00bb"},"content":{"rendered":"<p>Balansinis pusrutulis fitnesui ir gimnastikai, skirtas plok\u0161\u010diap\u0117dyst\u0117s ir kit\u0173 p\u0117d\u0173 deformacij\u0173 gydymui ir profilaktikai. Taip pat mank\u0161tai, treniruot\u0117ms, fitnesui.<\/p>\n<p>Matmenys: Skersmuo: 16 cm, Auk\u0161tis: 9 cm.<\/p>\n<p>Kaina u\u017e 1 vnt.<\/p>\n<p>Galimos skirtingos spalvos.<\/p>\n<p>Pusiausvyros pusrutulis turi tekst\u016bruot\u0105 trikamp\u012f pavir\u0161i\u0173. Poveikis p\u0117d\u0173 ir rank\u0173 refleksin\u0117ms zonoms sukelia ta\u0161kin\u012f masa\u017e\u0105.<\/p>\n<p>\u0160is sporto treniruoklis gerina kraujotak\u0105, lavina vestibuliarin\u0119 sistem\u0105, stiprina raumenis ir gerina viso stuburo b\u016bkl\u0119. Jis turi bendr\u0105 sveikat\u0105 stiprinant\u012f poveik\u012f.<\/p>\n<p>Taikymas:<br \/>\nPlok\u0161\u010diap\u0117dyst\u0117s, plok\u0161\u010diap\u0117dyst\u0117s ir kit\u0173 p\u0117d\u0173 deformacij\u0173 gydymas ir profilaktika;<br \/>\npramogin\u0117 ir gydomoji gimnastika;<br \/>\nraumen\u0173 treniruot\u0117s, judesi\u0173 koordinacijos lavinimas;<br \/>\nApatini\u0173 gal\u016bni\u0173 kraujotakos normalizavimas.<br \/>\nMed\u017eiaga: atspari dilimui, didelio stiprumo gumin\u0117 med\u017eiaga.<\/p>\n<p>Gamybos \u0161alis: Kinija.<\/p>","protected":false},"excerpt":{"rendered":"<p>Balansinis pusrutulis fitnesui ir gimnastikai, skirtas plok\u0161\u010diap\u0117dyst\u0117s ir kit\u0173 p\u0117d\u0173 deformacij\u0173 gydymui ir profilaktikai. Taip pat mank\u0161tai, treniruot\u0117ms, fitnesui. Matmenys: Skersmuo: 16 cm, Auk\u0161tis: 9 cm. Kaina u\u017e 1 vnt. Galimos skirtingos spalvos. Pusiausvyros pusrutulis turi tekst\u016bruot\u0105 trikamp\u012f pavir\u0161i\u0173. Poveikis p\u0117d\u0173 ir rank\u0173 refleksin\u0117ms zonoms sukelia ta\u0161kin\u012f masa\u017e\u0105. \u0160is sporto treniruoklis gerina kraujotak\u0105, lavina vestibuliarin\u0119 [&hellip;]<\/p>\n","protected":false},"featured_media":13588,"template":"","meta":{"_acf_changed":false},"pwb-brand":[],"product_brand":[],"product_cat":[255,264,261],"product_tag":[],"class_list":{"0":"post-13589","1":"product","2":"type-product","3":"status-publish","4":"has-post-thumbnail","6":"product_cat-namams","7":"product_cat-sensorines-ortopedines-priemones-vaiko-kambariui","8":"product_cat-vaiko-kambariui","10":"first","11":"instock","12":"shipping-taxable","13":"purchasable","14":"product-type-simple"},"supplier_id":null,"supplier_sku":"","barcode":null,"atum_controlled":true,"out_stock_date":null,"out_stock_threshold":null,"inheritable":false,"inbound_stock":null,"stock_on_hold":0,"sold_today":0,"sales_last_days":0,"reserved_stock":null,"customer_returns":null,"warehouse_damage":null,"lost_in_post":null,"other_logs":null,"out_stock_days":0,"lost_sales":0,"has_location":false,"update_date":"2026-04-28T03:13:25","atum_locations":[],"atum_stock_status":"instock","restock_status":false,"low_stock_amount":"","sales_update_date":"2026-04-28T03:13:25","calc_backorders":null,"acf":[],"brands":[],"_links":{"self":[{"href":"https:\/\/dekastar.lt\/lv\/wp-json\/wp\/v2\/product\/13589","targetHints":{"allow":["GET"]}}],"collection":[{"href":"https:\/\/dekastar.lt\/lv\/wp-json\/wp\/v2\/product"}],"about":[{"href":"https:\/\/dekastar.lt\/lv\/wp-json\/wp\/v2\/types\/product"}],"wp:featuredmedia":[{"embeddable":true,"href":"https:\/\/dekastar.lt\/lv\/wp-json\/wp\/v2\/media\/13588"}],"wp:attachment":[{"href":"https:\/\/dekastar.lt\/lv\/wp-json\/wp\/v2\/media?parent=13589"}],"wp:term":[{"taxonomy":"pwb-brand","embeddable":true,"href":"https:\/\/dekastar.lt\/lv\/wp-json\/wp\/v2\/pwb-brand?post=13589"},{"taxonomy":"product_brand","embeddable":true,"href":"https:\/\/dekastar.lt\/lv\/wp-json\/wp\/v2\/product_brand?post=13589"},{"taxonomy":"product_cat","embeddable":true,"href":"https:\/\/dekastar.lt\/lv\/wp-json\/wp\/v2\/product_cat?post=13589"},{"taxonomy":"product_tag","embeddable":true,"href":"https:\/\/dekastar.lt\/lv\/wp-json\/wp\/v2\/product_tag?post=13589"}],"curies":[{"name":"wp","href":"https:\/\/api.w.org\/{rel}","templated":true}]}}