{"id":13606,"date":"2026-04-14T09:31:24","date_gmt":"2026-04-14T09:31:24","guid":{"rendered":"https:\/\/dekastar.lt\/produktas\/masazinis-kilimelis-puzzle-triangle-waves-1-elementas\/"},"modified":"2026-04-19T08:06:38","modified_gmt":"2026-04-19T08:06:38","slug":"masazinis-kilimelis-puzzle-triangle-waves-1-elementas","status":"publish","type":"product","link":"https:\/\/dekastar.lt\/lv\/products\/masazinis-kilimelis-puzzle-triangle-waves-1-elementas\/","title":{"rendered":"Masa\u017einis kilim\u0117lis \u201eTrikampio bang\u0173 d\u0117lion\u0117\u201c 1 elementas"},"content":{"rendered":"<p>Masa\u017eo kilim\u0117lis susideda i\u0161 1 elemento. Dydis: 23&#215;19 cm. Jis gali b\u016bti prijungtas prie vis\u0173 Ortek galvos\u016bki\u0173.<\/p>\n<p>Tai besisukantis galvos\u016bkis, leid\u017eiantis i\u0161 \u012fprast\u0173 kvadratini\u0173 galvos\u016bki\u0173 sukurti banguotus takus, apskritimus ir ra\u0161tus. Tai leis jums sukurti takus aplink baldus ir kampus, sutaupyti vietos kambaryje ir, svarbiausia, paskatinti vaik\u0173 vaizduot\u0119 ir susidom\u0117jim\u0105 veikla ant kilim\u0117li\u0173.<\/p>\n<p>Taip pat yra d\u0117lion\u0117s trikampis gyvat\u0117.<\/p>\n<p>Med\u017eiaga: PVC (saugus, be kenksming\u0173 priemai\u0161\u0173, hipoalergi\u0161kas)<\/p>\n<p>Kod\u0117l jums reikia ortopedinio masa\u017eo kilim\u0117lio:<br \/>\nmasa\u017eams, treniruot\u0117ms ir p\u0117d\u0173 stiprinimui;<br \/>\nplok\u0161\u010diap\u0117dyst\u0117s ir kit\u0173 p\u0117d\u0173 deformacij\u0173 (valgus ir varus) profilaktikai;<br \/>\njutiminio suvokimo ugdymui ir harmoningo aplinkos suvokimo formavimui m\u016bs\u0173 vaikams;<br \/>\nKilim\u0117liai puikiai tinka nuovargio jausmui mal\u0161inti esant ilgai trunkan\u010diai statinei apkrovai ir pad\u0117ti p\u0117d\u0173 patinimui bei sunkumo jausmui.<br \/>\nTaikymas:<br \/>\nplok\u0161\u010diap\u0117dyst\u0117s, klubin\u0117s, valgus ir kit\u0173 deformacij\u0173 prevencija;<br \/>\nven\u0173 varikoz\u0117s, osteoartrito ir artrito prevencija;<br \/>\nKoj\u0173 nuovargio palengvinimas.<\/p>\n<p>Pratim\u0173 serija:<br \/>\nVaik\u0161\u010diojimas pirmyn ir atgal ant kilim\u0117lio (7-9 pakartojimai).<br \/>\nPradin\u0117 pad\u0117tis yra stovint, tada pir\u0161tas auk\u0161tyn (7-9 pakartojimai).<br \/>\nPradin\u0117 pad\u0117tis yra stovimoje pad\u0117tyje, vytimas nuo kulno iki koj\u0173 pir\u0161t\u0173 (7-9 pakartojimai).<br \/>\nKry\u017eminis \u017eingsnis ant kilim\u0117lio (7-9 pakartojimai).<br \/>\nVaik\u0161\u010diojimas p\u0117dos vidine dalimi (7-9 pakartojimai).<br \/>\nVaik\u0161\u010diojimas p\u0117dos i\u0161or\u0117je (7-9 pakartojimai).<br \/>\nPir\u0161t\u0173 \u0117jimas (30-60 sekund\u017ei\u0173).<br \/>\nPradin\u0117 pad\u0117tis yra stovimoje pad\u0117tyje, prit\u016bpkite su atrama ant visos p\u0117dos, nenupl\u0117\u0161dami visos p\u0117dos nuo kilim\u0117lio (7-9 pakartojimai).<br \/>\nPradin\u0117 pad\u0117tis yra stovint, balansuojant ant vienos kojos (7-9 pakartojimai).<br \/>\n\u0160okin\u0117jimas nuo vieno galvos\u016bkio prie kito (7-9 pakartojimai).<br \/>\nPradin\u0117 pad\u0117tis yra stov\u0117jimas ant vienos kojos, \u0161okin\u0117jimas ant kitos kojos, pakaitomis (6-8 pakartojimai).<br \/>\nPradin\u0117 pad\u0117tis yra pusiau s\u0117dima, vaik\u0161\u010diokite ant kilim\u0117lio (6-8 pakartojimai).<br \/>\n\u010cia yra visa pamoka apie &#8220;Ortek&#8221; masa\u017eo kilim\u0117l\u012f. Vaikas daro galvos\u016bkius, \u012fjunkite vaizdo \u012fra\u0161\u0105 &#8211; vaikas u\u017esi\u0117m\u0119s!<\/p>\n<p>B\u016btina mokytis 3-5 kartus per savait\u0119. Po m\u0117nesio treniruo\u010di\u0173 pasteb\u0117site savo vaiko treniruo\u010di\u0173 rezultat\u0105. Tik\u0117tina, kad raumenys sustipr\u0117s, o eisena saugesn\u0117.<\/p>\n<p>Kontraindikacijos:<br \/>\nodos su\u017ealojimai p\u0117dos pavir\u0161iuje;<br \/>\ndiabetin\u0117s p\u0117dos sindromas;<br \/>\ntrofiniai p\u0117dos poky\u010diai, \u012fskaitant trofines opas;<br \/>\nKulk\u0161nies nestabilumas, p\u016blingos ir u\u017edegimin\u0117s odos ligos.<br \/>\nMasa\u017eo kilim\u0117lis pagamintas i\u0161 higieni\u0161kos, hipoalergin\u0117s PVC pagrindu pagamintos med\u017eiagos.<\/p>\n<p>Kilim\u0117lis taip pat yra 4, 6, 8, 10, 14, 16 ir 18 element\u0173.<\/p>","protected":false},"excerpt":{"rendered":"<p>Masa\u017eo kilim\u0117lis susideda i\u0161 1 elemento. Dydis: 23&#215;19 cm. Jis gali b\u016bti prijungtas prie vis\u0173 Ortek galvos\u016bki\u0173. Tai besisukantis galvos\u016bkis, leid\u017eiantis i\u0161 \u012fprast\u0173 kvadratini\u0173 galvos\u016bki\u0173 sukurti banguotus takus, apskritimus ir ra\u0161tus. Tai leis jums sukurti takus aplink baldus ir kampus, sutaupyti vietos kambaryje ir, svarbiausia, paskatinti vaik\u0173 vaizduot\u0119 ir susidom\u0117jim\u0105 veikla ant kilim\u0117li\u0173. Taip pat [&hellip;]<\/p>\n","protected":false},"featured_media":13605,"template":"","meta":{"_acf_changed":false},"pwb-brand":[],"product_brand":[],"product_cat":[255,264,261],"product_tag":[],"class_list":{"0":"post-13606","1":"product","2":"type-product","3":"status-publish","4":"has-post-thumbnail","6":"product_cat-namams","7":"product_cat-sensorines-ortopedines-priemones-vaiko-kambariui","8":"product_cat-vaiko-kambariui","10":"first","11":"instock","12":"shipping-taxable","13":"purchasable","14":"product-type-simple"},"supplier_id":null,"supplier_sku":"","barcode":null,"atum_controlled":true,"out_stock_date":null,"out_stock_threshold":null,"inheritable":false,"inbound_stock":null,"stock_on_hold":0,"sold_today":0,"sales_last_days":0,"reserved_stock":null,"customer_returns":null,"warehouse_damage":null,"lost_in_post":null,"other_logs":null,"out_stock_days":0,"lost_sales":0,"has_location":false,"update_date":"2026-04-28T03:13:25","atum_locations":[],"atum_stock_status":"instock","restock_status":false,"low_stock_amount":"","sales_update_date":"2026-04-28T03:13:25","calc_backorders":null,"acf":[],"brands":[],"_links":{"self":[{"href":"https:\/\/dekastar.lt\/lv\/wp-json\/wp\/v2\/product\/13606","targetHints":{"allow":["GET"]}}],"collection":[{"href":"https:\/\/dekastar.lt\/lv\/wp-json\/wp\/v2\/product"}],"about":[{"href":"https:\/\/dekastar.lt\/lv\/wp-json\/wp\/v2\/types\/product"}],"wp:featuredmedia":[{"embeddable":true,"href":"https:\/\/dekastar.lt\/lv\/wp-json\/wp\/v2\/media\/13605"}],"wp:attachment":[{"href":"https:\/\/dekastar.lt\/lv\/wp-json\/wp\/v2\/media?parent=13606"}],"wp:term":[{"taxonomy":"pwb-brand","embeddable":true,"href":"https:\/\/dekastar.lt\/lv\/wp-json\/wp\/v2\/pwb-brand?post=13606"},{"taxonomy":"product_brand","embeddable":true,"href":"https:\/\/dekastar.lt\/lv\/wp-json\/wp\/v2\/product_brand?post=13606"},{"taxonomy":"product_cat","embeddable":true,"href":"https:\/\/dekastar.lt\/lv\/wp-json\/wp\/v2\/product_cat?post=13606"},{"taxonomy":"product_tag","embeddable":true,"href":"https:\/\/dekastar.lt\/lv\/wp-json\/wp\/v2\/product_tag?post=13606"}],"curies":[{"name":"wp","href":"https:\/\/api.w.org\/{rel}","templated":true}]}}