{"id":13624,"date":"2026-04-14T09:31:40","date_gmt":"2026-04-14T09:31:40","guid":{"rendered":"https:\/\/dekastar.lt\/produktas\/silikono-pirstu-ir-delnu-stipriklis\/"},"modified":"2026-04-19T08:05:54","modified_gmt":"2026-04-19T08:05:54","slug":"silikono-pirstu-ir-delnu-stipriklis","status":"publish","type":"product","link":"https:\/\/dekastar.lt\/lv\/products\/silikono-pirstu-ir-delnu-stipriklis\/","title":{"rendered":"Silikono pir\u0161t\u0173 ir deln\u0173 treniruoklis"},"content":{"rendered":"<p>Taikymas labai paprastas: \u012fki\u0161kite vienos rankos pir\u0161tus \u012f skylutes, i\u0161spauskite silikonin\u012f rutul\u012f ir atleiskite rank\u0105, kad \u012fveiktum\u0117te pasiprie\u0161inim\u0105. Pl\u0117stuv\u0105 taip pat galima i\u0161tempti abiem rankomis. Tokiu b\u016bdu treniruojamos skirtingos raumen\u0173 grup\u0117s.<\/p>\n<p>Taikymas:<\/p>\n<p>Rank\u0173 motorikos atstatymas po traumos ar insulto;<br \/>\nSmulkiosios motorikos lavinimas;<br \/>\nSukibimo j\u0117gos treniruot\u0117s;<br \/>\ntunelio sindromui gydyti.<br \/>\nMed\u017eiaga: odai nekenksmingas silikonas.<\/p>\n<p>Kontraindikacijos:<\/p>\n<p>Atviros \u017eaizdos ar u\u017edegiminiai procesai ant odos;<br \/>\nEsant tam tikroms ligoms, prie\u0161 vartojim\u0105 reikia pasitarti su gydytoju.<\/p>","protected":false},"excerpt":{"rendered":"<p>Taikymas labai paprastas: \u012fki\u0161kite vienos rankos pir\u0161tus \u012f skylutes, i\u0161spauskite silikonin\u012f rutul\u012f ir atleiskite rank\u0105, kad \u012fveiktum\u0117te pasiprie\u0161inim\u0105. Pl\u0117stuv\u0105 taip pat galima i\u0161tempti abiem rankomis. Tokiu b\u016bdu treniruojamos skirtingos raumen\u0173 grup\u0117s. Taikymas: Rank\u0173 motorikos atstatymas po traumos ar insulto; Smulkiosios motorikos lavinimas; Sukibimo j\u0117gos treniruot\u0117s; tunelio sindromui gydyti. Med\u017eiaga: odai nekenksmingas silikonas. Kontraindikacijos: Atviros \u017eaizdos [&hellip;]<\/p>\n","protected":false},"featured_media":13623,"template":"","meta":{"_acf_changed":false},"pwb-brand":[],"product_brand":[],"product_cat":[255,264,261,263],"product_tag":[],"class_list":{"0":"post-13624","1":"product","2":"type-product","3":"status-publish","4":"has-post-thumbnail","6":"product_cat-namams","7":"product_cat-sensorines-ortopedines-priemones-vaiko-kambariui","8":"product_cat-vaiko-kambariui","9":"product_cat-vaiko-prieziurai","11":"first","12":"instock","13":"shipping-taxable","14":"purchasable","15":"product-type-simple"},"supplier_id":null,"supplier_sku":"","barcode":null,"atum_controlled":true,"out_stock_date":null,"out_stock_threshold":null,"inheritable":false,"inbound_stock":null,"stock_on_hold":0,"sold_today":0,"sales_last_days":0,"reserved_stock":null,"customer_returns":null,"warehouse_damage":null,"lost_in_post":null,"other_logs":null,"out_stock_days":0,"lost_sales":0,"has_location":false,"update_date":"2026-04-23T00:38:37","atum_locations":[],"atum_stock_status":"instock","restock_status":false,"low_stock_amount":"","sales_update_date":"2026-04-23T00:38:37","calc_backorders":null,"acf":[],"brands":[],"_links":{"self":[{"href":"https:\/\/dekastar.lt\/lv\/wp-json\/wp\/v2\/product\/13624","targetHints":{"allow":["GET"]}}],"collection":[{"href":"https:\/\/dekastar.lt\/lv\/wp-json\/wp\/v2\/product"}],"about":[{"href":"https:\/\/dekastar.lt\/lv\/wp-json\/wp\/v2\/types\/product"}],"wp:featuredmedia":[{"embeddable":true,"href":"https:\/\/dekastar.lt\/lv\/wp-json\/wp\/v2\/media\/13623"}],"wp:attachment":[{"href":"https:\/\/dekastar.lt\/lv\/wp-json\/wp\/v2\/media?parent=13624"}],"wp:term":[{"taxonomy":"pwb-brand","embeddable":true,"href":"https:\/\/dekastar.lt\/lv\/wp-json\/wp\/v2\/pwb-brand?post=13624"},{"taxonomy":"product_brand","embeddable":true,"href":"https:\/\/dekastar.lt\/lv\/wp-json\/wp\/v2\/product_brand?post=13624"},{"taxonomy":"product_cat","embeddable":true,"href":"https:\/\/dekastar.lt\/lv\/wp-json\/wp\/v2\/product_cat?post=13624"},{"taxonomy":"product_tag","embeddable":true,"href":"https:\/\/dekastar.lt\/lv\/wp-json\/wp\/v2\/product_tag?post=13624"}],"curies":[{"name":"wp","href":"https:\/\/api.w.org\/{rel}","templated":true}]}}