{"id":13635,"date":"2026-04-14T09:31:53","date_gmt":"2026-04-14T09:31:53","guid":{"rendered":"https:\/\/dekastar.lt\/produktas\/masazinis-kilimelis-puzzle-mix-pastel-10-elementu\/"},"modified":"2026-04-19T08:05:53","modified_gmt":"2026-04-19T08:05:53","slug":"masazinis-kilimelis-puzzle-mix-pastel-10-elementu","status":"publish","type":"product","link":"https:\/\/dekastar.lt\/lv\/products\/masazinis-kilimelis-puzzle-mix-pastel-10-elementu\/","title":{"rendered":"Masa\u017einis kilim\u0117lis \u201ePuzzle Mix Pastel\u201c 10 element\u0173"},"content":{"rendered":"<p>Subtilios pastelin\u0117s spalvos puikiai dera su dekoru, kilim\u0117lis atrodo esteti\u0161kai ir rafinuotai.<\/p>\n<p>Masa\u017eo kilim\u0117lis susideda i\u0161 10 galvos\u016bki\u0173 ir yra pagamintas i\u0161 higieni\u0161kos, hipoalergin\u0117s PVC pagrindo med\u017eiagos.<\/p>\n<p>Moduli\u0173 dydis: 26*26 cm.<\/p>\n<p>K\u0105 gali padaryti ortopedinis konstrukcinis kilim\u0117lis:<br \/>\nskatinti teising\u0105 vaik\u0173 p\u0117d\u0173 form\u0105;<br \/>\npagerinti raumen\u0173 \u012ftamp\u0105 stiprinant i\u0161ilgines ir skersines p\u0117dos arkas;<br \/>\npagerinti kraujotak\u0105;<br \/>\nSuma\u017einkite \u012ftamp\u0105 kojose, veikdami nerv\u0173 gal\u016bnes.<br \/>\nTaikymas:<br \/>\nplok\u0161\u010diap\u0117dyst\u0117s, klubini\u0173 p\u0117d\u0173, p\u0117d\u0173 valgus pad\u0117ties ir kit\u0173 deformacij\u0173 prevencija;<br \/>\nven\u0173 varikoz\u0117s, osteoartrito ir artrito prevencija;<br \/>\nPalengv\u0117jimas pavargusioms kojoms.<\/p>\n<p>Pratim\u0173 serija:<br \/>\nVaik\u0161\u010diojimas pirmyn ir atgal ant kilim\u0117lio (7-9 pakartojimai).<br \/>\nPradin\u0117 pad\u0117tis yra stovint, tada pir\u0161tas auk\u0161tyn (7-9 pakartojimai).<br \/>\nPradin\u0117 pad\u0117tis yra stovimoje pad\u0117tyje, vytimas nuo kulno iki koj\u0173 pir\u0161t\u0173 (7-9 pakartojimai).<br \/>\nKry\u017eminis \u017eingsnis ant kilim\u0117lio (7-9 pakartojimai).<br \/>\nVaik\u0161\u010diojimas p\u0117dos vidine dalimi (7-9 pakartojimai).<br \/>\nVaik\u0161\u010diojimas p\u0117dos i\u0161or\u0117je (7-9 pakartojimai).<br \/>\nPir\u0161t\u0173 \u0117jimas (30-60 sekund\u017ei\u0173).<br \/>\nPradin\u0117 pad\u0117tis yra stovimoje pad\u0117tyje, prit\u016bpkite su atrama ant visos p\u0117dos, nenupl\u0117\u0161dami visos p\u0117dos nuo kilim\u0117lio (7-9 pakartojimai).<br \/>\nPradin\u0117 pad\u0117tis yra stovint, balansuojant ant vienos kojos (7-9 pakartojimai).<br \/>\n\u0160okin\u0117jimas nuo vieno galvos\u016bkio prie kito (7-9 pakartojimai).<br \/>\nPradin\u0117 pad\u0117tis yra stov\u0117jimas ant vienos kojos, \u0161okin\u0117jimas ant kitos kojos, pakaitomis (6-8 pakartojimai).<br \/>\nPradin\u0117 pad\u0117tis yra pusiau s\u0117dimas, vaik\u0161\u010diojimas ant kilim\u0117lio (6-8 pakartojimai).<\/p>\n<p>\u010cia yra visas pratimas su Ortek masa\u017eo kilim\u0117liu. Vaikas daro galvos\u016bkius, \u012fjunkite vaizdo \u012fra\u0161\u0105 &#8211; vaikas u\u017esi\u0117m\u0119s!<\/p>\n<p>B\u016btina treniruotis 3-5 kartus per savait\u0119. Po m\u0117nesio treniruo\u010di\u0173 pasteb\u0117site savo vaiko treniruo\u010di\u0173 rezultat\u0105. Tik\u0117tina, kad raumenys sustipr\u0117s, o eisena taps saugesn\u0117.<\/p>\n<p>Visi galvos\u016bkiai pagaminti i\u0161 tos pa\u010dios med\u017eiagos &#8211; saugaus, hipoalerginio PVC be kenksming\u0173 ter\u0161al\u0173. Ta\u010diau d\u0117l skirting\u0173 tekst\u016br\u0173 jie jau\u010diasi kitaip. \u017dol\u0117, kriaukl\u0117s, akmenukai, grybai yra vieni mink\u0161tesni\u0173 galvos\u016bki\u0173. Bok\u0161tai, e\u017eiukai, j\u016bra, gil\u0117s yra vidutinio sunkumo. Piramid\u0117, smaigaliai, lotosas, k\u016bgiai yra vieni i\u0161 sunkesni\u0173 galvos\u016bki\u0173. S\u0105lytis su skirtingo kietumo pavir\u0161iais turi geriausi\u0105 poveik\u012f masa\u017eui, p\u0117d\u0173 treniruot\u0117ms ir sensorinei integracijai.<br \/>\nKontraindikacijos:<br \/>\nAtviros \u017eaizdos ar u\u017edegiminiai procesai ant p\u0117dos odos;<br \/>\ndiabetin\u0117s p\u0117dos sindromas.<br \/>\nKilim\u0117lis taip pat yra 6, 8 ir 12 element\u0173.<\/p>\n<p>\u012eranga ir spalvos gali skirtis nuo vaizd\u0173 svetain\u0117je.<\/p>","protected":false},"excerpt":{"rendered":"<p>Subtilios pastelin\u0117s spalvos puikiai dera su dekoru, kilim\u0117lis atrodo esteti\u0161kai ir rafinuotai. Masa\u017eo kilim\u0117lis susideda i\u0161 10 galvos\u016bki\u0173 ir yra pagamintas i\u0161 higieni\u0161kos, hipoalergin\u0117s PVC pagrindo med\u017eiagos. Moduli\u0173 dydis: 26*26 cm. K\u0105 gali padaryti ortopedinis konstrukcinis kilim\u0117lis: skatinti teising\u0105 vaik\u0173 p\u0117d\u0173 form\u0105; pagerinti raumen\u0173 \u012ftamp\u0105 stiprinant i\u0161ilgines ir skersines p\u0117dos arkas; pagerinti kraujotak\u0105; Suma\u017einkite \u012ftamp\u0105 [&hellip;]<\/p>\n","protected":false},"featured_media":13634,"template":"","meta":{"_acf_changed":false},"pwb-brand":[],"product_brand":[],"product_cat":[255,264,261],"product_tag":[],"class_list":{"0":"post-13635","1":"product","2":"type-product","3":"status-publish","4":"has-post-thumbnail","6":"product_cat-namams","7":"product_cat-sensorines-ortopedines-priemones-vaiko-kambariui","8":"product_cat-vaiko-kambariui","10":"first","11":"instock","12":"shipping-taxable","13":"purchasable","14":"product-type-simple"},"supplier_id":null,"supplier_sku":"","barcode":null,"atum_controlled":true,"out_stock_date":null,"out_stock_threshold":null,"inheritable":false,"inbound_stock":null,"stock_on_hold":0,"sold_today":0,"sales_last_days":0,"reserved_stock":null,"customer_returns":null,"warehouse_damage":null,"lost_in_post":null,"other_logs":null,"out_stock_days":0,"lost_sales":0,"has_location":false,"update_date":"2026-04-28T03:13:23","atum_locations":[],"atum_stock_status":"instock","restock_status":false,"low_stock_amount":"","sales_update_date":"2026-04-28T03:13:23","calc_backorders":null,"acf":[],"brands":[],"_links":{"self":[{"href":"https:\/\/dekastar.lt\/lv\/wp-json\/wp\/v2\/product\/13635","targetHints":{"allow":["GET"]}}],"collection":[{"href":"https:\/\/dekastar.lt\/lv\/wp-json\/wp\/v2\/product"}],"about":[{"href":"https:\/\/dekastar.lt\/lv\/wp-json\/wp\/v2\/types\/product"}],"wp:featuredmedia":[{"embeddable":true,"href":"https:\/\/dekastar.lt\/lv\/wp-json\/wp\/v2\/media\/13634"}],"wp:attachment":[{"href":"https:\/\/dekastar.lt\/lv\/wp-json\/wp\/v2\/media?parent=13635"}],"wp:term":[{"taxonomy":"pwb-brand","embeddable":true,"href":"https:\/\/dekastar.lt\/lv\/wp-json\/wp\/v2\/pwb-brand?post=13635"},{"taxonomy":"product_brand","embeddable":true,"href":"https:\/\/dekastar.lt\/lv\/wp-json\/wp\/v2\/product_brand?post=13635"},{"taxonomy":"product_cat","embeddable":true,"href":"https:\/\/dekastar.lt\/lv\/wp-json\/wp\/v2\/product_cat?post=13635"},{"taxonomy":"product_tag","embeddable":true,"href":"https:\/\/dekastar.lt\/lv\/wp-json\/wp\/v2\/product_tag?post=13635"}],"curies":[{"name":"wp","href":"https:\/\/api.w.org\/{rel}","templated":true}]}}