{"id":13716,"date":"2026-04-14T09:32:41","date_gmt":"2026-04-14T09:32:41","guid":{"rendered":"https:\/\/dekastar.lt\/produktas\/masazinis-reabilitacinis-kilimelis-ortek-mix-10-elementu-kietas\/"},"modified":"2026-04-19T08:05:52","modified_gmt":"2026-04-19T08:05:52","slug":"masazinis-reabilitacinis-kilimelis-ortek-mix-10-elementu-kietas","status":"publish","type":"product","link":"https:\/\/dekastar.lt\/lv\/products\/masazinis-reabilitacinis-kilimelis-ortek-mix-10-elementu-kietas\/","title":{"rendered":"Masa\u017einis reabilitacinis kilim\u0117lis \u201eOrtek Mix- 10 element\u0173, kietas"},"content":{"rendered":"<p>\u0160\u012f rinkin\u012f sudar\u0117 ir i\u0161band\u0117 Odrex klinikos reabilitacijos skyriaus specialistai. Kilim\u0117lis skirtas atsigauti po traum\u0173, lig\u0173, raumen\u0173 ir kaul\u0173 sistemos sutrikim\u0173, treniruoti p\u0117d\u0173 raumenis ir fascijas.<\/p>\n<p>A\u0161tresn\u0117s tekst\u016bros ir kietesnio pavir\u0161iaus elementai suteikia intensyv\u0173 masa\u017eo efekt\u0105, kuris stimuliuoja raumenis, gerina kraujotak\u0105 ir ma\u017eina \u012ftamp\u0105.<\/p>\n<p>Masa\u017eo kilim\u0117l\u012f sudaro 10 d\u0117lioni\u0173, pagamint\u0173 i\u0161 higieni\u0161kos, hipoalergin\u0117s PVC pagrindu pagamintos med\u017eiagos.<\/p>\n<p>D\u0117lion\u0117s dydis: 26*26 cm<\/p>\n<p>Funkcijas:<br \/>\nEfektyvi p\u0117d\u0173 raumen\u0173 stimuliacija.<br \/>\nGerina kraujotak\u0105 ir atkuria jautrum\u0105.<br \/>\nKompakti\u0161kas ir paprastas naudoti reabilitacijos centruose ar namuose.<br \/>\nGalimyb\u0117 derinti elementus maksimaliam efektui.<\/p>\n<p>Taikymas:<br \/>\nreabilitacija po traum\u0173, raumen\u0173 ir kaul\u0173 sistemos lig\u0173;<br \/>\nplok\u0161\u010diap\u0117dyst\u0117s, klubin\u0117s, valgus ir varus deformacij\u0173 prevencija;<br \/>\nven\u0173 varikoz\u0117s, osteoartrito ir artrito prevencija;<br \/>\nKoj\u0173 nuovargio po\u017eymi\u0173 mal\u0161inimas.<br \/>\nKontraindikacijos:<br \/>\natviros \u017eaizdos ar u\u017edegiminiai procesai ant p\u0117dos odos;<br \/>\ndiabetin\u0117s p\u0117dos sindromas;<br \/>\nTaip pat galima \u012fsigyti su 20 element\u0173 kilim\u0117liu.<br \/>\nNustatytas turinys ir spalvos gali skirtis nuo svetain\u0117je esan\u010di\u0173 vaizd\u0173.<\/p>","protected":false},"excerpt":{"rendered":"<p>\u0160\u012f rinkin\u012f sudar\u0117 ir i\u0161band\u0117 Odrex klinikos reabilitacijos skyriaus specialistai. Kilim\u0117lis skirtas atsigauti po traum\u0173, lig\u0173, raumen\u0173 ir kaul\u0173 sistemos sutrikim\u0173, treniruoti p\u0117d\u0173 raumenis ir fascijas. A\u0161tresn\u0117s tekst\u016bros ir kietesnio pavir\u0161iaus elementai suteikia intensyv\u0173 masa\u017eo efekt\u0105, kuris stimuliuoja raumenis, gerina kraujotak\u0105 ir ma\u017eina \u012ftamp\u0105. Masa\u017eo kilim\u0117l\u012f sudaro 10 d\u0117lioni\u0173, pagamint\u0173 i\u0161 higieni\u0161kos, hipoalergin\u0117s PVC pagrindu [&hellip;]<\/p>\n","protected":false},"featured_media":13715,"template":"","meta":{"_acf_changed":false},"pwb-brand":[],"product_brand":[],"product_cat":[255,264,261],"product_tag":[],"class_list":{"0":"post-13716","1":"product","2":"type-product","3":"status-publish","4":"has-post-thumbnail","6":"product_cat-namams","7":"product_cat-sensorines-ortopedines-priemones-vaiko-kambariui","8":"product_cat-vaiko-kambariui","10":"first","11":"instock","12":"shipping-taxable","13":"purchasable","14":"product-type-simple"},"supplier_id":null,"supplier_sku":"","barcode":null,"atum_controlled":true,"out_stock_date":null,"out_stock_threshold":null,"inheritable":false,"inbound_stock":null,"stock_on_hold":0,"sold_today":0,"sales_last_days":0,"reserved_stock":null,"customer_returns":null,"warehouse_damage":null,"lost_in_post":null,"other_logs":null,"out_stock_days":0,"lost_sales":0,"has_location":false,"update_date":"2026-04-28T03:13:24","atum_locations":[],"atum_stock_status":"instock","restock_status":false,"low_stock_amount":"","sales_update_date":"2026-04-28T03:13:24","calc_backorders":null,"acf":[],"brands":[],"_links":{"self":[{"href":"https:\/\/dekastar.lt\/lv\/wp-json\/wp\/v2\/product\/13716","targetHints":{"allow":["GET"]}}],"collection":[{"href":"https:\/\/dekastar.lt\/lv\/wp-json\/wp\/v2\/product"}],"about":[{"href":"https:\/\/dekastar.lt\/lv\/wp-json\/wp\/v2\/types\/product"}],"wp:featuredmedia":[{"embeddable":true,"href":"https:\/\/dekastar.lt\/lv\/wp-json\/wp\/v2\/media\/13715"}],"wp:attachment":[{"href":"https:\/\/dekastar.lt\/lv\/wp-json\/wp\/v2\/media?parent=13716"}],"wp:term":[{"taxonomy":"pwb-brand","embeddable":true,"href":"https:\/\/dekastar.lt\/lv\/wp-json\/wp\/v2\/pwb-brand?post=13716"},{"taxonomy":"product_brand","embeddable":true,"href":"https:\/\/dekastar.lt\/lv\/wp-json\/wp\/v2\/product_brand?post=13716"},{"taxonomy":"product_cat","embeddable":true,"href":"https:\/\/dekastar.lt\/lv\/wp-json\/wp\/v2\/product_cat?post=13716"},{"taxonomy":"product_tag","embeddable":true,"href":"https:\/\/dekastar.lt\/lv\/wp-json\/wp\/v2\/product_tag?post=13716"}],"curies":[{"name":"wp","href":"https:\/\/api.w.org\/{rel}","templated":true}]}}