{"id":13768,"date":"2026-04-14T09:33:27","date_gmt":"2026-04-14T09:33:27","guid":{"rendered":"https:\/\/dekastar.lt\/produktas\/masazinis-kilimelis-natural-pebbles\/"},"modified":"2026-04-19T08:05:52","modified_gmt":"2026-04-19T08:05:52","slug":"masazinis-kilimelis-natural-pebbles","status":"publish","type":"product","link":"https:\/\/dekastar.lt\/lv\/products\/masazinis-kilimelis-natural-pebbles\/","title":{"rendered":"Ortopedinis masa\u017eo kilim\u0117lis &#8220;Nat\u016bral\u016bs akmenukai&#8221; d 44cm"},"content":{"rendered":"<p>P\u0117d\u0173 masa\u017eo kilim\u0117lis pagamintas i\u0161 nat\u016brali\u0173 akmenuk\u0173 i\u0161 Juodosios j\u016bros. Kilim\u0117lio pagrindas yra nat\u016bralus lininis audinys, klijai bekvapiai ir netoksi\u0161ki, akmenukai tvirtai laikosi.<\/p>\n<p>Kilim\u0117lio dydis yra 90 x 40 cm.<\/p>\n<p>Masa\u017eo kilim\u0117lio privalumai:<br \/>\nSkatinti tinkam\u0105 vaik\u0173 p\u0117d\u0173 vystym\u0105si;<br \/>\nraumen\u0173 tonuso gerinimas stiprinant i\u0161ilgines ir skersines p\u0117dos arkas;<br \/>\nAktyvus kraujotakos gerinimas;<br \/>\nP\u0117d\u0173 \u012ftampos ma\u017einimas veikiant nerv\u0173 gal\u016bnes.<br \/>\nTaikymas:<br \/>\nPlok\u0161\u010diap\u0117dyst\u0117s, klubin\u0117s p\u0117dos, plok\u0161\u010diap\u0117dyst\u0117s ir kit\u0173 neatitikim\u0173 prevencija;<br \/>\nven\u0173 varikoz\u0117s, osteoartrito ir artrito prevencija;<br \/>\nKoj\u0173 nuovargio po\u017eymi\u0173 mal\u0161inimas.<br \/>\nKontraindikacijos:<br \/>\nAtviros p\u0117d\u0173 odos \u017eaizdos ar u\u017edegiminiai procesai;<br \/>\nDiabetin\u0117s p\u0117dos sindromas.<br \/>\nTehnisk\u0101s apkopes nor\u0101d\u012bjumi:<br \/>\nLeid\u017eiama plauti rankas dideliu kiekiu vandens;<br \/>\nKilim\u0117lio plovimas \u0161iltu vandeniu (40\u00b0C);<br \/>\nDraud\u017eiama gr\u0119\u017eti ir d\u017eiovinti kilim\u0117l\u012f skalbimo ma\u0161inoje.<br \/>\n\u017dvyroakmenys savo i\u0161vaizda ir dyd\u017eiu gali skirtis nuo nuotraukoje.<\/p>","protected":false},"excerpt":{"rendered":"<p>P\u0117d\u0173 masa\u017eo kilim\u0117lis pagamintas i\u0161 nat\u016brali\u0173 akmenuk\u0173 i\u0161 Juodosios j\u016bros. Kilim\u0117lio pagrindas yra nat\u016bralus lininis audinys, klijai bekvapiai ir netoksi\u0161ki, akmenukai tvirtai laikosi. Kilim\u0117lio dydis yra 90 x 40 cm. Masa\u017eo kilim\u0117lio privalumai: Skatinti tinkam\u0105 vaik\u0173 p\u0117d\u0173 vystym\u0105si; raumen\u0173 tonuso gerinimas stiprinant i\u0161ilgines ir skersines p\u0117dos arkas; Aktyvus kraujotakos gerinimas; P\u0117d\u0173 \u012ftampos ma\u017einimas veikiant nerv\u0173 [&hellip;]<\/p>\n","protected":false},"featured_media":13767,"template":"","meta":{"_acf_changed":false},"pwb-brand":[],"product_brand":[],"product_cat":[15,255,264,261],"product_tag":[],"class_list":{"0":"post-13768","1":"product","2":"type-product","3":"status-publish","4":"has-post-thumbnail","6":"product_cat-kita-laisvalakio-apranga","7":"product_cat-namams","8":"product_cat-sensorines-ortopedines-priemones-vaiko-kambariui","9":"product_cat-vaiko-kambariui","11":"first","12":"instock","13":"shipping-taxable","14":"purchasable","15":"product-type-simple"},"supplier_id":null,"supplier_sku":"","barcode":null,"atum_controlled":true,"out_stock_date":null,"out_stock_threshold":null,"inheritable":false,"inbound_stock":null,"stock_on_hold":0,"sold_today":0,"sales_last_days":0,"reserved_stock":null,"customer_returns":null,"warehouse_damage":null,"lost_in_post":null,"other_logs":null,"out_stock_days":0,"lost_sales":0,"has_location":false,"update_date":"2026-04-28T03:13:22","atum_locations":[],"atum_stock_status":"instock","restock_status":false,"low_stock_amount":"","sales_update_date":"2026-04-28T03:13:22","calc_backorders":null,"acf":[],"brands":[],"_links":{"self":[{"href":"https:\/\/dekastar.lt\/lv\/wp-json\/wp\/v2\/product\/13768","targetHints":{"allow":["GET"]}}],"collection":[{"href":"https:\/\/dekastar.lt\/lv\/wp-json\/wp\/v2\/product"}],"about":[{"href":"https:\/\/dekastar.lt\/lv\/wp-json\/wp\/v2\/types\/product"}],"wp:featuredmedia":[{"embeddable":true,"href":"https:\/\/dekastar.lt\/lv\/wp-json\/wp\/v2\/media\/13767"}],"wp:attachment":[{"href":"https:\/\/dekastar.lt\/lv\/wp-json\/wp\/v2\/media?parent=13768"}],"wp:term":[{"taxonomy":"pwb-brand","embeddable":true,"href":"https:\/\/dekastar.lt\/lv\/wp-json\/wp\/v2\/pwb-brand?post=13768"},{"taxonomy":"product_brand","embeddable":true,"href":"https:\/\/dekastar.lt\/lv\/wp-json\/wp\/v2\/product_brand?post=13768"},{"taxonomy":"product_cat","embeddable":true,"href":"https:\/\/dekastar.lt\/lv\/wp-json\/wp\/v2\/product_cat?post=13768"},{"taxonomy":"product_tag","embeddable":true,"href":"https:\/\/dekastar.lt\/lv\/wp-json\/wp\/v2\/product_tag?post=13768"}],"curies":[{"name":"wp","href":"https:\/\/api.w.org\/{rel}","templated":true}]}}