{"id":13770,"date":"2026-04-14T09:33:28","date_gmt":"2026-04-14T09:33:28","guid":{"rendered":"https:\/\/dekastar.lt\/produktas\/masazinis-kilimelis-ortek-natural-pebbles-110x40-cm\/"},"modified":"2026-04-19T08:05:52","modified_gmt":"2026-04-19T08:05:52","slug":"masazinis-kilimelis-ortek-natural-pebbles-110x40-cm","status":"publish","type":"product","link":"https:\/\/dekastar.lt\/lv\/products\/masazinis-kilimelis-ortek-natural-pebbles-110x40-cm\/","title":{"rendered":"P\u0117d\u0173 masa\u017eo kilim\u0117lis &#8220;Nat\u016bral\u016bs akmenukai&#8221; 110&#215;40 cm"},"content":{"rendered":"<p>Up\u0117s akmenuk\u0173 kilim\u0117lis pagamintas i\u0161 nat\u016brali\u0173 akmenuk\u0173 i\u0161 Juodosios j\u016bros. Kilim\u0117lio pagrindas pagamintas i\u0161 tikro lino. Klijai yra bekvapiai ir netoksi\u0161ki. Akmenukai labai gerai pritvirtinti prie protektoriaus.<\/p>\n<p>Dydis \u2013 110&#215;40 cm.<br \/>\nK\u0105 gali padaryti masa\u017eo kilim\u0117lis:<br \/>\nprisideda prie teisingo vaiko p\u0117dos formavimo;<br \/>\ngerina raumen\u0173 tonus\u0105 ir stiprina i\u0161ilgines ir skersines p\u0117dos arkas;<br \/>\naktyviai veikia kraujotakos gerinim\u0105;<br \/>\nMa\u017eina koj\u0173 \u012ftamp\u0105, veikdamas nerv\u0173 gal\u016bnes.<br \/>\nIndikacijos:<br \/>\npadeda i\u0161vengti plok\u0161\u010diap\u0117dyst\u0117s, klubin\u0117s p\u0117dos, hallux valgus ir kit\u0173 deformacij\u0173;<br \/>\npalaiko ven\u0173 varikoz\u0117s, osteoartrito ir artrito prevencij\u0105;<br \/>\nmal\u0161ina koj\u0173 nuovarg\u012f.<br \/>\nKontraindikacijos:<br \/>\natviros \u017eaizdos ar u\u017edegiminiai procesai ant p\u0117dos odos;<br \/>\ndiabetin\u0117s p\u0117dos sindromas.<br \/>\nDur\u0173 kilim\u0117l\u012f laikykite nuo 5\u00b0 \u0421 iki 45\u00b0 \u0421 temperat\u016broje, saugokite nuo tiesiogini\u0173 saul\u0117s spinduli\u0173 ar \u0161ilumos ir dulki\u0173 \u0161altini\u0173.<br \/>\nTehnisk\u0101s apkopes nor\u0101d\u012bjumi:<br \/>\nRank\u0173 plovimas<br \/>\nne daugiau kaip 40 \u00b0 C;<br \/>\nnetinka skalbimo ma\u0161inai ar d\u017eiovyklei.<br \/>\nAkmenukai savo i\u0161vaizda ir dyd\u017eiu gali skirtis nuo nuotraukoje.<\/p>","protected":false},"excerpt":{"rendered":"<p>Up\u0117s akmenuk\u0173 kilim\u0117lis pagamintas i\u0161 nat\u016brali\u0173 akmenuk\u0173 i\u0161 Juodosios j\u016bros. Kilim\u0117lio pagrindas pagamintas i\u0161 tikro lino. Klijai yra bekvapiai ir netoksi\u0161ki. Akmenukai labai gerai pritvirtinti prie protektoriaus. Dydis \u2013 110&#215;40 cm. K\u0105 gali padaryti masa\u017eo kilim\u0117lis: prisideda prie teisingo vaiko p\u0117dos formavimo; gerina raumen\u0173 tonus\u0105 ir stiprina i\u0161ilgines ir skersines p\u0117dos arkas; aktyviai veikia kraujotakos [&hellip;]<\/p>\n","protected":false},"featured_media":13769,"template":"","meta":{"_acf_changed":false},"pwb-brand":[],"product_brand":[],"product_cat":[15,255,264,261],"product_tag":[],"class_list":{"0":"post-13770","1":"product","2":"type-product","3":"status-publish","4":"has-post-thumbnail","6":"product_cat-kita-laisvalakio-apranga","7":"product_cat-namams","8":"product_cat-sensorines-ortopedines-priemones-vaiko-kambariui","9":"product_cat-vaiko-kambariui","11":"first","12":"instock","13":"shipping-taxable","14":"purchasable","15":"product-type-simple"},"supplier_id":null,"supplier_sku":"","barcode":null,"atum_controlled":true,"out_stock_date":null,"out_stock_threshold":null,"inheritable":false,"inbound_stock":null,"stock_on_hold":0,"sold_today":0,"sales_last_days":0,"reserved_stock":null,"customer_returns":null,"warehouse_damage":null,"lost_in_post":null,"other_logs":null,"out_stock_days":0,"lost_sales":0,"has_location":false,"update_date":"2026-04-28T03:13:22","atum_locations":[],"atum_stock_status":"instock","restock_status":false,"low_stock_amount":"","sales_update_date":"2026-04-28T03:13:22","calc_backorders":null,"acf":[],"brands":[],"_links":{"self":[{"href":"https:\/\/dekastar.lt\/lv\/wp-json\/wp\/v2\/product\/13770","targetHints":{"allow":["GET"]}}],"collection":[{"href":"https:\/\/dekastar.lt\/lv\/wp-json\/wp\/v2\/product"}],"about":[{"href":"https:\/\/dekastar.lt\/lv\/wp-json\/wp\/v2\/types\/product"}],"wp:featuredmedia":[{"embeddable":true,"href":"https:\/\/dekastar.lt\/lv\/wp-json\/wp\/v2\/media\/13769"}],"wp:attachment":[{"href":"https:\/\/dekastar.lt\/lv\/wp-json\/wp\/v2\/media?parent=13770"}],"wp:term":[{"taxonomy":"pwb-brand","embeddable":true,"href":"https:\/\/dekastar.lt\/lv\/wp-json\/wp\/v2\/pwb-brand?post=13770"},{"taxonomy":"product_brand","embeddable":true,"href":"https:\/\/dekastar.lt\/lv\/wp-json\/wp\/v2\/product_brand?post=13770"},{"taxonomy":"product_cat","embeddable":true,"href":"https:\/\/dekastar.lt\/lv\/wp-json\/wp\/v2\/product_cat?post=13770"},{"taxonomy":"product_tag","embeddable":true,"href":"https:\/\/dekastar.lt\/lv\/wp-json\/wp\/v2\/product_tag?post=13770"}],"curies":[{"name":"wp","href":"https:\/\/api.w.org\/{rel}","templated":true}]}}