{"id":13877,"date":"2026-04-18T13:30:44","date_gmt":"2026-04-18T13:30:44","guid":{"rendered":"https:\/\/dekastar.lt\/?post_type=product&#038;p=13877"},"modified":"2026-04-19T08:05:51","modified_gmt":"2026-04-19T08:05:51","slug":"balansavimo-akmenu-rinkinys-vaikams-sirdys","status":"publish","type":"product","link":"https:\/\/dekastar.lt\/lv\/products\/balansavimo-akmenu-rinkinys-vaikams-sirdys\/","title":{"rendered":"Balansavimo akmen\u0173 rinkinys vaikams &#8220;\u0160irdys&#8221;"},"content":{"rendered":"<p>Tai naudingas ir spalvingas balansatori\u0173 rinkinys namams, dar\u017eeliui, \u017eaidim\u0173 aik\u0161telei. Jis skirtas skatinti vaik\u0173 judesi\u0173 koordinacij\u0105, motorinius \u012fg\u016bd\u017eius ir pusiausvyr\u0105. Suaugusio \u017emogaus svoris taip pat gali atsispirti, galite prisijungti prie \u017eaidimo.<br \/>\nRinkinyje yra 9 skirting\u0173 dyd\u017ei\u0173 \u0161irdies formos akmenys. Jie idealiai tinka \u017eaidimams, lavinantiems fizinius \u012fg\u016bd\u017eius ir gerinant pusiausvyr\u0105.<\/p>\n<p>apib\u016bdinimas:<br \/>\n9 skirting\u0173 ry\u0161ki\u0173 spalv\u0173 ir dyd\u017ei\u0173 akmen\u0173 rinkinys. Tai leid\u017eia sukurti skirtingus derinius pusiausvyros ir koordinacijos treniruot\u0117ms ir padaryti \u017eaidim\u0105 patraukl\u0173 vaikams.<\/p>\n<p>Kiekvienas akmuo turi tekst\u016bruot\u0105 pavir\u0161i\u0173. Apa\u010dioje yra neslidi elastin\u0117 juosta, kuri u\u017etikrina saugum\u0105 \u017eaid\u017eiant. Plytos gali i\u0161laikyti iki 90 kg, tod\u0117l jas gali naudoti tiek vaikai, tiek suaugusieji.<\/p>\n<p>Akmenis lengva laikyti ir transportuoti &#8211; jie tiesiog sukraunami vienas \u012f kit\u0105 ir u\u017eima kartonin\u0119 d\u0117\u017e\u0119.<\/p>\n<p>Argumentai u\u017e:<br \/>\nPusiausvyros vystymasis: Idealiai tinka vaik\u0173 pusiausvyros treniruot\u0117ms ir pusiausvyros ugdymui.<br \/>\nJudesi\u0173 koordinacija: Padeda pagerinti judesi\u0173 koordinacij\u0105 ir lavinti raumen\u0173 j\u0117g\u0105.<br \/>\nLoginis m\u0105stymas: \u017daidimas su akmenimis skatina login\u012f m\u0105stym\u0105, nes vaikai mokosi nustatyti atstumus ir planuoti judesius.<br \/>\nDaugiafunkcinis: Akmenys gali b\u016bti naudojami namuose, taip pat dar\u017eeliuose ar ankstyvosios intervencijos centruose.<\/p>\n<p>Naudojimo instrukcijos:<br \/>\nKalad\u0117l\u0117s gali b\u016bti naudojamos kuriant \u012fvairias \u017eaidimo situacijas, kuriose vaikai turi balansuoti, \u0161okin\u0117ti ir atsargiai jud\u0117ti nuo vieno akmens prie kito. Tai ne tik smagu, bet ir naudinga fiziniam vaik\u0173 vystymuisi.<\/p>\n<p>Balansavimo akmenys yra puiki priemon\u0117 visapusi\u0161kam j\u016bs\u0173 vaiko fiziniam vystymuisi ir padeda pagerinti koordinacij\u0105, pusiausvyr\u0105 ir motorinius \u012fg\u016bd\u017eius. D\u0117l ry\u0161ki\u0173 spalv\u0173, tvirtos konstrukcijos ir lengvo laikymo \u0161is rinkinys yra idealus pasirinkimas bet kokio am\u017eiaus vaikams.<\/p>","protected":false},"excerpt":{"rendered":"<p>Tai naudingas ir spalvingas balansatori\u0173 rinkinys namams, dar\u017eeliui, \u017eaidim\u0173 aik\u0161telei. Jis skirtas skatinti vaik\u0173 judesi\u0173 koordinacij\u0105, motorinius \u012fg\u016bd\u017eius ir pusiausvyr\u0105. Suaugusio \u017emogaus svoris taip pat gali atsispirti, galite prisijungti prie \u017eaidimo. Rinkinyje yra 9 skirting\u0173 dyd\u017ei\u0173 \u0161irdies formos akmenys. Jie idealiai tinka \u017eaidimams, lavinantiems fizinius \u012fg\u016bd\u017eius ir gerinant pusiausvyr\u0105. apib\u016bdinimas: 9 skirting\u0173 ry\u0161ki\u0173 spalv\u0173 ir [&hellip;]<\/p>\n","protected":false},"featured_media":13879,"template":"","meta":{"_acf_changed":false},"pwb-brand":[],"product_brand":[],"product_cat":[255,264,261],"product_tag":[],"class_list":{"0":"post-13877","1":"product","2":"type-product","3":"status-publish","4":"has-post-thumbnail","6":"product_cat-namams","7":"product_cat-sensorines-ortopedines-priemones-vaiko-kambariui","8":"product_cat-vaiko-kambariui","10":"first","11":"instock","12":"shipping-taxable","13":"purchasable","14":"product-type-simple"},"supplier_id":null,"supplier_sku":"","barcode":null,"atum_controlled":true,"out_stock_date":null,"out_stock_threshold":null,"inheritable":false,"inbound_stock":null,"stock_on_hold":0,"sold_today":0,"sales_last_days":0,"reserved_stock":null,"customer_returns":null,"warehouse_damage":null,"lost_in_post":null,"other_logs":null,"out_stock_days":0,"lost_sales":0,"has_location":false,"update_date":"2026-04-28T03:13:23","atum_locations":[],"atum_stock_status":"instock","restock_status":false,"low_stock_amount":"","sales_update_date":"2026-04-28T03:13:23","calc_backorders":null,"acf":[],"brands":[],"_links":{"self":[{"href":"https:\/\/dekastar.lt\/lv\/wp-json\/wp\/v2\/product\/13877","targetHints":{"allow":["GET"]}}],"collection":[{"href":"https:\/\/dekastar.lt\/lv\/wp-json\/wp\/v2\/product"}],"about":[{"href":"https:\/\/dekastar.lt\/lv\/wp-json\/wp\/v2\/types\/product"}],"wp:featuredmedia":[{"embeddable":true,"href":"https:\/\/dekastar.lt\/lv\/wp-json\/wp\/v2\/media\/13879"}],"wp:attachment":[{"href":"https:\/\/dekastar.lt\/lv\/wp-json\/wp\/v2\/media?parent=13877"}],"wp:term":[{"taxonomy":"pwb-brand","embeddable":true,"href":"https:\/\/dekastar.lt\/lv\/wp-json\/wp\/v2\/pwb-brand?post=13877"},{"taxonomy":"product_brand","embeddable":true,"href":"https:\/\/dekastar.lt\/lv\/wp-json\/wp\/v2\/product_brand?post=13877"},{"taxonomy":"product_cat","embeddable":true,"href":"https:\/\/dekastar.lt\/lv\/wp-json\/wp\/v2\/product_cat?post=13877"},{"taxonomy":"product_tag","embeddable":true,"href":"https:\/\/dekastar.lt\/lv\/wp-json\/wp\/v2\/product_tag?post=13877"}],"curies":[{"name":"wp","href":"https:\/\/api.w.org\/{rel}","templated":true}]}}