{"id":13886,"date":"2026-04-18T13:38:07","date_gmt":"2026-04-18T13:38:07","guid":{"rendered":"https:\/\/dekastar.lt\/?post_type=product&#038;p=13886"},"modified":"2026-04-19T08:05:51","modified_gmt":"2026-04-19T08:05:51","slug":"balansavimo-takas-su-masazo-elementais-ir-balanso-lenta","status":"publish","type":"product","link":"https:\/\/dekastar.lt\/lv\/products\/balansavimo-takas-su-masazo-elementais-ir-balanso-lenta\/","title":{"rendered":"Balansavimo takas su masa\u017eo elementais ir balanso lenta"},"content":{"rendered":"<p>\u0160is rinkinys sujungia pusiausvyros pratimus, masa\u017e\u0105, treniruotes ir \u012fdom\u0173 \u017eaidim\u0105. Jis gali b\u016bti naudojamas namuose, lauke, dar\u017eelyje ar dar\u017eelyje.<\/p>\n<p>Montessori pusiausvyros takas yra specialiai sukurtas vaikams nuo 18 m\u0117nesi\u0173 iki 8 met\u0173, siekiant skatinti fizin\u012f vystym\u0105si, stiprinti sensorin\u0119 integracij\u0105 ir lavinti lyt\u0117jimo suvokim\u0105. Vaikas savaranki\u0161kai surenka norimos formos keli\u0105 ir sugalvoja \u017eaidim\u0105.<\/p>\n<p>Komplekte esanti balanso lenta treniruoja koordinacij\u0105, stiprina raumenis ir skatina pusiausvyros jausmo vystym\u0105si. Reljef\u0105 primenantys masa\u017eo elementai treniruoja ir stiprina p\u0117dos skliaut\u0105 bei apsaugo nuo plok\u0161\u010diap\u0117dyst\u0117s.<\/p>\n<p>Rinkin\u012f sudaro:<br \/>\n5 balansin\u0117s lentos \u2013 kiekviena lenta yra 60 cm x 9 cm, tod\u0117l idealiai tinka ma\u017eoms p\u0117dut\u0117ms;<br \/>\n30 nuimam\u0173 masa\u017eo element\u0173 \u2013 6 kiekvienoje lentoje, skirting\u0173 spalv\u0173 ir skirting\u0173 reljefini\u0173 strukt\u016br\u0173.<br \/>\nViena i\u0161 lent\u0173 taip pat tarnauja kaip balansin\u0117 lenta \u2013 ji naudojama balansavimui be atram\u0173.<br \/>\n5 tvirtinimo atramos ir 2 apvalios atramos \u012fvairioms konstrukcijoms ir formoms konstruoti, o tai skatina vaik\u0173 vaizduot\u0119.<br \/>\nSukurkite \u012fvairi\u0173 form\u0173 ir \u017eaidim\u0173 kursus: zigzag\u0105, apskritim\u0105, kvadrat\u0105, trikamp\u012f, ties\u0173 keli\u0105.<\/p>\n<p>Argumentai u\u017e:<br \/>\nMontessori po\u017ei\u016bris: nat\u016bralios med\u017eiagos ir laisvas \u017eaidimas skatina k\u016brybinio m\u0105stymo vystym\u0105si.<br \/>\nSaugumas ir ekologi\u0161kumas: Pagaminta i\u0161 nat\u016bralios medienos ir vaik\u0173 neatidarom\u0173 med\u017eiag\u0173.<br \/>\nUniversalumas: Tinka namams, dar\u017eeliams ir pagalbos centrams. Taip pat reabilitacijai.<br \/>\nPusiausvyros kelias suteikia galimyb\u0119 \u017eaismingai mokytis ir lavinti svarbius \u012fg\u016bd\u017eius.<\/p>","protected":false},"excerpt":{"rendered":"<p>\u0160is rinkinys sujungia pusiausvyros pratimus, masa\u017e\u0105, treniruotes ir \u012fdom\u0173 \u017eaidim\u0105. Jis gali b\u016bti naudojamas namuose, lauke, dar\u017eelyje ar dar\u017eelyje. Montessori pusiausvyros takas yra specialiai sukurtas vaikams nuo 18 m\u0117nesi\u0173 iki 8 met\u0173, siekiant skatinti fizin\u012f vystym\u0105si, stiprinti sensorin\u0119 integracij\u0105 ir lavinti lyt\u0117jimo suvokim\u0105. Vaikas savaranki\u0161kai surenka norimos formos keli\u0105 ir sugalvoja \u017eaidim\u0105. Komplekte esanti balanso [&hellip;]<\/p>\n","protected":false},"featured_media":13890,"template":"","meta":{"_acf_changed":false},"pwb-brand":[],"product_brand":[],"product_cat":[255,264,261],"product_tag":[],"class_list":{"0":"post-13886","1":"product","2":"type-product","3":"status-publish","4":"has-post-thumbnail","6":"product_cat-namams","7":"product_cat-sensorines-ortopedines-priemones-vaiko-kambariui","8":"product_cat-vaiko-kambariui","10":"first","11":"instock","12":"shipping-taxable","13":"purchasable","14":"product-type-simple"},"supplier_id":null,"supplier_sku":"","barcode":null,"atum_controlled":true,"out_stock_date":null,"out_stock_threshold":null,"inheritable":false,"inbound_stock":null,"stock_on_hold":0,"sold_today":0,"sales_last_days":0,"reserved_stock":null,"customer_returns":null,"warehouse_damage":null,"lost_in_post":null,"other_logs":null,"out_stock_days":0,"lost_sales":0,"has_location":false,"update_date":"2026-04-28T03:13:23","atum_locations":[],"atum_stock_status":"instock","restock_status":false,"low_stock_amount":"","sales_update_date":"2026-04-28T03:13:23","calc_backorders":null,"acf":[],"brands":[],"_links":{"self":[{"href":"https:\/\/dekastar.lt\/lv\/wp-json\/wp\/v2\/product\/13886","targetHints":{"allow":["GET"]}}],"collection":[{"href":"https:\/\/dekastar.lt\/lv\/wp-json\/wp\/v2\/product"}],"about":[{"href":"https:\/\/dekastar.lt\/lv\/wp-json\/wp\/v2\/types\/product"}],"wp:featuredmedia":[{"embeddable":true,"href":"https:\/\/dekastar.lt\/lv\/wp-json\/wp\/v2\/media\/13890"}],"wp:attachment":[{"href":"https:\/\/dekastar.lt\/lv\/wp-json\/wp\/v2\/media?parent=13886"}],"wp:term":[{"taxonomy":"pwb-brand","embeddable":true,"href":"https:\/\/dekastar.lt\/lv\/wp-json\/wp\/v2\/pwb-brand?post=13886"},{"taxonomy":"product_brand","embeddable":true,"href":"https:\/\/dekastar.lt\/lv\/wp-json\/wp\/v2\/product_brand?post=13886"},{"taxonomy":"product_cat","embeddable":true,"href":"https:\/\/dekastar.lt\/lv\/wp-json\/wp\/v2\/product_cat?post=13886"},{"taxonomy":"product_tag","embeddable":true,"href":"https:\/\/dekastar.lt\/lv\/wp-json\/wp\/v2\/product_tag?post=13886"}],"curies":[{"name":"wp","href":"https:\/\/api.w.org\/{rel}","templated":true}]}}