{"id":13908,"date":"2026-04-18T13:50:01","date_gmt":"2026-04-18T13:50:01","guid":{"rendered":"https:\/\/dekastar.lt\/?post_type=product&#038;p=13908"},"modified":"2026-04-19T08:05:51","modified_gmt":"2026-04-19T08:05:51","slug":"reakcijos-treniruociu-zaislas-su-krentanciomis-lazdomis-pagauk","status":"publish","type":"product","link":"https:\/\/dekastar.lt\/lv\/products\/reakcijos-treniruociu-zaislas-su-krentanciomis-lazdomis-pagauk\/","title":{"rendered":"Reakcijos treniruo\u010di\u0173 \u017eaislas su krentan\u010diomis lazdomis &#8220;Pagauk!&#8221;"},"content":{"rendered":"<p>Interaktyvus sensorinis \u017eaislas, lavinantis reakcij\u0105, miklum\u0105 ir judesi\u0173 koordinacij\u0105<br \/>\nTinka vaikams nuo 3 met\u0173 ir suaugusiems. Tai puikus \u017eaislas \u0161eimos pramogoms. Galiausiai kiekvienas gali i\u0161bandyti savo miklum\u0105 ir reakcijos greit\u012f, bandydamas sugauti krentan\u010dias lazdas skryd\u017eio metu.<\/p>\n<p>Apra\u0161ymas ir funkcionalumas:<br \/>\n\u017daislas susideda i\u0161 \u0161e\u0161i\u0173 mink\u0161t\u0173 lazdeli\u0173 rinkinio, pakabinto ant skersinio. Strypai pritvirtinami prie strypo \u0161viesos magnetais, tod\u0117l gali lengvai atsiskirti ir nukristi. Skersinis turi \u012fjungimo\/i\u0161jungimo mygtukus ir reguliuojamus \u017eaidimo lygius, kurie yra smag\u016bs ir patraukl\u016bs vaikui. \u017daisl\u0105 galima pakabinti viduje arba lauke patogiame auk\u0161tyje.<\/p>\n<p>Nauda vaiko vystymuisi:<br \/>\nJudesi\u0173 koordinacijos ugdymas: Ma\u017eyliai turi sugauti ir sugriebti lazdeles, o tai pagerina aki\u0173 ir rank\u0173 koordinacij\u0105.<br \/>\nD\u0117mesio ir reakcijos stimuliavimas: Per interaktyv\u0173 komponent\u0105 vaikai ugdo d\u0117mes\u012f ir greit\u0105 reakcij\u0105.<br \/>\nFizinis aktyvumas: \u017daislas motyvuoja vaik\u0105 aktyviai jud\u0117ti ir \u017eaisti, o tai skatina fizin\u012f vystym\u0105si.<br \/>\nSmulkiosios motorikos ugdymas: Stulp\u0173 su\u0117mimas stiprina rank\u0173 ir pir\u0161t\u0173 raumenis, gerina smulki\u0105j\u0105 motorik\u0105.<\/p>\n<p>Matmenys ir savyb\u0117s:<br \/>\nMatmenys: Konstrukcijos auk\u0161tis yra 21,5 cm, o plotis &#8211; 38,5 cm.<br \/>\n\u012eranga:<br \/>\nPagrindinis skersinis su tvirtinimu<br \/>\n\u0160e\u0161i mink\u0161ti strypai, kuriuos galima lengvai \u012fki\u0161ti ir nuimti<br \/>\nPakabinamas laidas<br \/>\nUSB laidas integruotai jutikli\u0173 sistemai \u012fkrauti<\/p>\n<p>Interaktyvus \u017eaislas yra puiki priemon\u0117 \u0161eimos \u017eaidimams ir u\u017esi\u0117mimams, padedanti lavinti vaiko fizinius \u012fg\u016bd\u017eius ir smagiai praleisti laik\u0105!<\/p>","protected":false},"excerpt":{"rendered":"<p>Interaktyvus sensorinis \u017eaislas, lavinantis reakcij\u0105, miklum\u0105 ir judesi\u0173 koordinacij\u0105 Tinka vaikams nuo 3 met\u0173 ir suaugusiems. Tai puikus \u017eaislas \u0161eimos pramogoms. Galiausiai kiekvienas gali i\u0161bandyti savo miklum\u0105 ir reakcijos greit\u012f, bandydamas sugauti krentan\u010dias lazdas skryd\u017eio metu. Apra\u0161ymas ir funkcionalumas: \u017daislas susideda i\u0161 \u0161e\u0161i\u0173 mink\u0161t\u0173 lazdeli\u0173 rinkinio, pakabinto ant skersinio. Strypai pritvirtinami prie strypo \u0161viesos magnetais, [&hellip;]<\/p>\n","protected":false},"featured_media":13911,"template":"","meta":{"_acf_changed":false},"pwb-brand":[],"product_brand":[],"product_cat":[255,264,261,263],"product_tag":[],"class_list":{"0":"post-13908","1":"product","2":"type-product","3":"status-publish","4":"has-post-thumbnail","6":"product_cat-namams","7":"product_cat-sensorines-ortopedines-priemones-vaiko-kambariui","8":"product_cat-vaiko-kambariui","9":"product_cat-vaiko-prieziurai","11":"first","12":"instock","13":"shipping-taxable","14":"purchasable","15":"product-type-simple"},"supplier_id":null,"supplier_sku":"","barcode":null,"atum_controlled":true,"out_stock_date":null,"out_stock_threshold":null,"inheritable":false,"inbound_stock":null,"stock_on_hold":0,"sold_today":0,"sales_last_days":0,"reserved_stock":null,"customer_returns":null,"warehouse_damage":null,"lost_in_post":null,"other_logs":null,"out_stock_days":0,"lost_sales":0,"has_location":false,"update_date":"2026-04-23T00:38:36","atum_locations":[],"atum_stock_status":"instock","restock_status":false,"low_stock_amount":"","sales_update_date":"2026-04-23T00:38:36","calc_backorders":null,"acf":[],"brands":[],"_links":{"self":[{"href":"https:\/\/dekastar.lt\/lv\/wp-json\/wp\/v2\/product\/13908","targetHints":{"allow":["GET"]}}],"collection":[{"href":"https:\/\/dekastar.lt\/lv\/wp-json\/wp\/v2\/product"}],"about":[{"href":"https:\/\/dekastar.lt\/lv\/wp-json\/wp\/v2\/types\/product"}],"wp:featuredmedia":[{"embeddable":true,"href":"https:\/\/dekastar.lt\/lv\/wp-json\/wp\/v2\/media\/13911"}],"wp:attachment":[{"href":"https:\/\/dekastar.lt\/lv\/wp-json\/wp\/v2\/media?parent=13908"}],"wp:term":[{"taxonomy":"pwb-brand","embeddable":true,"href":"https:\/\/dekastar.lt\/lv\/wp-json\/wp\/v2\/pwb-brand?post=13908"},{"taxonomy":"product_brand","embeddable":true,"href":"https:\/\/dekastar.lt\/lv\/wp-json\/wp\/v2\/product_brand?post=13908"},{"taxonomy":"product_cat","embeddable":true,"href":"https:\/\/dekastar.lt\/lv\/wp-json\/wp\/v2\/product_cat?post=13908"},{"taxonomy":"product_tag","embeddable":true,"href":"https:\/\/dekastar.lt\/lv\/wp-json\/wp\/v2\/product_tag?post=13908"}],"curies":[{"name":"wp","href":"https:\/\/api.w.org\/{rel}","templated":true}]}}