{"id":13935,"date":"2026-04-18T14:09:18","date_gmt":"2026-04-18T14:09:18","guid":{"rendered":"https:\/\/dekastar.lt\/?post_type=product&#038;p=13935"},"modified":"2026-04-19T08:05:51","modified_gmt":"2026-04-19T08:05:51","slug":"reakcijos-kamuolys-reagavimui-pagerinti","status":"publish","type":"product","link":"https:\/\/dekastar.lt\/lv\/products\/reakcijos-kamuolys-reagavimui-pagerinti\/","title":{"rendered":"Reakcijos kamuolys reagavimui pagerinti"},"content":{"rendered":"<p>Reakcijos kamuolys skatina reakcijos greit\u012f, koordinacij\u0105, miklum\u0105 ir motorinius \u012fg\u016bd\u017eius.<\/p>\n<p>Reakcijos rutulys turi ypating\u0105 form\u0105 su i\u0161kilimais. D\u0117l savo formos ir med\u017eiagos kamuolys at\u0161oka nuo bet kokio kieto pavir\u0161iaus nenusp\u0117jama kryptimi. Galite treniruotis vienas arba komandoje, ant vertikali\u0173 ar horizontali\u0173 pavir\u0161i\u0173. Tinka vaikams ir suaugusiems.<\/p>\n<p>Reguliarios treniruot\u0117s skatina pir\u0161t\u0173 ir rank\u0173 stiprum\u0105. Kamuolys taip pat tinka k\u016bno masa\u017eui ir raumen\u0173 atpalaidavimui. Tiesiog susukite deln\u0105 per nugaros raumenis ar kitas k\u016bno dalis, kurias norite masa\u017euoti.<\/p>\n<p>Kam tinka reakcijos kamuolys?<br \/>\nVaikai ir suaugusieji, norintys lavinti koordinacij\u0105, d\u0117mes\u012f ir judrum\u0105.<br \/>\nVis\u0173 sporto \u0161ak\u0173 sportininkai, kur svarbus reakcijos greitis ir sud\u0117tingi koordinuoti judesiai.<br \/>\nVaikai, norintys lavinti motorinius \u012fg\u016bd\u017eius.<br \/>\nMed\u017eiaga: Silikonas (saugus, nekenksmingas odai, atsparus dilimui)<\/p>\n<p>Spalva atsitiktin\u0117<br \/>\nDydis: 68 mm<\/p>","protected":false},"excerpt":{"rendered":"<p>Reakcijos kamuolys skatina reakcijos greit\u012f, koordinacij\u0105, miklum\u0105 ir motorinius \u012fg\u016bd\u017eius. Reakcijos rutulys turi ypating\u0105 form\u0105 su i\u0161kilimais. D\u0117l savo formos ir med\u017eiagos kamuolys at\u0161oka nuo bet kokio kieto pavir\u0161iaus nenusp\u0117jama kryptimi. Galite treniruotis vienas arba komandoje, ant vertikali\u0173 ar horizontali\u0173 pavir\u0161i\u0173. Tinka vaikams ir suaugusiems. Reguliarios treniruot\u0117s skatina pir\u0161t\u0173 ir rank\u0173 stiprum\u0105. Kamuolys taip pat [&hellip;]<\/p>\n","protected":false},"featured_media":13937,"template":"","meta":{"_acf_changed":false},"pwb-brand":[],"product_brand":[],"product_cat":[263,255,264,261],"product_tag":[],"class_list":{"0":"post-13935","1":"product","2":"type-product","3":"status-publish","4":"has-post-thumbnail","6":"product_cat-vaiko-prieziurai","7":"product_cat-namams","8":"product_cat-sensorines-ortopedines-priemones-vaiko-kambariui","9":"product_cat-vaiko-kambariui","11":"first","12":"instock","13":"shipping-taxable","14":"purchasable","15":"product-type-simple"},"supplier_id":null,"supplier_sku":"","barcode":null,"atum_controlled":true,"out_stock_date":null,"out_stock_threshold":null,"inheritable":false,"inbound_stock":null,"stock_on_hold":0,"sold_today":0,"sales_last_days":0,"reserved_stock":null,"customer_returns":null,"warehouse_damage":null,"lost_in_post":null,"other_logs":null,"out_stock_days":0,"lost_sales":0,"has_location":false,"update_date":"2026-05-04T03:16:44","atum_locations":[],"atum_stock_status":"instock","restock_status":false,"low_stock_amount":"","sales_update_date":"2026-05-04T03:16:44","calc_backorders":null,"acf":[],"brands":[],"_links":{"self":[{"href":"https:\/\/dekastar.lt\/lv\/wp-json\/wp\/v2\/product\/13935","targetHints":{"allow":["GET"]}}],"collection":[{"href":"https:\/\/dekastar.lt\/lv\/wp-json\/wp\/v2\/product"}],"about":[{"href":"https:\/\/dekastar.lt\/lv\/wp-json\/wp\/v2\/types\/product"}],"wp:featuredmedia":[{"embeddable":true,"href":"https:\/\/dekastar.lt\/lv\/wp-json\/wp\/v2\/media\/13937"}],"wp:attachment":[{"href":"https:\/\/dekastar.lt\/lv\/wp-json\/wp\/v2\/media?parent=13935"}],"wp:term":[{"taxonomy":"pwb-brand","embeddable":true,"href":"https:\/\/dekastar.lt\/lv\/wp-json\/wp\/v2\/pwb-brand?post=13935"},{"taxonomy":"product_brand","embeddable":true,"href":"https:\/\/dekastar.lt\/lv\/wp-json\/wp\/v2\/product_brand?post=13935"},{"taxonomy":"product_cat","embeddable":true,"href":"https:\/\/dekastar.lt\/lv\/wp-json\/wp\/v2\/product_cat?post=13935"},{"taxonomy":"product_tag","embeddable":true,"href":"https:\/\/dekastar.lt\/lv\/wp-json\/wp\/v2\/product_tag?post=13935"}],"curies":[{"name":"wp","href":"https:\/\/api.w.org\/{rel}","templated":true}]}}