{"id":14069,"date":"2026-05-05T11:08:38","date_gmt":"2026-05-05T11:08:38","guid":{"rendered":"https:\/\/dekastar.lt\/?post_type=product&#038;p=14069"},"modified":"2026-05-05T11:14:56","modified_gmt":"2026-05-05T11:14:56","slug":"reima-bungee-sandalai-roziniai","status":"publish","type":"product","link":"https:\/\/dekastar.lt\/lv\/products\/reima-bungee-sandalai-roziniai\/","title":{"rendered":"REIMA BUNGEE sandalai (Ro\u017einiai)"},"content":{"rendered":"<p>REIMA ma\u017eyli\u0173 itin lengvos basut\u0117s \u201eBungee\u201c<\/p>\n<p>Labai lengvi ma\u017eyli\u0173 sandalai vasarai ar dar\u017eeliui. Puikiai tinka aktyviam buvimui lauke ir net vandenyje. U\u017esegimas dviem velcro juostel\u0117mis leid\u017eia sandalams gerai priglusti prie p\u0117d\u0173.<\/p>\n<p>    * Vir\u0161utin\u0117 dalis pagaminta i\u0161 sintetin\u0117s med\u017eiagos ir tekstil\u0117s;<br \/>\n    * Lengvas u\u017esegimas dviej\u0173 ta\u0161k\u0173 velcro juostel\u0117mis;<br \/>\n    * Vegani\u0161ki;<br \/>\n    * Visi batai gali b\u016bti slid\u016bs ant \u0161lapi\u0173 plyteli\u0173 pavir\u0161i\u0173, tod\u0117l jie n\u0117ra tinkami naudoti prie baseino;<br \/>\n    * Lankstus ir lengvas EVA padas;<br \/>\n    * Patogus, elastingas pamu\u0161alas;<br \/>\n    * Vanden\u012f ir ne\u0161varumus atstumianti apdaila;<br \/>\n    * Atspar\u016bs vandeniui, be PVC.<\/p>\n<p>Med\u017eiagos: <\/p>\n<p>    Aug\u0161da\u013ca: tekstils, sint\u0113tika;<br \/>\n    Pamu\u0161alas: Tekstil\u0117, sintetika;<br \/>\n    Zole: sint\u0113tiska.<\/p>\n<p>Prie\u017ei\u016bra: \u0160epe\u010diu \/ \u0161luoste nuvalykite ne\u0161varumus ir i\u0161d\u017eiovinkite kambario temperat\u016broje. Prie\u0161 skalbdami u\u017esekite dir\u017eelius.<\/p>\n<p>Dyd\u017ei\u0173 lentel\u0117 pateikiama kartu su prek\u0117s nuotraukomis<\/p>","protected":false},"excerpt":{"rendered":"<p>REIMA ma\u017eyli\u0173 itin lengvos basut\u0117s \u201eBungee\u201c Labai lengvi ma\u017eyli\u0173 sandalai vasarai ar dar\u017eeliui. Puikiai tinka aktyviam buvimui lauke ir net vandenyje. U\u017esegimas dviem velcro juostel\u0117mis leid\u017eia sandalams gerai priglusti prie p\u0117d\u0173. * Vir\u0161utin\u0117 dalis pagaminta i\u0161 sintetin\u0117s med\u017eiagos ir tekstil\u0117s; * Lengvas u\u017esegimas dviej\u0173 ta\u0161k\u0173 velcro juostel\u0117mis; * Vegani\u0161ki; * Visi batai gali b\u016bti slid\u016bs [&hellip;]<\/p>\n","protected":false},"featured_media":14084,"template":"","meta":{"_acf_changed":false},"pwb-brand":[81],"product_brand":[],"product_cat":[40,48],"product_tag":[],"class_list":{"0":"post-14069","1":"product","2":"type-product","3":"status-publish","4":"has-post-thumbnail","6":"pwb-brand-reima","7":"product_cat-vaikams","8":"product_cat-avalyne-vaikams","9":"pa_avalynes-dydis-136","10":"pa_avalynes-dydis-135","11":"pa_avalynes-dydis-134","12":"pa_avalynes-dydis-133","13":"pa_avalynes-dydis-132","14":"pa_avalynes-dydis-131","15":"pa_avalynes-dydis-130","16":"pa_avalynes-dydis-119","17":"pa_avalynes-dydis-120","18":"pa_avalynes-dydis-121","19":"pa_avalynes-dydis-122","20":"pa_avalynes-dydis-123","21":"pa_avalynes-dydis-124","22":"pa_avalynes-dydis-125","24":"first","25":"instock","26":"sale","27":"shipping-taxable","28":"purchasable","29":"product-type-variable"},"supplier_id":null,"supplier_sku":"","barcode":null,"atum_controlled":true,"out_stock_date":null,"out_stock_threshold":null,"inheritable":true,"inbound_stock":null,"stock_on_hold":null,"sold_today":null,"sales_last_days":null,"reserved_stock":null,"customer_returns":null,"warehouse_damage":null,"lost_in_post":null,"other_logs":null,"out_stock_days":null,"lost_sales":null,"has_location":false,"update_date":"2026-05-05T11:14:56","atum_locations":[],"atum_stock_status":"instock","restock_status":false,"low_stock_amount":"","sales_update_date":"2026-05-04T03:16:54","calc_backorders":null,"acf":[],"brands":[{"id":81,"name":"REIMA","slug":"reima"}],"_links":{"self":[{"href":"https:\/\/dekastar.lt\/lv\/wp-json\/wp\/v2\/product\/14069","targetHints":{"allow":["GET"]}}],"collection":[{"href":"https:\/\/dekastar.lt\/lv\/wp-json\/wp\/v2\/product"}],"about":[{"href":"https:\/\/dekastar.lt\/lv\/wp-json\/wp\/v2\/types\/product"}],"wp:featuredmedia":[{"embeddable":true,"href":"https:\/\/dekastar.lt\/lv\/wp-json\/wp\/v2\/media\/14084"}],"wp:attachment":[{"href":"https:\/\/dekastar.lt\/lv\/wp-json\/wp\/v2\/media?parent=14069"}],"wp:term":[{"taxonomy":"pwb-brand","embeddable":true,"href":"https:\/\/dekastar.lt\/lv\/wp-json\/wp\/v2\/pwb-brand?post=14069"},{"taxonomy":"product_brand","embeddable":true,"href":"https:\/\/dekastar.lt\/lv\/wp-json\/wp\/v2\/product_brand?post=14069"},{"taxonomy":"product_cat","embeddable":true,"href":"https:\/\/dekastar.lt\/lv\/wp-json\/wp\/v2\/product_cat?post=14069"},{"taxonomy":"product_tag","embeddable":true,"href":"https:\/\/dekastar.lt\/lv\/wp-json\/wp\/v2\/product_tag?post=14069"}],"curies":[{"name":"wp","href":"https:\/\/api.w.org\/{rel}","templated":true}]}}