{"id":1408,"date":"2021-12-06T16:12:34","date_gmt":"2021-12-06T16:12:34","guid":{"rendered":"https:\/\/dekastar.lt\/?post_type=product&#038;p=1408"},"modified":"2025-10-22T12:19:29","modified_gmt":"2025-10-22T12:19:29","slug":"reima-merino-vilnos-kaklo-mova-melyna","status":"publish","type":"product","link":"https:\/\/dekastar.lt\/lv\/products\/reima-merino-vilnos-kaklo-mova-melyna\/","title":{"rendered":"REIMA merino vilnas kakla piedurkne (zila)"},"content":{"rendered":"<p><strong>Prek\u0117s \u017eenklo REIMA merino vilnos kaklo mova m\u0117lynos spalvos<\/strong><\/p>\n<p>\u0160aj\u0101 REIMA zvaig\u017e\u0146u kakla gul\u0113t\u0101j\u0101 b\u0113rniem apvienota merino vilnas neparast\u0101 siltums un kokvilnas maigums. Elast\u012bgs, m\u012bksts un viegli uzvelkams pat b\u0113rnam. Tas ir \u012bpa\u0161i pl\u0101ns kakla ieliktnis, t\u0101p\u0113c tas lieliski ieder\u0113sies zem ziemas uzvalka vai jakas. Kakla piedurknei ir \u013coti praktisks dizains, kas nodro\u0161in\u0101s, ka j\u016bsu b\u0113rna kakls vienm\u0113r b\u016bs silti apsegts.<\/p>\n<p>Sast\u0101vs:<\/p>\n<ul>\n<li>\u0100r\u0113jais audums - 100% merino vilna;<\/li>\n<li>Iek\u0161\u0113jais audums (oder\u0113jums) - kokvilna 100%;<\/li>\n<\/ul>\n<p>Produkta specifik\u0101cija:<\/p>\n<ul>\n<li>B\u0113rnu kakla piedurkne;<\/li>\n<li>Siltuma kontrole m\u012bkstai merino vilnai;<\/li>\n<li>Elpojo\u0161s;<\/li>\n<li>Aizmugur\u0113j\u0101 da\u013ca ir divst\u0101vu;<\/li>\n<li>REIMA z\u012bmola logotips priek\u0161pus\u0113;<\/li>\n<li>B\u0113rniem vecum\u0101 no 0 l\u012bdz 4 gadiem.<\/li>\n<\/ul>\n<p>Produkta apkope:<\/p>\n<ul>\n<li>Mazg\u0101jams l\u012bdz 30\u00b0C temperat\u016br\u0101<\/li>\n<li>Mazg\u0101\u0161ana bez balin\u0101t\u0101ja<\/li>\n<li>Mazg\u0101\u0161ana bez ve\u013cas m\u012bkstin\u0101t\u0101jiem<\/li>\n<\/ul>","protected":false},"excerpt":{"rendered":"<p>Prek\u0117s \u017eenklo REIMA merino vilnos kaklo mova m\u0117lynos spalvos \u0160i REIMA Star kaklo mova vaikams sujungia nepaprast\u0105 merino vilnos \u0161ilum\u0105 su medviln\u0117s \u0161velnumu. Elastinga, \u0161velni ir lengvai u\u017ededama net paties vaiko. Tai itin plona kaklo mova, tad puikiai tiks po \u017eieminiu kombinezonu ar striuke. Kaklos mova yra itin prakti\u0161ko dizaino, kuris u\u017etikrins, kad vaiko kaklas [&hellip;]<\/p>\n","protected":false},"featured_media":1411,"template":"","meta":{"_acf_changed":false},"pwb-brand":[81],"product_brand":[],"product_cat":[40,49,231],"product_tag":[],"class_list":{"0":"post-1408","1":"product","2":"type-product","3":"status-publish","4":"has-post-thumbnail","6":"pwb-brand-reima","7":"product_cat-vaikams","8":"product_cat-aksesuarai-vaikams","9":"product_cat-movos","10":"pa_drabuziu-dydis-46-48","12":"first","13":"instock","14":"sale","15":"shipping-taxable","16":"purchasable","17":"product-type-variable"},"supplier_id":null,"supplier_sku":"","barcode":null,"atum_controlled":true,"out_stock_date":null,"out_stock_threshold":null,"inheritable":false,"inbound_stock":null,"stock_on_hold":0,"sold_today":0,"sales_last_days":0,"reserved_stock":null,"customer_returns":null,"warehouse_damage":null,"lost_in_post":null,"other_logs":null,"out_stock_days":0,"lost_sales":0,"has_location":null,"update_date":"2026-04-29T03:15:03","atum_locations":[],"atum_stock_status":"instock","restock_status":false,"low_stock_amount":"","sales_update_date":"2026-04-29T03:15:03","calc_backorders":null,"acf":[],"brands":[{"id":81,"name":"REIMA","slug":"reima"}],"_links":{"self":[{"href":"https:\/\/dekastar.lt\/lv\/wp-json\/wp\/v2\/product\/1408","targetHints":{"allow":["GET"]}}],"collection":[{"href":"https:\/\/dekastar.lt\/lv\/wp-json\/wp\/v2\/product"}],"about":[{"href":"https:\/\/dekastar.lt\/lv\/wp-json\/wp\/v2\/types\/product"}],"wp:featuredmedia":[{"embeddable":true,"href":"https:\/\/dekastar.lt\/lv\/wp-json\/wp\/v2\/media\/1411"}],"wp:attachment":[{"href":"https:\/\/dekastar.lt\/lv\/wp-json\/wp\/v2\/media?parent=1408"}],"wp:term":[{"taxonomy":"pwb-brand","embeddable":true,"href":"https:\/\/dekastar.lt\/lv\/wp-json\/wp\/v2\/pwb-brand?post=1408"},{"taxonomy":"product_brand","embeddable":true,"href":"https:\/\/dekastar.lt\/lv\/wp-json\/wp\/v2\/product_brand?post=1408"},{"taxonomy":"product_cat","embeddable":true,"href":"https:\/\/dekastar.lt\/lv\/wp-json\/wp\/v2\/product_cat?post=1408"},{"taxonomy":"product_tag","embeddable":true,"href":"https:\/\/dekastar.lt\/lv\/wp-json\/wp\/v2\/product_tag?post=1408"}],"curies":[{"name":"wp","href":"https:\/\/api.w.org\/{rel}","templated":true}]}}