{"id":14115,"date":"2026-05-05T11:33:52","date_gmt":"2026-05-05T11:33:52","guid":{"rendered":"https:\/\/dekastar.lt\/?post_type=product&#038;p=14115"},"modified":"2026-05-05T11:34:53","modified_gmt":"2026-05-05T11:34:53","slug":"reima-lomalla-sandalai-melyni","status":"publish","type":"product","link":"https:\/\/dekastar.lt\/lv\/products\/reima-lomalla-sandalai-melyni\/","title":{"rendered":"REIMA LOMALLA sandalai (M\u0117lyni)"},"content":{"rendered":"<p>Jau ne vien\u0105 sezon\u0105 itin pam\u0117gtas ma\u017eyli\u0173 ir j\u0173 t\u0117veli\u0173 sandal\u0173 modelis &#8220;Lomalla&#8221;. \u0160i\u0173 met\u0173 kolekcija dar \u017eaismingesn\u0117, patogesn\u0117. <\/p>\n<p>Patog\u016bs ir lengvi ma\u017eyli\u0173 sandalai su pir\u0161t\u0173 apsauga. Sukurti jud\u0117jimui ir vasaros pramogoms!<\/p>\n<p>    * Vir\u0161utin\u0117 dalis pagaminta i\u0161 sintetin\u0117s med\u017eiagos ir tekstil\u0117s;<br \/>\n    * Elastingi rai\u0161teliai ir u\u017esegimas padeda lengvai apsiauti ir nusiauti sandalus;<br \/>\n    * Velcro konstrukcija u\u017etikrina lengv\u0105 naudojim\u0105;<br \/>\n    * Lankstus ir lengvas Phylon\/Rubber padas;<br \/>\n    * Tekstil\u0117s pamu\u0161alas;<br \/>\n    * I\u0161imami vidpad\u017eiai su Happy Fit spauda padeda rasti tinkam\u0105 dyd\u012f;<br \/>\n    * Be fluorokarbono. Vanden\u012f ir purv\u0105 atstumianti apdaila;<br \/>\n    * Pamu\u0161alas: tekstil\u0117.<\/p>\n<p>Izcelsmes valsts: \u0136\u012bna\/It\u0101lija\/Indija\/Vjetnama.<\/p>\n<p>Prie\u017ei\u016bra: \u0160epe\u010diu \/ \u0161luoste nuvalykite ne\u0161varumus ir i\u0161d\u017eiovinkite kambario temperat\u016broje. Prie\u0161 skalbdami u\u017esekite dir\u017eelius.<\/p>\n<p>Dyd\u017ei\u0173 lentel\u0117 pateikiama kartu su prek\u0117s nuotraukomis<\/p>","protected":false},"excerpt":{"rendered":"<p>Jau ne vien\u0105 sezon\u0105 itin pam\u0117gtas ma\u017eyli\u0173 ir j\u0173 t\u0117veli\u0173 sandal\u0173 modelis &#8220;Lomalla&#8221;. \u0160i\u0173 met\u0173 kolekcija dar \u017eaismingesn\u0117, patogesn\u0117. Patog\u016bs ir lengvi ma\u017eyli\u0173 sandalai su pir\u0161t\u0173 apsauga. Sukurti jud\u0117jimui ir vasaros pramogoms! * Vir\u0161utin\u0117 dalis pagaminta i\u0161 sintetin\u0117s med\u017eiagos ir tekstil\u0117s; * Elastingi rai\u0161teliai ir u\u017esegimas padeda lengvai apsiauti ir nusiauti sandalus; * Velcro konstrukcija [&hellip;]<\/p>\n","protected":false},"featured_media":14131,"template":"","meta":{"_acf_changed":false},"pwb-brand":[81],"product_brand":[],"product_cat":[40,48],"product_tag":[],"class_list":{"0":"post-14115","1":"product","2":"type-product","3":"status-publish","4":"has-post-thumbnail","6":"pwb-brand-reima","7":"product_cat-vaikams","8":"product_cat-avalyne-vaikams","9":"pa_avalynes-dydis-136","10":"pa_avalynes-dydis-135","11":"pa_avalynes-dydis-134","12":"pa_avalynes-dydis-133","13":"pa_avalynes-dydis-132","14":"pa_avalynes-dydis-131","15":"pa_avalynes-dydis-130","16":"pa_avalynes-dydis-119","17":"pa_avalynes-dydis-120","18":"pa_avalynes-dydis-121","19":"pa_avalynes-dydis-122","20":"pa_avalynes-dydis-123","21":"pa_avalynes-dydis-124","22":"pa_avalynes-dydis-125","24":"first","25":"instock","26":"sale","27":"shipping-taxable","28":"purchasable","29":"product-type-variable"},"supplier_id":null,"supplier_sku":"","barcode":null,"atum_controlled":true,"out_stock_date":null,"out_stock_threshold":null,"inheritable":true,"inbound_stock":null,"stock_on_hold":null,"sold_today":null,"sales_last_days":null,"reserved_stock":null,"customer_returns":null,"warehouse_damage":null,"lost_in_post":null,"other_logs":null,"out_stock_days":null,"lost_sales":null,"has_location":false,"update_date":"2026-05-05T11:34:54","atum_locations":[],"atum_stock_status":"instock","restock_status":false,"low_stock_amount":"","sales_update_date":"2026-05-04T03:16:54","calc_backorders":null,"acf":[],"brands":[{"id":81,"name":"REIMA","slug":"reima"}],"_links":{"self":[{"href":"https:\/\/dekastar.lt\/lv\/wp-json\/wp\/v2\/product\/14115","targetHints":{"allow":["GET"]}}],"collection":[{"href":"https:\/\/dekastar.lt\/lv\/wp-json\/wp\/v2\/product"}],"about":[{"href":"https:\/\/dekastar.lt\/lv\/wp-json\/wp\/v2\/types\/product"}],"wp:featuredmedia":[{"embeddable":true,"href":"https:\/\/dekastar.lt\/lv\/wp-json\/wp\/v2\/media\/14131"}],"wp:attachment":[{"href":"https:\/\/dekastar.lt\/lv\/wp-json\/wp\/v2\/media?parent=14115"}],"wp:term":[{"taxonomy":"pwb-brand","embeddable":true,"href":"https:\/\/dekastar.lt\/lv\/wp-json\/wp\/v2\/pwb-brand?post=14115"},{"taxonomy":"product_brand","embeddable":true,"href":"https:\/\/dekastar.lt\/lv\/wp-json\/wp\/v2\/product_brand?post=14115"},{"taxonomy":"product_cat","embeddable":true,"href":"https:\/\/dekastar.lt\/lv\/wp-json\/wp\/v2\/product_cat?post=14115"},{"taxonomy":"product_tag","embeddable":true,"href":"https:\/\/dekastar.lt\/lv\/wp-json\/wp\/v2\/product_tag?post=14115"}],"curies":[{"name":"wp","href":"https:\/\/api.w.org\/{rel}","templated":true}]}}