{"id":14138,"date":"2026-05-05T12:34:48","date_gmt":"2026-05-05T12:34:48","guid":{"rendered":"https:\/\/dekastar.lt\/?post_type=product&#038;p=14138"},"modified":"2026-05-05T12:43:46","modified_gmt":"2026-05-05T12:43:46","slug":"reima-talsi-sandalai-zygio-batai-juodi","status":"publish","type":"product","link":"https:\/\/dekastar.lt\/lv\/products\/reima-talsi-sandalai-zygio-batai-juodi\/","title":{"rendered":"REIMA TALSI sandalai\/\u017eygio batai (Juodi)"},"content":{"rendered":"<p>Patog\u016bs \u017eygiams skirti sandalai, apsaugantys p\u0117d\u0105 \u017eygiuojant bet kokiu reljefu. Platus bat\u0173 galas leid\u017eia koj\u0173 pir\u0161tams pilnai i\u0161sitiesti.<\/p>\n<p>\u0160is patogus sandal\u0173 stilius su apsaugine bat\u0173 nosele yra puikus pasirinkimas atostogoms, \u017eygiams ir \u017eaidimams kieme. Platus bat\u0173 galas leid\u017eia j\u016bs\u0173 vaiko koj\u0173 pir\u0161tams pilnai i\u0161sitiesti. Patvarus guminis padas u\u017etikrina sukibim\u0105, o vidurin\u0117je pado dalyje esantis lengvas EVA tarppadis gerai sugeria sm\u016bgius. D\u0117l elastini\u0173 rai\u0161teli\u0173 \u0161iuos sandalus lengva apsiauti.<\/p>\n<p>    Aug\u0161da\u013ca: tekstils, sint\u0113tika;<br \/>\n    Pamu\u0161alas: Tekstil\u0117, sintetika;<br \/>\n    Zole: sint\u0113tiska.<\/p>","protected":false},"excerpt":{"rendered":"<p>Patog\u016bs \u017eygiams skirti sandalai, apsaugantys p\u0117d\u0105 \u017eygiuojant bet kokiu reljefu. Platus bat\u0173 galas leid\u017eia koj\u0173 pir\u0161tams pilnai i\u0161sitiesti. \u0160is patogus sandal\u0173 stilius su apsaugine bat\u0173 nosele yra puikus pasirinkimas atostogoms, \u017eygiams ir \u017eaidimams kieme. Platus bat\u0173 galas leid\u017eia j\u016bs\u0173 vaiko koj\u0173 pir\u0161tams pilnai i\u0161sitiesti. Patvarus guminis padas u\u017etikrina sukibim\u0105, o vidurin\u0117je pado dalyje esantis lengvas [&hellip;]<\/p>\n","protected":false},"featured_media":14155,"template":"","meta":{"_acf_changed":false},"pwb-brand":[81],"product_brand":[],"product_cat":[40,48],"product_tag":[],"class_list":{"0":"post-14138","1":"product","2":"type-product","3":"status-publish","4":"has-post-thumbnail","6":"pwb-brand-reima","7":"product_cat-vaikams","8":"product_cat-avalyne-vaikams","9":"pa_avalynes-dydis-130","10":"pa_avalynes-dydis-119","11":"pa_avalynes-dydis-120","12":"pa_avalynes-dydis-121","13":"pa_avalynes-dydis-122","14":"pa_avalynes-dydis-123","15":"pa_avalynes-dydis-124","16":"pa_avalynes-dydis-125","17":"pa_avalynes-dydis-90","18":"pa_avalynes-dydis-91","19":"pa_avalynes-dydis-92","21":"first","22":"instock","23":"sale","24":"shipping-taxable","25":"purchasable","26":"product-type-variable"},"supplier_id":null,"supplier_sku":"","barcode":null,"atum_controlled":true,"out_stock_date":null,"out_stock_threshold":null,"inheritable":true,"inbound_stock":null,"stock_on_hold":null,"sold_today":null,"sales_last_days":null,"reserved_stock":null,"customer_returns":null,"warehouse_damage":null,"lost_in_post":null,"other_logs":null,"out_stock_days":null,"lost_sales":null,"has_location":false,"update_date":"2026-05-05T12:43:47","atum_locations":[],"atum_stock_status":"instock","restock_status":false,"low_stock_amount":"","sales_update_date":"2026-05-04T03:16:41","calc_backorders":null,"acf":[],"brands":[{"id":81,"name":"REIMA","slug":"reima"}],"_links":{"self":[{"href":"https:\/\/dekastar.lt\/lv\/wp-json\/wp\/v2\/product\/14138","targetHints":{"allow":["GET"]}}],"collection":[{"href":"https:\/\/dekastar.lt\/lv\/wp-json\/wp\/v2\/product"}],"about":[{"href":"https:\/\/dekastar.lt\/lv\/wp-json\/wp\/v2\/types\/product"}],"wp:featuredmedia":[{"embeddable":true,"href":"https:\/\/dekastar.lt\/lv\/wp-json\/wp\/v2\/media\/14155"}],"wp:attachment":[{"href":"https:\/\/dekastar.lt\/lv\/wp-json\/wp\/v2\/media?parent=14138"}],"wp:term":[{"taxonomy":"pwb-brand","embeddable":true,"href":"https:\/\/dekastar.lt\/lv\/wp-json\/wp\/v2\/pwb-brand?post=14138"},{"taxonomy":"product_brand","embeddable":true,"href":"https:\/\/dekastar.lt\/lv\/wp-json\/wp\/v2\/product_brand?post=14138"},{"taxonomy":"product_cat","embeddable":true,"href":"https:\/\/dekastar.lt\/lv\/wp-json\/wp\/v2\/product_cat?post=14138"},{"taxonomy":"product_tag","embeddable":true,"href":"https:\/\/dekastar.lt\/lv\/wp-json\/wp\/v2\/product_tag?post=14138"}],"curies":[{"name":"wp","href":"https:\/\/api.w.org\/{rel}","templated":true}]}}