{"id":14443,"date":"2026-05-08T13:42:04","date_gmt":"2026-05-08T13:42:04","guid":{"rendered":"https:\/\/dekastar.lt\/?post_type=product&#038;p=14443"},"modified":"2026-05-08T13:43:19","modified_gmt":"2026-05-08T13:43:19","slug":"teva-sandalai-originals-slim-moterims-multi-rausvos","status":"publish","type":"product","link":"https:\/\/dekastar.lt\/lv\/products\/teva-sandalai-originals-slim-moterims-multi-rausvos\/","title":{"rendered":"TEVA sandalai Originals Slim moterims (Multi\/Rausvos)"},"content":{"rendered":"<p>Kasdieniniam d\u0117v\u0117jimui pritaikyto minimalistinio stiliaus \u201eOriginal Universal Slim\u201c modelis yra su greitai d\u017ei\u016bstan\u010diais dir\u017eeliais, tad gal\u0117site m\u0117gautis glotniais vasariniais sandalais su dir\u017eeliais. \u0160is atnaujintas modelis su suma\u017einta nesenstan\u010dios \u201eTeva\u201c nuotyki\u0173 piktogramos versija leis jums m\u0117gautis nuotykiais saul\u0117s kaitroje.<\/p>\n<p>    Geriausiai tinka d\u0117v\u0117ti vis\u0105 dien\u0105, festivaliuose, kelion\u0117ms po miest\u0105, vandens pramogoms;<br \/>\n    Greitai d\u017ei\u016bstantys rai\u0161teliai, pagaminti i\u0161 perdirbto plastiko, naudojant atsekamus ir patikrinamus \u201eUnifi\u00ae\u201c REPREVE\u00ae poliesterio si\u016blus, p\u0117dai suteikia atram\u0105 ir atlaiko sunkumus, o \u201eUniversal Strapping System\u2122\u201c dir\u017eeli\u0173 sistema suteikia daugyb\u0119 reguliavimo ta\u0161k\u0173, kad batai jums tikt\u0173 tobulai;<br \/>\n    Patogus u\u017esegimas kabliuku ir kilpa garantuoja tvirt\u0105 komfort\u0105 ir u\u017etikrina, kad avalyn\u0119 apsiausite ir nusiausite akimirksniu;<br \/>\n    I\u0161 30 proc. perdirbto EVA pagamintas tarppadis u\u017etikrina maksimal\u0173 lengv\u0105 komfort\u0105;<br \/>\n    I\u0161 50 proc. perdirbto kau\u010diuko pagamintas padas u\u017etikrina ilgaam\u017ei\u0161kum\u0105 ir ger\u0105 sukibim\u0105;<br \/>\n    Apsaugotas \u201eLife Natural\u201c \u2013 pipirm\u0117\u010di\u0173 pagrindu pagaminta priemone nuo nemalonaus kvapo;<br \/>\n    Tvarumo iniciatyva (-os): \u201eRegrind\u201c tarppadis. \u201eRegrind\u201c padas. Rai\u0161teliai pagaminti i\u0161 perdirbto plastiko, naudojant atsekamus ir patikrinamus \u201eUnifi\u00ae\u201c REPREVE\u00ae poliesterio si\u016blus;<br \/>\n    Vieno 5 dyd\u017eio moteri\u0161ko, 8 dyd\u017eio vyri\u0161ko (JK) bato svoris \u2013 156 g.<\/p>\n<\/ul>\n<p>IZM\u0112RU TABULA:<\/p>\n<p>&nbsp;<\/p>\n<table class=\"dydziu_lentele\" border=\"0\" width=\"256\" cellspacing=\"0\" cellpadding=\"0\">\n<colgroup>\n<col span=\"4\" width=\"64\" \/> <\/colgroup>\n<tbody>\n<tr>\n<td class=\"xl66\" width=\"64\" height=\"21\">ES<\/td>\n<td class=\"xl66\" width=\"64\">APVIENOT\u0100 KARALISTE<\/td>\n<td class=\"xl66\" width=\"64\">ASV<\/td>\n<td class=\"xl66\" width=\"64\">CM<\/td>\n<\/tr>\n<tr>\n<td class=\"xl65\" width=\"64\" height=\"20\">36<\/td>\n<td class=\"xl65\" width=\"64\">3<\/td>\n<td class=\"xl65\" width=\"64\">5<\/td>\n<td class=\"xl65\" width=\"64\">22<\/td>\n<\/tr>\n<tr>\n<td class=\"xl65\" width=\"64\" height=\"20\">36.5<\/td>\n<td class=\"xl65\" width=\"64\">3.5<\/td>\n<td class=\"xl65\" width=\"64\">5.5<\/td>\n<td class=\"xl65\" width=\"64\">22.5<\/td>\n<\/tr>\n<tr>\n<td class=\"xl65\" width=\"64\" height=\"20\">37<\/td>\n<td class=\"xl65\" width=\"64\">4<\/td>\n<td class=\"xl65\" width=\"64\">6<\/td>\n<td class=\"xl65\" width=\"64\">23<\/td>\n<\/tr>\n<tr>\n<td class=\"xl65\" width=\"64\" height=\"20\">37.5<\/td>\n<td class=\"xl65\" width=\"64\">4.5<\/td>\n<td class=\"xl65\" width=\"64\">6.5<\/td>\n<td class=\"xl65\" width=\"64\">23.5<\/td>\n<\/tr>\n<tr>\n<td class=\"xl65\" width=\"64\" height=\"20\">38<\/td>\n<td class=\"xl65\" width=\"64\">5<\/td>\n<td class=\"xl65\" width=\"64\">7<\/td>\n<td class=\"xl65\" width=\"64\">24<\/td>\n<\/tr>\n<tr>\n<td class=\"xl65\" width=\"64\" height=\"20\">38.5<\/td>\n<td class=\"xl65\" width=\"64\">5.5<\/td>\n<td class=\"xl65\" width=\"64\">7.5<\/td>\n<td class=\"xl65\" width=\"64\">24.5<\/td>\n<\/tr>\n<tr>\n<td class=\"xl65\" width=\"64\" height=\"20\">39<\/td>\n<td class=\"xl65\" width=\"64\">6<\/td>\n<td class=\"xl65\" width=\"64\">8<\/td>\n<td class=\"xl65\" width=\"64\">25<\/td>\n<\/tr>\n<tr>\n<td class=\"xl65\" width=\"64\" height=\"20\">39.5<\/td>\n<td class=\"xl65\" width=\"64\">6.5<\/td>\n<td class=\"xl65\" width=\"64\">8.5<\/td>\n<td class=\"xl65\" width=\"64\">25.5<\/td>\n<\/tr>\n<tr>\n<td class=\"xl65\" width=\"64\" height=\"20\">40<\/td>\n<td class=\"xl65\" width=\"64\">7<\/td>\n<td class=\"xl65\" width=\"64\">9<\/td>\n<td class=\"xl65\" width=\"64\">26<\/td>\n<\/tr>\n<tr>\n<td class=\"xl65\" width=\"64\" height=\"20\">40.5<\/td>\n<td class=\"xl65\" width=\"64\">7.5<\/td>\n<td class=\"xl65\" width=\"64\">9.5<\/td>\n<td class=\"xl65\" width=\"64\">26.5<\/td>\n<\/tr>\n<tr>\n<td class=\"xl65\" width=\"64\" height=\"20\">41<\/td>\n<td class=\"xl65\" width=\"64\">8<\/td>\n<td class=\"xl65\" width=\"64\">10<\/td>\n<td class=\"xl65\" width=\"64\">27<\/td>\n<\/tr>\n<tr>\n<td class=\"xl65\" width=\"64\" height=\"20\">41.5<\/td>\n<td class=\"xl65\" width=\"64\">8.5<\/td>\n<td class=\"xl65\" width=\"64\">10.5<\/td>\n<td class=\"xl65\" width=\"64\">27.5<\/td>\n<\/tr>\n<tr>\n<td class=\"xl65\" width=\"64\" height=\"20\">42<\/td>\n<td class=\"xl65\" width=\"64\">9<\/td>\n<td class=\"xl65\" width=\"64\">11<\/td>\n<td class=\"xl65\" width=\"64\">28<\/td>\n<\/tr>\n<tr>\n<td class=\"xl65\" width=\"64\" height=\"20\">42.5<\/td>\n<td class=\"xl65\" width=\"64\">9.5<\/td>\n<td class=\"xl65\" width=\"64\">11.5<\/td>\n<td class=\"xl65\" width=\"64\">28.5<\/td>\n<\/tr>\n<tr>\n<td class=\"xl65\" width=\"64\" height=\"20\">43<\/td>\n<td class=\"xl65\" width=\"64\">10<\/td>\n<td class=\"xl65\" width=\"64\">12<\/td>\n<td class=\"xl65\" width=\"64\">29<\/td>\n<\/tr>\n<\/tbody>\n<\/table>\n<\/div>","protected":false},"excerpt":{"rendered":"<p>Kasdieniniam d\u0117v\u0117jimui pritaikyto minimalistinio stiliaus \u201eOriginal Universal Slim\u201c modelis yra su greitai d\u017ei\u016bstan\u010diais dir\u017eeliais, tad gal\u0117site m\u0117gautis glotniais vasariniais sandalais su dir\u017eeliais. \u0160is atnaujintas modelis su suma\u017einta nesenstan\u010dios \u201eTeva\u201c nuotyki\u0173 piktogramos versija leis jums m\u0117gautis nuotykiais saul\u0117s kaitroje. Geriausiai tinka d\u0117v\u0117ti vis\u0105 dien\u0105, festivaliuose, kelion\u0117ms po miest\u0105, vandens pramogoms; Greitai d\u017ei\u016bstantys rai\u0161teliai, pagaminti i\u0161 perdirbto [&hellip;]<\/p>\n","protected":false},"featured_media":14451,"template":"","meta":{"_acf_changed":false},"pwb-brand":[280],"product_brand":[],"product_cat":[38,42],"product_tag":[],"class_list":{"0":"post-14443","1":"product","2":"type-product","3":"status-publish","4":"has-post-thumbnail","6":"pwb-brand-teva","7":"product_cat-moterims","8":"product_cat-avalyne","9":"pa_avalynes-dydis-90","10":"pa_avalynes-dydis-91","11":"pa_avalynes-dydis-92","12":"pa_avalynes-dydis-93","13":"pa_avalynes-dydis-94","14":"pa_avalynes-dydis-95","15":"pa_avalynes-dydis-126","17":"first","18":"instock","19":"sale","20":"shipping-taxable","21":"purchasable","22":"product-type-variable"},"supplier_id":null,"supplier_sku":"","barcode":null,"atum_controlled":true,"out_stock_date":null,"out_stock_threshold":null,"inheritable":true,"inbound_stock":null,"stock_on_hold":0,"sold_today":0,"sales_last_days":0,"reserved_stock":null,"customer_returns":null,"warehouse_damage":null,"lost_in_post":null,"other_logs":null,"out_stock_days":0,"lost_sales":0,"has_location":false,"update_date":"2026-05-16T03:20:35","atum_locations":[],"atum_stock_status":"instock","restock_status":false,"low_stock_amount":"","sales_update_date":"2026-05-16T03:20:35","calc_backorders":null,"acf":[],"brands":[{"id":280,"name":"TEVA","slug":"teva"}],"_links":{"self":[{"href":"https:\/\/dekastar.lt\/lv\/wp-json\/wp\/v2\/product\/14443","targetHints":{"allow":["GET"]}}],"collection":[{"href":"https:\/\/dekastar.lt\/lv\/wp-json\/wp\/v2\/product"}],"about":[{"href":"https:\/\/dekastar.lt\/lv\/wp-json\/wp\/v2\/types\/product"}],"wp:featuredmedia":[{"embeddable":true,"href":"https:\/\/dekastar.lt\/lv\/wp-json\/wp\/v2\/media\/14451"}],"wp:attachment":[{"href":"https:\/\/dekastar.lt\/lv\/wp-json\/wp\/v2\/media?parent=14443"}],"wp:term":[{"taxonomy":"pwb-brand","embeddable":true,"href":"https:\/\/dekastar.lt\/lv\/wp-json\/wp\/v2\/pwb-brand?post=14443"},{"taxonomy":"product_brand","embeddable":true,"href":"https:\/\/dekastar.lt\/lv\/wp-json\/wp\/v2\/product_brand?post=14443"},{"taxonomy":"product_cat","embeddable":true,"href":"https:\/\/dekastar.lt\/lv\/wp-json\/wp\/v2\/product_cat?post=14443"},{"taxonomy":"product_tag","embeddable":true,"href":"https:\/\/dekastar.lt\/lv\/wp-json\/wp\/v2\/product_tag?post=14443"}],"curies":[{"name":"wp","href":"https:\/\/api.w.org\/{rel}","templated":true}]}}