{"id":14461,"date":"2026-05-08T13:50:52","date_gmt":"2026-05-08T13:50:52","guid":{"rendered":"https:\/\/dekastar.lt\/?post_type=product&#038;p=14461"},"modified":"2026-05-08T13:51:56","modified_gmt":"2026-05-08T13:51:56","slug":"teva-sandalai-originals-midform-moterims-misko-rastai-juoda-balta","status":"publish","type":"product","link":"https:\/\/dekastar.lt\/lv\/products\/teva-sandalai-originals-midform-moterims-misko-rastai-juoda-balta\/","title":{"rendered":"TEVA sandalai Originals Midform moterims (Mi\u0161ko ra\u0161tai Juoda\/Balta)"},"content":{"rendered":"<p>Pradedant 1984 met\u0173 raftingu Did\u017eiuoju Kanjonu ir pabaigiant kelion\u0117mis aplink pasaul\u012f, tai vienas i\u0161 pirm\u0173j\u0173 Teva sandal\u0173, kuris i\u0161liko lyg nesenstantis palikimas iki \u0161i\u0173 dien\u0173 su utilitarinio dizaino detal\u0117mis.<\/p>\n<p>Kaip ir visi puik\u016bs nuotykiai, kelias link tvarumo prasideda nuo vieno \u017eingsnio! 2020 m. 100% Teva legendini\u0173 dir\u017eeli\u0173 buvo pagaminti i\u0161 perdirbto plastiko. Daugiau infromacijos tvarumo tema rasite \u010dia.<\/p>\n<p>    \u0100tri \u017e\u016bsto\u0161as, \u012bpa\u0161i iztur\u012bgas poliestera siksnas;<br \/>\n    Regul\u0113jamas siksni\u0146as ar Velcro aizdari;<br \/>\n    Univers\u0101la stiprin\u0101juma sist\u0113ma;<br \/>\n    Mink\u0161tas EVA pado intarpas;<br \/>\n    Pado storis apie 3 cm;<br \/>\n    Patvarus &#8221; Durabrasion Rubber\u2122&#8221; guminis padas yra itin patvarus ir gerai sukimba su daugeliu kelio dang\u0173;<br \/>\n    Apdoroti \u201eLife Naturals\u201c &#8211; atsakingai i\u0161gaunama pipirm\u0117\u010di\u0173 pagrindu pagaminta antimikrobine med\u017eiaga, kuri kovoja su kvap\u0105 sukelian\u010di\u0173 bakterij\u0173 dauginimusi;<br \/>\n    Tvarumo iniciatyva (-os): Vegani\u0161ki, dir\u017eeliai pagaminti i\u0161 perdirbto plastiko, naudojant atsekamus ir patikrinamus \u201eUnifi\u00ae\u201c poliesterio si\u016blus REPREVE\u00ae;<br \/>\n    Pus\u0117s poros svoris (JK W5, M8): 227 g.<\/p>\n<p>Kilm\u0117s \u0161alis: Kinija \/ Honkongas \/ Vietnamas.<\/p>\n<\/ul>\n<p>IZM\u0112RU TABULA:<\/p>\n<p>&nbsp;<\/p>\n<table class=\"dydziu_lentele\" border=\"0\" width=\"256\" cellspacing=\"0\" cellpadding=\"0\">\n<colgroup>\n<col span=\"4\" width=\"64\" \/> <\/colgroup>\n<tbody>\n<tr>\n<td class=\"xl66\" width=\"64\" height=\"21\">ES<\/td>\n<td class=\"xl66\" width=\"64\">APVIENOT\u0100 KARALISTE<\/td>\n<td class=\"xl66\" width=\"64\">ASV<\/td>\n<td class=\"xl66\" width=\"64\">CM<\/td>\n<\/tr>\n<tr>\n<td class=\"xl65\" width=\"64\" height=\"20\">36<\/td>\n<td class=\"xl65\" width=\"64\">3<\/td>\n<td class=\"xl65\" width=\"64\">5<\/td>\n<td class=\"xl65\" width=\"64\">22<\/td>\n<\/tr>\n<tr>\n<td class=\"xl65\" width=\"64\" height=\"20\">36.5<\/td>\n<td class=\"xl65\" width=\"64\">3.5<\/td>\n<td class=\"xl65\" width=\"64\">5.5<\/td>\n<td class=\"xl65\" width=\"64\">22.5<\/td>\n<\/tr>\n<tr>\n<td class=\"xl65\" width=\"64\" height=\"20\">37<\/td>\n<td class=\"xl65\" width=\"64\">4<\/td>\n<td class=\"xl65\" width=\"64\">6<\/td>\n<td class=\"xl65\" width=\"64\">23<\/td>\n<\/tr>\n<tr>\n<td class=\"xl65\" width=\"64\" height=\"20\">37.5<\/td>\n<td class=\"xl65\" width=\"64\">4.5<\/td>\n<td class=\"xl65\" width=\"64\">6.5<\/td>\n<td class=\"xl65\" width=\"64\">23.5<\/td>\n<\/tr>\n<tr>\n<td class=\"xl65\" width=\"64\" height=\"20\">38<\/td>\n<td class=\"xl65\" width=\"64\">5<\/td>\n<td class=\"xl65\" width=\"64\">7<\/td>\n<td class=\"xl65\" width=\"64\">24<\/td>\n<\/tr>\n<tr>\n<td class=\"xl65\" width=\"64\" height=\"20\">38.5<\/td>\n<td class=\"xl65\" width=\"64\">5.5<\/td>\n<td class=\"xl65\" width=\"64\">7.5<\/td>\n<td class=\"xl65\" width=\"64\">24.5<\/td>\n<\/tr>\n<tr>\n<td class=\"xl65\" width=\"64\" height=\"20\">39<\/td>\n<td class=\"xl65\" width=\"64\">6<\/td>\n<td class=\"xl65\" width=\"64\">8<\/td>\n<td class=\"xl65\" width=\"64\">25<\/td>\n<\/tr>\n<tr>\n<td class=\"xl65\" width=\"64\" height=\"20\">39.5<\/td>\n<td class=\"xl65\" width=\"64\">6.5<\/td>\n<td class=\"xl65\" width=\"64\">8.5<\/td>\n<td class=\"xl65\" width=\"64\">25.5<\/td>\n<\/tr>\n<tr>\n<td class=\"xl65\" width=\"64\" height=\"20\">40<\/td>\n<td class=\"xl65\" width=\"64\">7<\/td>\n<td class=\"xl65\" width=\"64\">9<\/td>\n<td class=\"xl65\" width=\"64\">26<\/td>\n<\/tr>\n<tr>\n<td class=\"xl65\" width=\"64\" height=\"20\">40.5<\/td>\n<td class=\"xl65\" width=\"64\">7.5<\/td>\n<td class=\"xl65\" width=\"64\">9.5<\/td>\n<td class=\"xl65\" width=\"64\">26.5<\/td>\n<\/tr>\n<tr>\n<td class=\"xl65\" width=\"64\" height=\"20\">41<\/td>\n<td class=\"xl65\" width=\"64\">8<\/td>\n<td class=\"xl65\" width=\"64\">10<\/td>\n<td class=\"xl65\" width=\"64\">27<\/td>\n<\/tr>\n<tr>\n<td class=\"xl65\" width=\"64\" height=\"20\">41.5<\/td>\n<td class=\"xl65\" width=\"64\">8.5<\/td>\n<td class=\"xl65\" width=\"64\">10.5<\/td>\n<td class=\"xl65\" width=\"64\">27.5<\/td>\n<\/tr>\n<tr>\n<td class=\"xl65\" width=\"64\" height=\"20\">42<\/td>\n<td class=\"xl65\" width=\"64\">9<\/td>\n<td class=\"xl65\" width=\"64\">11<\/td>\n<td class=\"xl65\" width=\"64\">28<\/td>\n<\/tr>\n<tr>\n<td class=\"xl65\" width=\"64\" height=\"20\">42.5<\/td>\n<td class=\"xl65\" width=\"64\">9.5<\/td>\n<td class=\"xl65\" width=\"64\">11.5<\/td>\n<td class=\"xl65\" width=\"64\">28.5<\/td>\n<\/tr>\n<tr>\n<td class=\"xl65\" width=\"64\" height=\"20\">43<\/td>\n<td class=\"xl65\" width=\"64\">10<\/td>\n<td class=\"xl65\" width=\"64\">12<\/td>\n<td class=\"xl65\" width=\"64\">29<\/td>\n<\/tr>\n<\/tbody>\n<\/table>\n<\/div>","protected":false},"excerpt":{"rendered":"<p>Pradedant 1984 met\u0173 raftingu Did\u017eiuoju Kanjonu ir pabaigiant kelion\u0117mis aplink pasaul\u012f, tai vienas i\u0161 pirm\u0173j\u0173 Teva sandal\u0173, kuris i\u0161liko lyg nesenstantis palikimas iki \u0161i\u0173 dien\u0173 su utilitarinio dizaino detal\u0117mis. Kaip ir visi puik\u016bs nuotykiai, kelias link tvarumo prasideda nuo vieno \u017eingsnio! 2020 m. 100% Teva legendini\u0173 dir\u017eeli\u0173 buvo pagaminti i\u0161 perdirbto plastiko. Daugiau infromacijos tvarumo [&hellip;]<\/p>\n","protected":false},"featured_media":14469,"template":"","meta":{"_acf_changed":false},"pwb-brand":[280],"product_brand":[],"product_cat":[38,42],"product_tag":[],"class_list":{"0":"post-14461","1":"product","2":"type-product","3":"status-publish","4":"has-post-thumbnail","6":"pwb-brand-teva","7":"product_cat-moterims","8":"product_cat-avalyne","9":"pa_avalynes-dydis-90","10":"pa_avalynes-dydis-91","11":"pa_avalynes-dydis-92","12":"pa_avalynes-dydis-93","13":"pa_avalynes-dydis-94","14":"pa_avalynes-dydis-95","15":"pa_avalynes-dydis-126","17":"first","18":"instock","19":"sale","20":"shipping-taxable","21":"purchasable","22":"product-type-variable"},"supplier_id":null,"supplier_sku":"","barcode":null,"atum_controlled":true,"out_stock_date":null,"out_stock_threshold":null,"inheritable":true,"inbound_stock":null,"stock_on_hold":0,"sold_today":0,"sales_last_days":0,"reserved_stock":null,"customer_returns":null,"warehouse_damage":null,"lost_in_post":null,"other_logs":null,"out_stock_days":0,"lost_sales":0,"has_location":false,"update_date":"2026-05-16T03:20:35","atum_locations":[],"atum_stock_status":"instock","restock_status":false,"low_stock_amount":"","sales_update_date":"2026-05-16T03:20:35","calc_backorders":null,"acf":[],"brands":[{"id":280,"name":"TEVA","slug":"teva"}],"_links":{"self":[{"href":"https:\/\/dekastar.lt\/lv\/wp-json\/wp\/v2\/product\/14461","targetHints":{"allow":["GET"]}}],"collection":[{"href":"https:\/\/dekastar.lt\/lv\/wp-json\/wp\/v2\/product"}],"about":[{"href":"https:\/\/dekastar.lt\/lv\/wp-json\/wp\/v2\/types\/product"}],"wp:featuredmedia":[{"embeddable":true,"href":"https:\/\/dekastar.lt\/lv\/wp-json\/wp\/v2\/media\/14469"}],"wp:attachment":[{"href":"https:\/\/dekastar.lt\/lv\/wp-json\/wp\/v2\/media?parent=14461"}],"wp:term":[{"taxonomy":"pwb-brand","embeddable":true,"href":"https:\/\/dekastar.lt\/lv\/wp-json\/wp\/v2\/pwb-brand?post=14461"},{"taxonomy":"product_brand","embeddable":true,"href":"https:\/\/dekastar.lt\/lv\/wp-json\/wp\/v2\/product_brand?post=14461"},{"taxonomy":"product_cat","embeddable":true,"href":"https:\/\/dekastar.lt\/lv\/wp-json\/wp\/v2\/product_cat?post=14461"},{"taxonomy":"product_tag","embeddable":true,"href":"https:\/\/dekastar.lt\/lv\/wp-json\/wp\/v2\/product_tag?post=14461"}],"curies":[{"name":"wp","href":"https:\/\/api.w.org\/{rel}","templated":true}]}}