{"id":1457,"date":"2021-12-07T12:05:30","date_gmt":"2021-12-07T12:05:30","guid":{"rendered":"https:\/\/dekastar.lt\/?post_type=product&#038;p=1457"},"modified":"2025-10-22T12:19:32","modified_gmt":"2025-10-22T12:19:32","slug":"helly-hansen-kaklo-mova-unisex-pilka","status":"publish","type":"product","link":"https:\/\/dekastar.lt\/lv\/products\/helly-hansen-kaklo-mova-unisex-pilka\/","title":{"rendered":"Helly Hansen unisex kakla piedurkne (pel\u0113ka)"},"content":{"rendered":"<p>HELLY HANSEN z\u012bmola kakla piedurkne, kas ir piem\u0113rota gan v\u012brie\u0161iem, gan sieviet\u0113m. Tas ir izteiksm\u012bgs, praktisks un izteiksm\u012bgs aksesu\u0101rs. \u0160\u012b kakla piedurkne kalpos k\u0101 m\u012bksta, silta aizsardz\u012bba pret v\u0113ju un aukstumu. Helly Hansen kakla piedurkni COL HH ieteicams valk\u0101t ne tikai k\u0101 kakla aizsargu, bet ar\u012b k\u0101 galvassegu.<\/p>\n<p>&nbsp;<\/p>\n<p><em>Produkta specifik\u0101cija:<\/em><\/p>\n<ul>\n<li>Sast\u0101vs: 100 % poliestera;<\/li>\n<li>Svars: 32 gr;<\/li>\n<li>Platums: 23 cm<\/li>\n<li>Augstums: 50 cm<\/li>\n<\/ul>","protected":false},"excerpt":{"rendered":"<p>Prek\u0117s \u017eenklo HELLY HANSEN kaklo mova, kuri tinkama d\u0117v\u0117ti tiek vyrams, tiek moterims. Tai i\u0161skirtinis, prakti\u0161kas ir ry\u0161kus aksesuaras. \u0160i kaklo mova tarnaus kaip \u0161velni, \u0161ilta apsauga nuo v\u0117jo ir \u0161al\u010dio. Helly Hansen kaklo mova\u00a0 COL HH rekomenduojama ne\u0161ioti ne tik kaip kaklo apsaug\u0105, bet ir kaip galvajuost\u0119. &nbsp; Prek\u0117s specifikacija: Sud\u0117tis: 100 % poliesteris; [&hellip;]<\/p>\n","protected":false},"featured_media":1458,"template":"","meta":{"_acf_changed":false},"pwb-brand":[102],"product_brand":[],"product_cat":[38,46,43,39],"product_tag":[],"class_list":{"0":"post-1457","1":"product","2":"type-product","3":"status-publish","4":"has-post-thumbnail","6":"pwb-brand-helly-hansen","7":"product_cat-moterims","8":"product_cat-aksesuarai-vyrams","9":"product_cat-aksesuarai","10":"product_cat-vyrams","11":"pa_drabuziu-dydis-universalus","13":"first","14":"outofstock","15":"shipping-taxable","16":"product-type-variable"},"supplier_id":null,"supplier_sku":"","barcode":null,"atum_controlled":true,"out_stock_date":null,"out_stock_threshold":null,"inheritable":false,"inbound_stock":null,"stock_on_hold":0,"sold_today":0,"sales_last_days":0,"reserved_stock":null,"customer_returns":null,"warehouse_damage":null,"lost_in_post":null,"other_logs":null,"out_stock_days":0,"lost_sales":0,"has_location":null,"update_date":"2026-05-01T03:15:30","atum_locations":[],"atum_stock_status":"outofstock","restock_status":false,"low_stock_amount":"","sales_update_date":"2026-05-01T03:15:30","calc_backorders":null,"acf":[],"brands":[{"id":102,"name":"HELLY HANSEN","slug":"helly-hansen"}],"_links":{"self":[{"href":"https:\/\/dekastar.lt\/lv\/wp-json\/wp\/v2\/product\/1457","targetHints":{"allow":["GET"]}}],"collection":[{"href":"https:\/\/dekastar.lt\/lv\/wp-json\/wp\/v2\/product"}],"about":[{"href":"https:\/\/dekastar.lt\/lv\/wp-json\/wp\/v2\/types\/product"}],"wp:featuredmedia":[{"embeddable":true,"href":"https:\/\/dekastar.lt\/lv\/wp-json\/wp\/v2\/media\/1458"}],"wp:attachment":[{"href":"https:\/\/dekastar.lt\/lv\/wp-json\/wp\/v2\/media?parent=1457"}],"wp:term":[{"taxonomy":"pwb-brand","embeddable":true,"href":"https:\/\/dekastar.lt\/lv\/wp-json\/wp\/v2\/pwb-brand?post=1457"},{"taxonomy":"product_brand","embeddable":true,"href":"https:\/\/dekastar.lt\/lv\/wp-json\/wp\/v2\/product_brand?post=1457"},{"taxonomy":"product_cat","embeddable":true,"href":"https:\/\/dekastar.lt\/lv\/wp-json\/wp\/v2\/product_cat?post=1457"},{"taxonomy":"product_tag","embeddable":true,"href":"https:\/\/dekastar.lt\/lv\/wp-json\/wp\/v2\/product_tag?post=1457"}],"curies":[{"name":"wp","href":"https:\/\/api.w.org\/{rel}","templated":true}]}}