{"id":1487,"date":"2021-12-07T13:46:07","date_gmt":"2021-12-07T13:46:07","guid":{"rendered":"https:\/\/dekastar.lt\/?post_type=product&#038;p=1487"},"modified":"2025-10-22T12:19:32","modified_gmt":"2025-10-22T12:19:32","slug":"helly-hansen-legendary-ziema-slidinejimo-kelnes","status":"publish","type":"product","link":"https:\/\/dekastar.lt\/lv\/products\/helly-hansen-legendary-ziema-slidinejimo-kelnes\/","title":{"rendered":"Helly Hansen LEGENDARY B\u0113rnu ziemas\/sl\u0113po\u0161anas bikses"},"content":{"rendered":"<p>Ieg\u0101d\u0101jieties piem\u0113rotu ap\u0123\u0113rbu jautriem piedz\u012bvojumiem tras\u0113 ar Junior Legendary Ski Pants komplektu. T\u0101s izstr\u0101d\u0101jis norv\u0113\u0123u z\u012bmols Helly Hansen un piel\u0101gotas skarbajam Skandin\u0101vijas klimatam.<\/p>\n<p>- \u016adensnecaurlaid\u012bba no 10 000 l\u012bdz &lt; 20000 mm.<\/p>\n<p>- \u013boti iztur\u012bgs pret v\u0113ju - 2-12 CFM augsta v\u0113ja pretest\u012bba, piem\u0113rots alp\u012bnismam.<\/p>\n<p>- Elpojo\u0161s 5000 l\u012bdz &lt; 10.000g\/m2\/24h<\/p>\n<p>- Iztur\u012bgs un izgatavots no iztur\u012bg\u0101m \u0161\u0137iedr\u0101m.<\/p>\n<p>- Stingras \u0161uves l\u012bnijas.<\/p>\n<p>- Primaloft\u00ae izol\u0101cija.<\/p>\n<p>- RECCO\u00ae Advanced Rescue System.<\/p>\n<p>- Pagarin\u0101ta silueta dizains.<\/p>\n<p>- Regul\u0113jams viduklis ar Velcro uzl\u012bmi.<\/p>\n<p>- Aizdares r\u0101v\u0113jsl\u0113dz\u0113ja aizdare priek\u0161pus\u0113 ar aizdares pogu.<\/p>\n<p>- Stingr\u0101ka aizmugur\u0113j\u0101 apak\u0161mala un pastiprin\u0101ts audums apak\u0161stilba da\u013c\u0101.<\/p>\n<p>- Divas r\u0101v\u0113jsl\u0113dz\u0113ja aizdares kabatas priek\u0161pus\u0113.<\/p>\n<p>- Zipu ventil\u0101cija k\u0101ju zon\u0101.<\/p>\n<p>- Trikot\u0101\u017eas audums s\u0113\u017eamvietas zon\u0101 nodro\u0161ina papildu siltumu un komfortu.<\/p>\n<p>- \u0160uve kust\u012bbu br\u012bv\u012bbai.<\/p>\n<p>- Kravas ce\u013cu zonas.<\/p>\n<p>- Sniega getras.<\/p>\n<p>- Kr\u0101sa: violeta (lavandas)<\/p>\n<p><em>Sast\u0101vs:<\/em><\/p>\n<p>- \u0100r\u0113jais sl\u0101nis, pildviela: 100% Poliesters.<\/p>\n<p>- Aizmugur\u0113jais: 100% Poliuret\u0101ns.<\/p>\n<p>- 2. \u0101r\u0113jais sl\u0101nis: 100% Poliam\u012bds.<\/p>\n<p>- Aizmugur\u0113jais: 100% Poliuret\u0101ns.<\/p>\n<p>- Odere: 100% Poliam\u012bds.<\/p>\n<p>- Odere 2: 100% Poliesters.<\/p>\n<p>- Var mazg\u0101t ve\u013casma\u0161\u012bn\u0101 40 gr\u0101du temperat\u016br\u0101.<\/p>","protected":false},"excerpt":{"rendered":"<p>\u012esigykite tinkam\u0105 aprang\u0105 smagiems nuotykiams slidin\u0117jimo trasose i\u0161 asortimento Junior Legendary Ski Pants. Norvegijos prek\u0117s \u017eenklo Helly Hansen apranga sukurta ir pritaikyta at\u0161iauriam Skandinavijos klimatui. \u2013 Nelaid\u017eios vandeniui 10.000 to &lt; 20000 mm. \u2013 Ypatingai nepralaid\u017eios v\u0117jui &#8211; 2-12 CFM auk\u0161tas atsparumas v\u0117jui, pritaikytos alpinizmui. \u2013 Kv\u0117puojan\u010dios 5000 iki &lt; 10.000g\/m2\/24val. \u2013 Patvarios i\u0161 sunkiai [&hellip;]<\/p>\n","protected":false},"featured_media":1491,"template":"","meta":{"_acf_changed":false},"pwb-brand":[102],"product_brand":[],"product_cat":[40,73,55],"product_tag":[],"class_list":{"0":"post-1487","1":"product","2":"type-product","3":"status-publish","4":"has-post-thumbnail","6":"pwb-brand-helly-hansen","7":"product_cat-vaikams","8":"product_cat-kelnes-apranga-laisvalaikiui-vaikams","9":"product_cat-apranga-laisvalaikiui-vaikams","10":"pa_drabuziu-dydis-157","12":"first","13":"instock","14":"sale","15":"shipping-taxable","16":"purchasable","17":"product-type-variable"},"supplier_id":null,"supplier_sku":"","barcode":null,"atum_controlled":true,"out_stock_date":null,"out_stock_threshold":null,"inheritable":false,"inbound_stock":null,"stock_on_hold":0,"sold_today":0,"sales_last_days":0,"reserved_stock":null,"customer_returns":null,"warehouse_damage":null,"lost_in_post":null,"other_logs":null,"out_stock_days":0,"lost_sales":0,"has_location":null,"update_date":"2026-04-27T03:13:15","atum_locations":[],"atum_stock_status":"instock","restock_status":false,"low_stock_amount":"","sales_update_date":"2026-04-27T03:13:15","calc_backorders":null,"acf":[],"brands":[{"id":102,"name":"HELLY HANSEN","slug":"helly-hansen"}],"_links":{"self":[{"href":"https:\/\/dekastar.lt\/lv\/wp-json\/wp\/v2\/product\/1487","targetHints":{"allow":["GET"]}}],"collection":[{"href":"https:\/\/dekastar.lt\/lv\/wp-json\/wp\/v2\/product"}],"about":[{"href":"https:\/\/dekastar.lt\/lv\/wp-json\/wp\/v2\/types\/product"}],"wp:featuredmedia":[{"embeddable":true,"href":"https:\/\/dekastar.lt\/lv\/wp-json\/wp\/v2\/media\/1491"}],"wp:attachment":[{"href":"https:\/\/dekastar.lt\/lv\/wp-json\/wp\/v2\/media?parent=1487"}],"wp:term":[{"taxonomy":"pwb-brand","embeddable":true,"href":"https:\/\/dekastar.lt\/lv\/wp-json\/wp\/v2\/pwb-brand?post=1487"},{"taxonomy":"product_brand","embeddable":true,"href":"https:\/\/dekastar.lt\/lv\/wp-json\/wp\/v2\/product_brand?post=1487"},{"taxonomy":"product_cat","embeddable":true,"href":"https:\/\/dekastar.lt\/lv\/wp-json\/wp\/v2\/product_cat?post=1487"},{"taxonomy":"product_tag","embeddable":true,"href":"https:\/\/dekastar.lt\/lv\/wp-json\/wp\/v2\/product_tag?post=1487"}],"curies":[{"name":"wp","href":"https:\/\/api.w.org\/{rel}","templated":true}]}}