{"id":1510,"date":"2021-12-07T15:21:12","date_gmt":"2021-12-07T15:21:12","guid":{"rendered":"https:\/\/dekastar.lt\/?post_type=product&#038;p=1510"},"modified":"2025-10-22T12:19:33","modified_gmt":"2025-10-22T12:19:33","slug":"craft-termo-rubu-komplektas","status":"publish","type":"product","link":"https:\/\/dekastar.lt\/lv\/products\/craft-termo-rubu-komplektas\/","title":{"rendered":"CRAFT termove\u013cas komplekts"},"content":{"rendered":"<p>Zviedru z\u012bmola CRAFT termove\u013cas komplekts meiten\u0113m ir lieliska izv\u0113le \u0101ra aktivit\u0101t\u0113m, sportam vai vienk\u0101r\u0161i izklaid\u0113m m\u0101j\u0101s. Tas ir \u0113rts, sv\u012btrains trikot\u0101\u017eas komplekts, kas nodro\u0161ina lielisku mitruma novad\u012b\u0161anu un siltuma regul\u0113\u0161anu. Komplekt\u0101 ietilpst T-krekls ar gar\u0101m piedurkn\u0113m un garas bikses. Audums ir elpojo\u0161s, pl\u0101ns un \u013coti m\u012bksts valk\u0101\u0161anai. Apak\u0161ve\u013cas komplektam ir elast\u012bgs audums un \u0161uves, lai b\u0113rna kust\u012bbas netiktu ierobe\u017eotas nevienas aktivit\u0101tes laik\u0101.<\/p>\n<p>Produkta \u012bpa\u0161\u012bbas:<\/p>\n<ul>\n<li>Komplekt\u0101 ietilpst T-krekls ar gar\u0101m piedurkn\u0113m un garas bikses;<\/li>\n<li>Apak\u0161ve\u013ca, kas piem\u0113rota da\u017e\u0101d\u0101m fizisk\u0101m aktivit\u0101t\u0113m, ikdienas valk\u0101\u0161anai un sportam.<\/li>\n<li>V\u0113siem un aukstiem laika apst\u0101k\u013ciem<\/li>\n<li>Audums pl\u0101ns, pat\u012bkams valk\u0101t<\/li>\n<li>M\u012bksts, elpojo\u0161s audums saglab\u0101 siltumu un \u0101tri novada mitrumu.<\/li>\n<li>Ergonomisks piegriezums piln\u012bgai kust\u012bbu br\u012bv\u012bbai<\/li>\n<li>M\u012bksti aproces uz k\u0101j\u0101m un rok\u0101m, bez spiediena, bez kust\u012bbu trauc\u0113jumiem.<\/li>\n<li>Plakanas, elast\u012bgas \u0161uves<\/li>\n<li>Var mazg\u0101t l\u012bdz 40 gr\u0101diem. Mazg\u0101t bez audumu m\u012bkstin\u0101t\u0101ja. Negludin\u0101t<\/li>\n<\/ul>\n<pre id=\"tw-target-text\" class=\"tw-data-text tw-text-large tw-ta\" dir=\"ltr\" data-placeholder=\"Vertimas\"><span class=\"Y2IQFc\" lang=\"lt\">\u00a0<\/span><\/pre>","protected":false},"excerpt":{"rendered":"<p>\u0160ved\u0173 prek\u0117s \u017eenklo CRAFT apatini\u0173 termo r\u016bb\u0173 komplektas mergaitei puikus pasirinkimas aktyviai veiklai lauke, sportuojant ar tiesiog \u0161auniai leid\u017eiant laik\u0105 namie. Tai komforti\u0161kas, juostinio audimo trikota\u017eo komplektukas, kuris pasi\u017eymi itin geru dr\u0117gm\u0117s garinimo, \u0161ilumos reguliavimu. Komplekt\u0105 sudaro mar\u0161kin\u0117liai ilgomis rankov\u0117mis bei ilgos keln\u0117s. Audinys yra kv\u0117puojantis, plonas ir labai \u0161velnus d\u0117v\u0117ti. Apatini\u0173 r\u016bb\u0173 komplektas yra [&hellip;]<\/p>\n","protected":false},"featured_media":1513,"template":"","meta":{"_acf_changed":false},"pwb-brand":[161],"product_brand":[],"product_cat":[40,201,54],"product_tag":[],"class_list":{"0":"post-1510","1":"product","2":"type-product","3":"status-publish","4":"has-post-thumbnail","6":"pwb-brand-craft","7":"product_cat-vaikams","8":"product_cat-apatiniai-drabuziai-visai-seimai","9":"product_cat-apatiniai-rubai-apranga-vaikams","10":"pa_drabuziu-dydis-158-164","12":"first","13":"instock","14":"sale","15":"shipping-taxable","16":"purchasable","17":"product-type-variable"},"supplier_id":null,"supplier_sku":"","barcode":null,"atum_controlled":true,"out_stock_date":null,"out_stock_threshold":null,"inheritable":false,"inbound_stock":null,"stock_on_hold":0,"sold_today":0,"sales_last_days":0,"reserved_stock":null,"customer_returns":null,"warehouse_damage":null,"lost_in_post":null,"other_logs":null,"out_stock_days":0,"lost_sales":0,"has_location":null,"update_date":"2026-05-04T03:17:10","atum_locations":[],"atum_stock_status":"instock","restock_status":false,"low_stock_amount":"","sales_update_date":"2026-05-04T03:17:10","calc_backorders":null,"acf":[],"brands":[{"id":161,"name":"CRAFT","slug":"craft"}],"_links":{"self":[{"href":"https:\/\/dekastar.lt\/lv\/wp-json\/wp\/v2\/product\/1510","targetHints":{"allow":["GET"]}}],"collection":[{"href":"https:\/\/dekastar.lt\/lv\/wp-json\/wp\/v2\/product"}],"about":[{"href":"https:\/\/dekastar.lt\/lv\/wp-json\/wp\/v2\/types\/product"}],"wp:featuredmedia":[{"embeddable":true,"href":"https:\/\/dekastar.lt\/lv\/wp-json\/wp\/v2\/media\/1513"}],"wp:attachment":[{"href":"https:\/\/dekastar.lt\/lv\/wp-json\/wp\/v2\/media?parent=1510"}],"wp:term":[{"taxonomy":"pwb-brand","embeddable":true,"href":"https:\/\/dekastar.lt\/lv\/wp-json\/wp\/v2\/pwb-brand?post=1510"},{"taxonomy":"product_brand","embeddable":true,"href":"https:\/\/dekastar.lt\/lv\/wp-json\/wp\/v2\/product_brand?post=1510"},{"taxonomy":"product_cat","embeddable":true,"href":"https:\/\/dekastar.lt\/lv\/wp-json\/wp\/v2\/product_cat?post=1510"},{"taxonomy":"product_tag","embeddable":true,"href":"https:\/\/dekastar.lt\/lv\/wp-json\/wp\/v2\/product_tag?post=1510"}],"curies":[{"name":"wp","href":"https:\/\/api.w.org\/{rel}","templated":true}]}}