{"id":1747,"date":"2021-12-09T11:38:57","date_gmt":"2021-12-09T11:38:57","guid":{"rendered":"https:\/\/dekastar.lt\/?post_type=product&#038;p=1747"},"modified":"2025-10-22T12:19:37","modified_gmt":"2025-10-22T12:19:37","slug":"reima-ziemine-striuke-toki","status":"publish","type":"product","link":"https:\/\/dekastar.lt\/lv\/products\/reima-ziemine-striuke-toki\/","title":{"rendered":"REIMA ziemas jaka TOKI"},"content":{"rendered":"<p>REIMA Tec ziemas jaka TOKI ir lieliska izv\u0113le ziemas priekam. Tai ir ne tikai gl\u012bts dizains ar rota\u013c\u012bgiem spilgtu kr\u0101su to\u0146iem, bet ar\u012b visaugst\u0101kie kvalit\u0101tes standarti. Jaka ir izgatavota no \u016bdensnecaurlaid\u012bga un v\u0113ju necaurlaid\u012bga auduma, kas nodro\u0161ina gaisa cirkul\u0101ciju, t. i., ir \"elpojo\u0161a\". Visas \u0161uves ir l\u012bm\u0113tas, un r\u0101v\u0113jsl\u0113dz\u0113js ir pasl\u0113pts zem atloka, lai nodro\u0161in\u0101tu siltumu un sausumu pat tad, ja \u0101r\u0101 ilgsto\u0161i snieg vai l\u012bst. Lai jebkuros laikapst\u0101k\u013cos saglab\u0101tu v\u0113su noska\u0146ojumu, jakai ir liela, \u012bpa\u0161i izol\u0113ta un no\u0146emama kapuce.  \u0160ai jakai ir gara mugura, regul\u0113jama jostasvieta iek\u0161pus\u0113, divas v\u0113sa izm\u0113ra kabatas \u0101rpus\u0113 un elast\u012bgas aproces ar mu\u0161u izol\u0101ciju. \u0160is modelis ir paredz\u0113ts meiten\u0113m.<\/p>\n<p><em>Produkta specifik\u0101cija:<\/em><\/p>\n<ul>\n<li>Visas \u0161uves ir l\u012bm\u0113tas, lai nodro\u0161in\u0101tu \u016bdensnecaurlaid\u012bbu.<\/li>\n<li>\u012apa\u0161a tehnolo\u0123ija \u016bdens un net\u012brumu atvair\u012b\u0161anai<\/li>\n<li>V\u0113ja necaurlaid\u012bgs \u0101r\u0113jais audums<\/li>\n<li>Elpojo\u0161s gan \u0101r\u0113jais, gan iek\u0161\u0113jais audums<\/li>\n<li>Mitruma iztur\u012bbas indekss: 8000 mm.<\/li>\n<li>Reima Soft Loft izol\u0101cija 160 g\/m2<\/li>\n<li>Atstarot\u0101ji jaka priek\u0161pus\u0113 un aizmugur\u0113 b\u0113rna dro\u0161\u012bbai un redzam\u012bbai.<\/li>\n<li>No\u0146emams p\u0101rsegs<\/li>\n<li>Odere : 100% poliesteris<\/li>\n<li>Aizmugur\u0113j\u0101 da\u013ca ir pagarin\u0101ta<\/li>\n<li>Divas priek\u0161\u0113j\u0101s kabatas ar aizdari<\/li>\n<li>Zoda aizsardz\u012bba<\/li>\n<li>Regul\u0113jama josta jostasviet\u0101<\/li>\n<li>Jaka apak\u0161malu var savilkt pret v\u0113ju<\/li>\n<li>Piem\u0113rots l\u012bdz -20 gr\u0101diem p\u0113c Celsija<\/li>\n<li>Kr\u0101sa: tum\u0161i zila (ra\u017eot\u0101ja nor\u0101de: Navy)<\/li>\n<\/ul>\n<p>&nbsp;<\/p>","protected":false},"excerpt":{"rendered":"<p>Prek\u0117s \u017eenklo REIMA Tec \u017eiemin\u0117 striuk\u0117 TOKI yra puikus pasirinkimas \u017eiemos linksmyb\u0117s. Tai ne tik dailaus dizaino modeliukas su \u017eaismingais ry\u0161ki\u0173 spalv\u0173 potepiais, bet ir auk\u0161\u010diausi\u0173 kokyb\u0117s standart\u0173 derinys. Striuk\u0117 yra pagaminta i\u0161 vandeniui bei v\u0117jui nepralaidaus audinio, kuris u\u017etikrina oro cirkuliacij\u0105, t.y. &#8220;kv\u0117puojantis&#8221;. \u0160ilumos izoliacijai bei sausumui u\u017etikrinti net ir ilg\u0105 laik\u0105 leid\u017eiant lauke [&hellip;]<\/p>\n","protected":false},"featured_media":1749,"template":"","meta":{"_acf_changed":false},"pwb-brand":[81],"product_brand":[],"product_cat":[40,65],"product_tag":[],"class_list":{"0":"post-1747","1":"product","2":"type-product","3":"status-publish","4":"has-post-thumbnail","6":"pwb-brand-reima","7":"product_cat-vaikams","8":"product_cat-ziemines-striukes-paltai-lauko-apranga-vaikams","9":"pa_drabuziu-dydis-145","11":"first","12":"outofstock","13":"shipping-taxable","14":"product-type-variable"},"supplier_id":null,"supplier_sku":"","barcode":null,"atum_controlled":true,"out_stock_date":null,"out_stock_threshold":null,"inheritable":false,"inbound_stock":null,"stock_on_hold":0,"sold_today":0,"sales_last_days":0,"reserved_stock":null,"customer_returns":null,"warehouse_damage":null,"lost_in_post":null,"other_logs":null,"out_stock_days":0,"lost_sales":0,"has_location":null,"update_date":"2026-05-11T03:20:57","atum_locations":[],"atum_stock_status":"outofstock","restock_status":false,"low_stock_amount":"","sales_update_date":"2026-05-11T03:20:57","calc_backorders":null,"acf":[],"brands":[{"id":81,"name":"REIMA","slug":"reima"}],"_links":{"self":[{"href":"https:\/\/dekastar.lt\/lv\/wp-json\/wp\/v2\/product\/1747","targetHints":{"allow":["GET"]}}],"collection":[{"href":"https:\/\/dekastar.lt\/lv\/wp-json\/wp\/v2\/product"}],"about":[{"href":"https:\/\/dekastar.lt\/lv\/wp-json\/wp\/v2\/types\/product"}],"wp:featuredmedia":[{"embeddable":true,"href":"https:\/\/dekastar.lt\/lv\/wp-json\/wp\/v2\/media\/1749"}],"wp:attachment":[{"href":"https:\/\/dekastar.lt\/lv\/wp-json\/wp\/v2\/media?parent=1747"}],"wp:term":[{"taxonomy":"pwb-brand","embeddable":true,"href":"https:\/\/dekastar.lt\/lv\/wp-json\/wp\/v2\/pwb-brand?post=1747"},{"taxonomy":"product_brand","embeddable":true,"href":"https:\/\/dekastar.lt\/lv\/wp-json\/wp\/v2\/product_brand?post=1747"},{"taxonomy":"product_cat","embeddable":true,"href":"https:\/\/dekastar.lt\/lv\/wp-json\/wp\/v2\/product_cat?post=1747"},{"taxonomy":"product_tag","embeddable":true,"href":"https:\/\/dekastar.lt\/lv\/wp-json\/wp\/v2\/product_tag?post=1747"}],"curies":[{"name":"wp","href":"https:\/\/api.w.org\/{rel}","templated":true}]}}