{"id":1824,"date":"2021-12-09T15:01:10","date_gmt":"2021-12-09T15:01:10","guid":{"rendered":"https:\/\/dekastar.lt\/?post_type=product&#038;p=1824"},"modified":"2025-10-22T12:19:37","modified_gmt":"2025-10-22T12:19:37","slug":"reima-kaklo-mova-aarni-rozine","status":"publish","type":"product","link":"https:\/\/dekastar.lt\/lv\/products\/reima-kaklo-mova-aarni-rozine\/","title":{"rendered":"REIMA kaklo mova AARNI (ro\u017ein\u0117)"},"content":{"rendered":"<p>Tegul ma\u017eieji tyrin\u0117tojai linksmai ir nevar\u017eovai leid\u017eia laik\u0105 lauke bet kokiomis oro s\u0105lygomis, o prek\u0117s \u017eenklo REIMA vilnon\u0117 kaklo mova pasir\u016bpins, kad j\u0173 kakliukams visad b\u016bt\u0173 \u0161ilta, sausa ir jauku. \u0160ios movos yra itin lengvos, \u0161iltos ir plonyt\u0117s, o tai labai svarbu norint j\u0105 u\u017ed\u0117ti po kombinezonu ar \u017eiemine striuke, kur da\u017enai b\u016bna gana ank\u0161ta. \u0160ios movos sud\u0117tis garantuoja, kad bus ne tik labai \u0161ilta, bet ir komforti\u0161ka, nes audinys pasi\u017eymi itin gera termoreguliacija. Movos audinys labai elastingas. \u0160i\u0105 mov\u0105 galima d\u0117v\u0117ti kaip kaklo mov\u0105 arba galvajuost\u0119.<\/p>\n<p><em>Produkta \u012bpa\u0161\u012bbas:<\/em><\/p>\n<ul>\n<li>Mova i\u0161 REIMOS rudens\/\u017eiemos kolekcijos<\/li>\n<li>Audinys i\u0161 vilnos pasi\u017eymi termoreguliacin\u0117mis savyb\u0117mis<\/li>\n<li>Lengvas, elastingas modelis be pamu\u0161alo<\/li>\n<li>Dydis: 44-50 cm (Vaikams nuo 0 iki 4 m am\u017eiaus)<\/li>\n<\/ul>\n<p><em>Sast\u0101vs:<\/em><\/p>\n<ul>\n<li>80% vilna,, 20% poliamidas<\/li>\n<\/ul>\n<p><em>Uztur\u0113\u0161ana:<\/em><\/p>\n<ul>\n<li>Galimas skalbimas skalbimo ma\u0161inoje iki 30 laipsni\u0173 temperat\u016broje vilnos skalbiniams skirtu re\u017eimu.<\/li>\n<li>Skalbti be mink\u0161tikli\u0173 ir balikli\u0173.<\/li>\n<li>Ned\u017eiovinti d\u017eiovykl\u0117je.<\/li>\n<\/ul>\n<p>&nbsp;<\/p>\n<p>&nbsp;<\/p>\n<p>&nbsp;<\/p>","protected":false},"excerpt":{"rendered":"<p>Tegul ma\u017eieji tyrin\u0117tojai linksmai ir nevar\u017eovai leid\u017eia laik\u0105 lauke bet kokiomis oro s\u0105lygomis, o prek\u0117s \u017eenklo REIMA vilnon\u0117 kaklo mova pasir\u016bpins, kad j\u0173 kakliukams visad b\u016bt\u0173 \u0161ilta, sausa ir jauku. \u0160ios movos yra itin lengvos, \u0161iltos ir plonyt\u0117s, o tai labai svarbu norint j\u0105 u\u017ed\u0117ti po kombinezonu ar \u017eiemine striuke, kur da\u017enai b\u016bna gana ank\u0161ta. [&hellip;]<\/p>\n","protected":false},"featured_media":1826,"template":"","meta":{"_acf_changed":false},"pwb-brand":[81],"product_brand":[],"product_cat":[40,49,231],"product_tag":[],"class_list":{"0":"post-1824","1":"product","2":"type-product","3":"status-publish","4":"has-post-thumbnail","6":"pwb-brand-reima","7":"product_cat-vaikams","8":"product_cat-aksesuarai-vaikams","9":"product_cat-movos","10":"pa_drabuziu-dydis-44-50","12":"first","13":"outofstock","14":"shipping-taxable","15":"product-type-variable"},"supplier_id":null,"supplier_sku":"","barcode":null,"atum_controlled":true,"out_stock_date":null,"out_stock_threshold":null,"inheritable":false,"inbound_stock":null,"stock_on_hold":0,"sold_today":0,"sales_last_days":0,"reserved_stock":null,"customer_returns":null,"warehouse_damage":null,"lost_in_post":null,"other_logs":null,"out_stock_days":0,"lost_sales":0,"has_location":null,"update_date":"2026-05-02T03:15:54","atum_locations":[],"atum_stock_status":"outofstock","restock_status":false,"low_stock_amount":"","sales_update_date":"2026-05-02T03:15:54","calc_backorders":null,"acf":[],"brands":[{"id":81,"name":"REIMA","slug":"reima"}],"_links":{"self":[{"href":"https:\/\/dekastar.lt\/lv\/wp-json\/wp\/v2\/product\/1824","targetHints":{"allow":["GET"]}}],"collection":[{"href":"https:\/\/dekastar.lt\/lv\/wp-json\/wp\/v2\/product"}],"about":[{"href":"https:\/\/dekastar.lt\/lv\/wp-json\/wp\/v2\/types\/product"}],"wp:featuredmedia":[{"embeddable":true,"href":"https:\/\/dekastar.lt\/lv\/wp-json\/wp\/v2\/media\/1826"}],"wp:attachment":[{"href":"https:\/\/dekastar.lt\/lv\/wp-json\/wp\/v2\/media?parent=1824"}],"wp:term":[{"taxonomy":"pwb-brand","embeddable":true,"href":"https:\/\/dekastar.lt\/lv\/wp-json\/wp\/v2\/pwb-brand?post=1824"},{"taxonomy":"product_brand","embeddable":true,"href":"https:\/\/dekastar.lt\/lv\/wp-json\/wp\/v2\/product_brand?post=1824"},{"taxonomy":"product_cat","embeddable":true,"href":"https:\/\/dekastar.lt\/lv\/wp-json\/wp\/v2\/product_cat?post=1824"},{"taxonomy":"product_tag","embeddable":true,"href":"https:\/\/dekastar.lt\/lv\/wp-json\/wp\/v2\/product_tag?post=1824"}],"curies":[{"name":"wp","href":"https:\/\/api.w.org\/{rel}","templated":true}]}}