{"id":1863,"date":"2021-12-09T17:02:31","date_gmt":"2021-12-09T17:02:31","guid":{"rendered":"https:\/\/dekastar.lt\/?post_type=product&#038;p=1863"},"modified":"2025-10-22T12:19:37","modified_gmt":"2025-10-22T12:19:37","slug":"reima-vilnone-kepure-ziemai-auva-zalia","status":"publish","type":"product","link":"https:\/\/dekastar.lt\/lv\/products\/reima-vilnone-kepure-ziemai-auva-zalia\/","title":{"rendered":"REIMA ziemas vilnas cepure AUVA (za\u013ca)"},"content":{"rendered":"<p>REIMA ziemas vilnas cepure ar me\u017e\u0123\u012bn\u0113m un pagarin\u0101t\u0101m aus\u012bm ir ide\u0101la izv\u0113le aukstajai sezonai. Cepures konstrukcija garant\u0113 maigu, bet cie\u0161i piegulo\u0161u piegul\u0113\u0161anu, savuk\u0101rt ausis ir aizv\u0113rtas, lai pasarg\u0101tu no aukstuma, v\u0113ja un sniega. Cepure ir izgatavota no merino vilnas, kas nodro\u0161ina lielisku temperat\u016bras regul\u0113\u0161anu, t\u0101p\u0113c j\u016bsu mazulis jut\u012bsies \u0113rti. Ausu da\u013ca ir funkcion\u0101li un stil\u012bgi pagarin\u0101ta, un starp \u0101r\u0113jo un iek\u0161\u0113jo audumu ir v\u0113ja necaurlaid\u012bga \u0161uve, lai pasarg\u0101tu j\u016bsu mazu\u013ca ausis no v\u0113ja jebkuros laika apst\u0101k\u013cos. Cepures iek\u0161puse ir piln\u012bb\u0101 oder\u0113ta, kas ir \u013coti m\u012bksta un pat\u012bkama valk\u0101\u0161anai. Cepures priek\u0161pus\u0113 ir REIMA z\u012bmola logotips, kas kalpo ne tikai k\u0101 stil\u012bga deta\u013ca, bet ar\u012b k\u0101 atstarot\u0101js, t\u0101p\u0113c j\u016bsu mazulis vienm\u0113r b\u016bs redzams \u0101r\u0101 diennakts tum\u0161\u0101kaj\u0101 laik\u0101.<\/p>\n<p><em>Produkta \u012bpa\u0161\u012bbas:<\/em><\/p>\n<ul>\n<li>B\u0113rnu cepure ziemai<\/li>\n<li>Cepure ar me\u017e\u0123\u012bn\u0113m<\/li>\n<li>Papla\u0161in\u0101ta ausu da\u013ca un \u012bpa\u0161a pretv\u0113ja \u0161uve<\/li>\n<li>Elast\u012bgs audums<\/li>\n<li>Merino vilnas \u0101r\u0113jais sl\u0101nis lielisk\u0101m termoregul\u0101cijas \u012bpa\u0161\u012bb\u0101m<\/li>\n<li>M\u012bksta, m\u012bksta fl\u012bsa iek\u0161\u0113j\u0101 odere<\/li>\n<li>\u0100r\u0113jais trikot\u0101\u017eas vilnas audums<\/li>\n<\/ul>\n<p><em>Sast\u0101vs:<\/em><\/p>\n<ul>\n<li>\u0100r\u0113jais audums: 100% merino vilna<\/li>\n<li>Iek\u0161\u0113jais audums: 100% poliesteris<\/li>\n<\/ul>\n<p><em>Uztur\u0113\u0161ana:<\/em><\/p>\n<ul>\n<li>Mazg\u0101jams l\u012bdz 30<span id=\"description_more\">%<\/span> temperat\u016bras<\/li>\n<li>Mazg\u0101t vilnas auduma re\u017e\u012bm\u0101 bez m\u012bkstin\u0101t\u0101jiem un balin\u0101t\u0101jiem.<\/li>\n<li>Nevar \u017e\u0101v\u0113t ve\u013cas \u017e\u0101v\u0113tav\u0101. P\u0113c skalo\u0161anas atst\u0101jiet no\u017e\u016bt istabas temperat\u016br\u0101.<\/li>\n<li>Vilnas kl\u0101tb\u016btnes d\u0113\u013c, iesp\u0113jams, 5<span id=\"description_more\">%<\/span> sarau\u0161an\u0101s, izskalota<\/li>\n<\/ul>\n<p>&nbsp;<\/p>\n<p>&nbsp;<\/p>","protected":false},"excerpt":{"rendered":"<p>Prek\u0117s \u017eenklo REIMA \u017eiemin\u0117 vilnos kepur\u0117 su rai\u0161teliais ir pailgintomis ausyt\u0117m- idealus pasirinkimas \u0161altajam met\u0173 laikui. Kepur\u0117s dizainas garantuoja, kad kepur\u0117 bus \u0161velniai, bet sandariai prigludusi prie galvos, ausyt\u0117s bus u\u017edaros ir apsaugos nuo \u017evarbaus \u0161al\u010dio, v\u0117jo ir sniego. Kepur\u0117 pagaminta i\u0161 merino vilnos, kuri u\u017etikrina puik\u0173 temperat\u016bros reguliavim\u0105, tad ma\u017eylis jausis komfortabiliai. Aus\u0173 dalis [&hellip;]<\/p>\n","protected":false},"featured_media":1866,"template":"","meta":{"_acf_changed":false},"pwb-brand":[81],"product_brand":[],"product_cat":[40,49,233,230],"product_tag":[],"class_list":{"0":"post-1863","1":"product","2":"type-product","3":"status-publish","4":"has-post-thumbnail","6":"pwb-brand-reima","7":"product_cat-vaikams","8":"product_cat-aksesuarai-vaikams","9":"product_cat-kepures","10":"product_cat-siltos-kepures","11":"pa_drabuziu-dydis-174","13":"first","14":"instock","15":"sale","16":"shipping-taxable","17":"purchasable","18":"product-type-variable"},"supplier_id":null,"supplier_sku":"","barcode":null,"atum_controlled":true,"out_stock_date":null,"out_stock_threshold":null,"inheritable":false,"inbound_stock":null,"stock_on_hold":0,"sold_today":0,"sales_last_days":0,"reserved_stock":null,"customer_returns":null,"warehouse_damage":null,"lost_in_post":null,"other_logs":null,"out_stock_days":0,"lost_sales":0,"has_location":null,"update_date":"2026-05-04T03:17:12","atum_locations":[],"atum_stock_status":"instock","restock_status":false,"low_stock_amount":"","sales_update_date":"2026-05-04T03:17:12","calc_backorders":null,"acf":[],"brands":[{"id":81,"name":"REIMA","slug":"reima"}],"_links":{"self":[{"href":"https:\/\/dekastar.lt\/lv\/wp-json\/wp\/v2\/product\/1863","targetHints":{"allow":["GET"]}}],"collection":[{"href":"https:\/\/dekastar.lt\/lv\/wp-json\/wp\/v2\/product"}],"about":[{"href":"https:\/\/dekastar.lt\/lv\/wp-json\/wp\/v2\/types\/product"}],"wp:featuredmedia":[{"embeddable":true,"href":"https:\/\/dekastar.lt\/lv\/wp-json\/wp\/v2\/media\/1866"}],"wp:attachment":[{"href":"https:\/\/dekastar.lt\/lv\/wp-json\/wp\/v2\/media?parent=1863"}],"wp:term":[{"taxonomy":"pwb-brand","embeddable":true,"href":"https:\/\/dekastar.lt\/lv\/wp-json\/wp\/v2\/pwb-brand?post=1863"},{"taxonomy":"product_brand","embeddable":true,"href":"https:\/\/dekastar.lt\/lv\/wp-json\/wp\/v2\/product_brand?post=1863"},{"taxonomy":"product_cat","embeddable":true,"href":"https:\/\/dekastar.lt\/lv\/wp-json\/wp\/v2\/product_cat?post=1863"},{"taxonomy":"product_tag","embeddable":true,"href":"https:\/\/dekastar.lt\/lv\/wp-json\/wp\/v2\/product_tag?post=1863"}],"curies":[{"name":"wp","href":"https:\/\/api.w.org\/{rel}","templated":true}]}}