{"id":1893,"date":"2021-12-09T18:09:07","date_gmt":"2021-12-09T18:09:07","guid":{"rendered":"https:\/\/dekastar.lt\/?post_type=product&#038;p=1893"},"modified":"2025-10-22T12:19:41","modified_gmt":"2025-10-22T12:19:41","slug":"reima-ziemine-kepure-bellatrix","status":"publish","type":"product","link":"https:\/\/dekastar.lt\/lv\/products\/reima-ziemine-kepure-bellatrix\/","title":{"rendered":"REIMA ziemas cepure BELLATRIX"},"content":{"rendered":"<p>REIMA silt\u0101, ad\u012bt\u0101 vilnas auduma \u0101rpuse un kokvilnas iek\u0161puse ir ide\u0101la cepure jebkurai meitenei aukstaj\u0101 sezon\u0101. T\u0101 ir rota\u013c\u012bga un praktiska izv\u0113le ziemai. Vilnas cepure ar liel\u0101m ziedu ilustr\u0101cij\u0101m izskat\u0101s \u013coti stil\u012bgi. \u0160\u012b cepure ir k\u0101 maigs apsk\u0101viens, kas pasarg\u0101s j\u016bs v\u0113s\u0101 dien\u0101 \u0101r\u0101. Dizains ir veidots t\u0101, lai p\u0113c iesp\u0113jas cie\u0161\u0101k nosegtu b\u0113rna galvu, \u017eokli un ausis. Kvalitat\u012bvais audums garant\u0113 lieliskas termoregul\u0101cijas \u012bpa\u0161\u012bbas. Ausis ir funkcion\u0101li un stil\u012bgi pagarin\u0101tas, un starp abiem cepures sl\u0101\u0146iem ir papildu v\u0113ju necaurlaid\u012bga \u0161uve.<\/p>\n<p><em>Produkta \u012bpa\u0161\u012bbas:<\/em><\/p>\n<ul>\n<li>B\u0113rnu cepure no rudens\/ziemas kolekcijas<\/li>\n<li>Cepure ar me\u017e\u0123\u012bn\u0113m<\/li>\n<li>Papla\u0161in\u0101ta auss da\u013ca ar papildu v\u0113ja necaurlaid\u012bga materi\u0101la \u0161uv\u0113m<\/li>\n<li>Elast\u012bgs audums<\/li>\n<li>M\u012bksts, m\u012bksts kokvilnas iek\u0161\u0113jais oder\u0113jums (trikot\u0101\u017eas audums)<\/li>\n<li>\u0100r\u0113jais trikot\u0101\u017eas vilnas audums<\/li>\n<li>Kr\u0101sa: balta<\/li>\n<\/ul>\n<p><em>Sast\u0101vs:<\/em><\/p>\n<ul>\n<li>\u0100r\u0113jais audums: 100% vilna<\/li>\n<li>Iek\u0161\u0113jais audums: 100% kokvilna<\/li>\n<\/ul>\n<p><em>Uztur\u0113\u0161ana:<\/em><\/p>\n<ul>\n<li>Mazg\u0101jams l\u012bdz 30<span id=\"description_more\">%<\/span> temperat\u016bras<\/li>\n<li>Mazg\u0101t vilnas auduma re\u017e\u012bm\u0101 bez m\u012bkstin\u0101t\u0101jiem un balin\u0101t\u0101jiem.<\/li>\n<li>Nevar \u017e\u0101v\u0113t ve\u013cas \u017e\u0101v\u0113tav\u0101. P\u0113c skalo\u0161anas atst\u0101jiet no\u017e\u016bt istabas temperat\u016br\u0101.<\/li>\n<li>Vilnas kl\u0101tb\u016btnes d\u0113\u013c, iesp\u0113jams, 5<span id=\"description_more\">%<\/span> sarau\u0161an\u0101s, izskalota<\/li>\n<\/ul>","protected":false},"excerpt":{"rendered":"<p>REIMA prek\u0117s \u017eenklo \u0161ilta, megzto vilnos audinio i\u0161or\u0117je bei medviln\u0117s viduje, kepur\u0117 \u0161altajam met\u0173 sezonui papuo\u0161 bet kuri\u0105 mergait\u0119. Tai \u017eaismingas ir prakti\u0161kas pasirinkimas \u017eiemai. Vilnos kepur\u0117 su didel\u0117mis g\u0117li\u0173 iliustracijomis atrodo labai stilingai. \u0160i kepur\u0117 tarsi \u0161velnus apkabinimas, apsaugantis \u017evarbi\u0105 dien\u0105 lauke. Modeliuko dizainas sukurtas taip, kad kuo sandariau u\u017edengt\u0173 vaiko galv\u0105, \u017eandus bei [&hellip;]<\/p>\n","protected":false},"featured_media":1897,"template":"","meta":{"_acf_changed":false},"pwb-brand":[81],"product_brand":[],"product_cat":[40,49,233,230],"product_tag":[],"class_list":{"0":"post-1893","1":"product","2":"type-product","3":"status-publish","4":"has-post-thumbnail","6":"pwb-brand-reima","7":"product_cat-vaikams","8":"product_cat-aksesuarai-vaikams","9":"product_cat-kepures","10":"product_cat-siltos-kepures","11":"pa_drabuziu-dydis-172","13":"first","14":"instock","15":"sale","16":"shipping-taxable","17":"purchasable","18":"product-type-variable"},"supplier_id":null,"supplier_sku":"","barcode":null,"atum_controlled":true,"out_stock_date":null,"out_stock_threshold":null,"inheritable":false,"inbound_stock":null,"stock_on_hold":0,"sold_today":0,"sales_last_days":0,"reserved_stock":null,"customer_returns":null,"warehouse_damage":null,"lost_in_post":null,"other_logs":null,"out_stock_days":0,"lost_sales":0,"has_location":null,"update_date":"2026-04-27T03:13:17","atum_locations":[],"atum_stock_status":"instock","restock_status":false,"low_stock_amount":"","sales_update_date":"2026-04-27T03:13:17","calc_backorders":null,"acf":[],"brands":[{"id":81,"name":"REIMA","slug":"reima"}],"_links":{"self":[{"href":"https:\/\/dekastar.lt\/lv\/wp-json\/wp\/v2\/product\/1893","targetHints":{"allow":["GET"]}}],"collection":[{"href":"https:\/\/dekastar.lt\/lv\/wp-json\/wp\/v2\/product"}],"about":[{"href":"https:\/\/dekastar.lt\/lv\/wp-json\/wp\/v2\/types\/product"}],"wp:featuredmedia":[{"embeddable":true,"href":"https:\/\/dekastar.lt\/lv\/wp-json\/wp\/v2\/media\/1897"}],"wp:attachment":[{"href":"https:\/\/dekastar.lt\/lv\/wp-json\/wp\/v2\/media?parent=1893"}],"wp:term":[{"taxonomy":"pwb-brand","embeddable":true,"href":"https:\/\/dekastar.lt\/lv\/wp-json\/wp\/v2\/pwb-brand?post=1893"},{"taxonomy":"product_brand","embeddable":true,"href":"https:\/\/dekastar.lt\/lv\/wp-json\/wp\/v2\/product_brand?post=1893"},{"taxonomy":"product_cat","embeddable":true,"href":"https:\/\/dekastar.lt\/lv\/wp-json\/wp\/v2\/product_cat?post=1893"},{"taxonomy":"product_tag","embeddable":true,"href":"https:\/\/dekastar.lt\/lv\/wp-json\/wp\/v2\/product_tag?post=1893"}],"curies":[{"name":"wp","href":"https:\/\/api.w.org\/{rel}","templated":true}]}}