{"id":1945,"date":"2021-12-09T19:52:48","date_gmt":"2021-12-09T19:52:48","guid":{"rendered":"https:\/\/dekastar.lt\/?post_type=product&#038;p=1945"},"modified":"2025-10-22T12:19:45","modified_gmt":"2025-10-22T12:19:45","slug":"troll-collection-merino-vilnos-kepure-ziemai-su-raisteliais-melyna-dryzuota","status":"publish","type":"product","link":"https:\/\/dekastar.lt\/lv\/products\/troll-collection-merino-vilnos-kepure-ziemai-su-raisteliais-melyna-dryzuota\/","title":{"rendered":"TROLL Collection merino vilnas ziemas cepure ar me\u017e\u0123\u012bn\u0113m (zila\/\u0161\u0146or\u0113ta)"},"content":{"rendered":"<p>Norv\u0113\u0123u z\u012bmola TROLL COLLECTION merino vilnas izstr\u0101d\u0101jumus raksturo \u0101rk\u0101rt\u012bgi augsti kvalit\u0101tes standarti. \u0160\u012b stil\u012bg\u0101 merino vilnas cepure apvieno funkcionalit\u0101ti un stilu. Minim\u0101listisk\u0101 skandin\u0101vu stila cepure ir cie\u0161i piegulo\u0161a un \u013coti praktiska. Pateicoties t\u0101s tehnolo\u0123iski sare\u017e\u0123\u012btajam dizainam, cepure ir \u013coti cie\u0161i piegu\u013co\u0161a un lieliski nosedz galvu, \u017eok\u013cus un ausis. \u0160im modelim ir \u012bpa\u0161a v\u0113ja necaurlaid\u012bga \u0161uve pie aus\u012bm, t\u0101p\u0113c varat b\u016bt dro\u0161i, ka j\u016bsu b\u0113rna ausis b\u016bs pasarg\u0101tas jebkuros nelabv\u0113l\u012bgos laikapst\u0101k\u013cos. Cepures \u0101r\u0113jie sl\u0101\u0146i ir no merino vilnas, t\u0101p\u0113c tai piem\u012bt lieliskas temperat\u016bras un elpo\u0161anas regul\u0113\u0161anas \u012bpa\u0161\u012bbas. Iek\u0161\u0113jais sl\u0101nis ir ne tikai silts, bet ar\u012b \u013coti m\u012bksts, pat\u012bkami apvelk b\u0113rna galvu bez jebk\u0101das \"k\u0146udin\u0101\u0161anas\" vai \"niez\u0113\u0161anas\".<\/p>\n<p><em>Produkta \u012bpa\u0161\u012bbas:<\/em><\/p>\n<ul>\n<li>B\u0113rnu cepure no ziemas kolekcijas<\/li>\n<li>Cepure ar me\u017e\u0123\u012bn\u0113m<\/li>\n<li>Pagarin\u0101ta austi\u0146a ar \u012bpa\u0161u v\u0113ja necaurlaid\u012bgu uzmavu<\/li>\n<li>Elast\u012bgs audums<\/li>\n<li>Kr\u0101sa: zila\/marga<\/li>\n<\/ul>\n<p><em>Sast\u0101vs:<\/em><\/p>\n<ul>\n<li>\u0100r\u0113jais audums: 100 % merino vilna<\/li>\n<li>Iek\u0161\u0113jais audums: 97 % kokvilna, 3 % kokvilna.<\/li>\n<\/ul>\n<p><em>Uztur\u0113\u0161ana:<\/em><\/p>\n<ul>\n<li>Var mazg\u0101t ve\u013casma\u0161\u012bn\u0101 l\u012bdz 40 gr\u0101diem<\/li>\n<li>Pirms mazg\u0101\u0161anas uzvelciet cepuri<\/li>\n<li>Mazg\u0101t ar vilnas audumam piem\u0113rotu iestat\u012bjumu<\/li>\n<li>Mazg\u0101\u0161ana ir iesp\u0113jama bez balin\u0101t\u0101jiem, m\u012bkstin\u0101t\u0101jiem.<\/li>\n<li>Nedr\u012bkst \u017e\u0101v\u0113t ve\u013cas \u017e\u0101v\u0113tav\u0101. P\u0113c skalo\u0161anas atst\u0101jiet no\u017e\u016bt istabas temperat\u016br\u0101.<\/li>\n<\/ul>\n<p><em>Izm\u0113ri:<\/em><\/p>\n<p>46 - 6-9 m\u0113ne\u0161i<\/p>\n<p>48 - 9 m\u0113ne\u0161i -1,5 gadi<\/p>\n<p>50- 1,5 m.- 3 m.<\/p>\n<p>52- 2 m.-5 m.<\/p>","protected":false},"excerpt":{"rendered":"<p>Norvegijos prek\u0117s \u017eenklo TROLL COLLECTION merino vilnos gaminiai pasi\u017eymi itin auk\u0161tais kokyb\u0117s standartais. \u0160i stilinga merino vilnos kepur\u0117 sujungia funkcionalum\u0105 bei stili\u0173. Minimalistinio skandinavi\u0161ko stiliaus kepur\u0117s modelis yra sandarus bei itin prakti\u0161kas. D\u0117l technologi\u0161kai apgalvoto savo dizaino, kepur\u0117 yra itin sandari ir puikiai apgaubianti galva, \u017eandus bei ausis. \u0160is modelis yra su specialiu \u012fsiuvu ties [&hellip;]<\/p>\n","protected":false},"featured_media":1947,"template":"","meta":{"_acf_changed":false},"pwb-brand":[177],"product_brand":[],"product_cat":[40,49,233,230],"product_tag":[],"class_list":{"0":"post-1945","1":"product","2":"type-product","3":"status-publish","4":"has-post-thumbnail","6":"pwb-brand-troll-collection","7":"product_cat-vaikams","8":"product_cat-aksesuarai-vaikams","9":"product_cat-kepures","10":"product_cat-siltos-kepures","11":"pa_drabuziu-dydis-173","13":"first","14":"instock","15":"sale","16":"shipping-taxable","17":"purchasable","18":"product-type-variable"},"supplier_id":null,"supplier_sku":"","barcode":null,"atum_controlled":true,"out_stock_date":null,"out_stock_threshold":null,"inheritable":false,"inbound_stock":null,"stock_on_hold":0,"sold_today":0,"sales_last_days":0,"reserved_stock":null,"customer_returns":null,"warehouse_damage":null,"lost_in_post":null,"other_logs":null,"out_stock_days":0,"lost_sales":0,"has_location":null,"update_date":"2026-04-15T00:37:55","atum_locations":[],"atum_stock_status":"instock","restock_status":false,"low_stock_amount":"","sales_update_date":"2026-04-15T00:37:55","calc_backorders":null,"acf":[],"brands":[{"id":177,"name":"TRO\u013b\u013bU KOLEKCIJA","slug":"troll-collection"}],"_links":{"self":[{"href":"https:\/\/dekastar.lt\/lv\/wp-json\/wp\/v2\/product\/1945","targetHints":{"allow":["GET"]}}],"collection":[{"href":"https:\/\/dekastar.lt\/lv\/wp-json\/wp\/v2\/product"}],"about":[{"href":"https:\/\/dekastar.lt\/lv\/wp-json\/wp\/v2\/types\/product"}],"wp:featuredmedia":[{"embeddable":true,"href":"https:\/\/dekastar.lt\/lv\/wp-json\/wp\/v2\/media\/1947"}],"wp:attachment":[{"href":"https:\/\/dekastar.lt\/lv\/wp-json\/wp\/v2\/media?parent=1945"}],"wp:term":[{"taxonomy":"pwb-brand","embeddable":true,"href":"https:\/\/dekastar.lt\/lv\/wp-json\/wp\/v2\/pwb-brand?post=1945"},{"taxonomy":"product_brand","embeddable":true,"href":"https:\/\/dekastar.lt\/lv\/wp-json\/wp\/v2\/product_brand?post=1945"},{"taxonomy":"product_cat","embeddable":true,"href":"https:\/\/dekastar.lt\/lv\/wp-json\/wp\/v2\/product_cat?post=1945"},{"taxonomy":"product_tag","embeddable":true,"href":"https:\/\/dekastar.lt\/lv\/wp-json\/wp\/v2\/product_tag?post=1945"}],"curies":[{"name":"wp","href":"https:\/\/api.w.org\/{rel}","templated":true}]}}