{"id":1977,"date":"2021-12-11T18:08:09","date_gmt":"2021-12-11T18:08:09","guid":{"rendered":"https:\/\/dekastar.lt\/?post_type=product&#038;p=1977"},"modified":"2025-10-22T12:19:45","modified_gmt":"2025-10-22T12:19:45","slug":"helly-hansen-2-in1-marskiniai-striuke-jotun","status":"publish","type":"product","link":"https:\/\/dekastar.lt\/lv\/products\/helly-hansen-2-in1-marskiniai-striuke-jotun\/","title":{"rendered":"V\u012brie\u0161u 2 in 1 krekli\u0146\u0161\/jaka Helly Hansen JOTUN"},"content":{"rendered":"<p>HELLY HANSEN z\u012bmols ir \u013coti praktisks un \u0113rts ap\u0123\u0113rbs. Tas ir flane\u013ca krekls un pl\u0101na jaka vien\u0101. Tas ir silts, elpojo\u0161s, viegls un funkcion\u0101ls. \u0160is krekls ir ide\u0101la izv\u0113le jebkuram ce\u013cojumam, kad nev\u0113laties sevi p\u0101rslogot ar mant\u0101m, bet jums j\u0101b\u016bt gatavam jebkuram izaicin\u0101jumam. Viens ap\u0123\u0113rbs jums kalpos gan k\u0101 krekls, gan k\u0101 jaka.<\/p>\n<p>&nbsp;<\/p>\n<p><em>Produkta \u012bpa\u0161\u012bbas:<\/em><\/p>\n<ul>\n<li>Apgrie\u017eams flane\u013ca krekls\/josta<\/li>\n<li>Priek\u0161pus\u0113 r\u0101v\u0113jsl\u0113dz\u0113ja aizdare<\/li>\n<li>Elpojo\u0161s<\/li>\n<li>Knied\u0113tas aproces<\/li>\n<li>Krekla puse ar div\u0101m aug\u0161\u0113j\u0101m kabat\u0101m ar knie\u017eu aizdari<\/li>\n<li>Jakas s\u0101nos divas \u0101r\u0113j\u0101s kabatas rok\u0101m un viena aug\u0161\u0113j\u0101 kabata ar r\u0101v\u0113jsl\u0113dz\u0113ju.<\/li>\n<li>Samta iz\u0161\u016bts HH z\u012bmola logotips krekla s\u0101nos<\/li>\n<li>Gumijas r\u0101v\u0113jsl\u0113dz\u0113ja priek\u0161\u0113j\u0101 r\u0101v\u0113jsl\u0113dz\u0113ja galva ar HH z\u012bmola logotipu<\/li>\n<li>Gumijas HH z\u012bmola logotips jakas apak\u0161pus\u0113<\/li>\n<li>Jakas apak\u0161da\u013cas platums regul\u0113jams ar iek\u0161\u0113j\u0101m savelkamaj\u0101m aukl\u0101m<\/li>\n<\/ul>\n<p><em>M\u0113r\u012bjumi M izm\u0113rs:<\/em><\/p>\n<ul>\n<li>Kr\u016b\u0161u apk\u0101rtm\u0113rs: 56 cm<\/li>\n<li>Muguras garums no pleca l\u012bdz apak\u0161ai: 70 cm<\/li>\n<li>Priek\u0161puses garums no pleca l\u012bdz apak\u0161ai: 68 cm<\/li>\n<li>Gurnu apk\u0101rtm\u0113rs: 52 cm<\/li>\n<li>Piedurknes garums no paduses: 44 cm<\/li>\n<li>Piez\u012bme: M\u0113r\u012bjumi veikti, ja jaka atrodas miera st\u0101vokl\u012b, t\u0101p\u0113c iesp\u0113jama +\/- 2 cm k\u013c\u016bda.<\/li>\n<\/ul>","protected":false},"excerpt":{"rendered":"<p>Prek\u0117s \u017eenklo HELLY HANSEN begalo prakti\u0161kas ir patogus r\u016bbas. Tai flaneliniai mar\u0161kiniai bei plona striuk\u0117 viename. Tai puikiai \u0161ilum\u0105 i\u0161laikantis, kv\u0117puojantis, lengvas ir funkcionalus r\u016bbas. \u0160ie mar\u0161kiniai idealus pasirinkimas bet kokiai kelionei, kuomet nesinori apsikrauti daiktais, bet turi b\u016bti pasiruo\u0161\u0119s visiems i\u0161\u0161\u016bkiams. Vienas r\u016bbas Jums tarnaus ir kaip mar\u0161kiniai ir kaip striuk\u0117. &nbsp; Prek\u0117s savyb\u0117s: [&hellip;]<\/p>\n","protected":false},"featured_media":1980,"template":"","meta":{"_acf_changed":false},"pwb-brand":[102],"product_brand":[],"product_cat":[39,58,63],"product_tag":[],"class_list":{"0":"post-1977","1":"product","2":"type-product","3":"status-publish","4":"has-post-thumbnail","6":"pwb-brand-helly-hansen","7":"product_cat-vyrams","8":"product_cat-apranga-laisvalaikiui-vyrams","9":"product_cat-sezonines-striukes-paltai-lauko-apranga-vyrams","10":"pa_drabuziu-dydis-m","12":"first","13":"instock","14":"sale","15":"shipping-taxable","16":"purchasable","17":"product-type-variable"},"supplier_id":null,"supplier_sku":"","barcode":null,"atum_controlled":true,"out_stock_date":null,"out_stock_threshold":null,"inheritable":false,"inbound_stock":null,"stock_on_hold":0,"sold_today":0,"sales_last_days":0,"reserved_stock":null,"customer_returns":null,"warehouse_damage":null,"lost_in_post":null,"other_logs":null,"out_stock_days":0,"lost_sales":0,"has_location":null,"update_date":"2026-04-25T00:38:40","atum_locations":[],"atum_stock_status":"instock","restock_status":false,"low_stock_amount":"","sales_update_date":"2026-04-25T00:38:40","calc_backorders":null,"acf":[],"brands":[{"id":102,"name":"HELLY HANSEN","slug":"helly-hansen"}],"_links":{"self":[{"href":"https:\/\/dekastar.lt\/lv\/wp-json\/wp\/v2\/product\/1977","targetHints":{"allow":["GET"]}}],"collection":[{"href":"https:\/\/dekastar.lt\/lv\/wp-json\/wp\/v2\/product"}],"about":[{"href":"https:\/\/dekastar.lt\/lv\/wp-json\/wp\/v2\/types\/product"}],"wp:featuredmedia":[{"embeddable":true,"href":"https:\/\/dekastar.lt\/lv\/wp-json\/wp\/v2\/media\/1980"}],"wp:attachment":[{"href":"https:\/\/dekastar.lt\/lv\/wp-json\/wp\/v2\/media?parent=1977"}],"wp:term":[{"taxonomy":"pwb-brand","embeddable":true,"href":"https:\/\/dekastar.lt\/lv\/wp-json\/wp\/v2\/pwb-brand?post=1977"},{"taxonomy":"product_brand","embeddable":true,"href":"https:\/\/dekastar.lt\/lv\/wp-json\/wp\/v2\/product_brand?post=1977"},{"taxonomy":"product_cat","embeddable":true,"href":"https:\/\/dekastar.lt\/lv\/wp-json\/wp\/v2\/product_cat?post=1977"},{"taxonomy":"product_tag","embeddable":true,"href":"https:\/\/dekastar.lt\/lv\/wp-json\/wp\/v2\/product_tag?post=1977"}],"curies":[{"name":"wp","href":"https:\/\/api.w.org\/{rel}","templated":true}]}}