{"id":2010,"date":"2021-12-13T11:41:53","date_gmt":"2021-12-13T11:41:53","guid":{"rendered":"https:\/\/dekastar.lt\/?post_type=product&#038;p=2010"},"modified":"2025-10-22T12:19:45","modified_gmt":"2025-10-22T12:19:45","slug":"petit-bateau-pusta-ziemine-striuke-su-ausytemis","status":"publish","type":"product","link":"https:\/\/dekastar.lt\/lv\/products\/petit-bateau-pusta-ziemine-striuke-su-ausytemis\/","title":{"rendered":"Petit Bateau p\u016bsta \u017eiemin\u0117 striuk\u0117 su ausyt\u0117mis"},"content":{"rendered":"<p>\u017dymaus Pranc\u016bzijos prek\u0117s \u017eenklo PETIT BATEAU \u017eiemin\u0117 p\u016bsta striuk\u0117 su ausyt\u0117mis. Labai lengva, \u0161ilta varpelio formos striuk\u0117 mergaitei. Vir\u0161utinis sluoksnis nepralaidus vandeniui. Striuk\u0117s viduje \u0161velnus, \u0161iltas raudonas flysas. Gobtuvas didelis, su \u017eaismingomis ausyt\u0117mis ir medviln\u0117s pamu\u0161alu.<\/p>\n<p><em>Produkta \u012bpa\u0161\u012bbas:<\/em><\/p>\n<ul>\n<li>P\u016bsta \u017eiemin\u0117 striuk\u0117<\/li>\n<li>Striuk\u0117 trapecijos formos<\/li>\n<li>Fiksuotas gobtuvas su pamu\u0161alu<\/li>\n<li>Viduje flysinis pa\u0161iltinimas<\/li>\n<li>U\u017esegama priekiniu u\u017etrauktuku<\/li>\n<li>Tekstil\u0117s logotipas ant rankov\u0117s<\/li>\n<\/ul>\n<p><em>Sast\u0101vs:<\/em><\/p>\n<ul>\n<li>\u0100r\u0113jais audums: <span class=\"Y2IQFc\" lang=\"lt\">100% poliesteris<\/span><\/li>\n<li><span class=\"Y2IQFc\" lang=\"lt\">Pamu\u0161alas ir pamink\u0161tinimas: 50% poliesteris, 50% poliamidas<\/span><\/li>\n<li>Gobtuvo pamu\u0161alas: <span class=\"Y2IQFc\" lang=\"lt\">100%<\/span> medviln\u0117<\/li>\n<li>Galimas skalbimas iki <span class=\"Y2IQFc\" lang=\"lt\">30\u00b0C temperat\u016broje. Prie\u0161 skalbiant i\u0161versti bei u\u017esegti u\u017etrauktuk\u0105. Skalbiant nenaudoti balikli\u0173 ir mink\u0161tikli\u0173.<\/span><\/li>\n<\/ul>\n<p><em>Izm\u0113rs<\/em>: 36 m\u0117n.\/ 95 cm (Kr\u016btin\u0117s apimtis: 35 cm, striuk\u0117s apa\u010dia: 41 cm, rankov\u0117s apatin\u0117 dalis: 24 cm, visas ilgis: 41 cm)<\/p>","protected":false},"excerpt":{"rendered":"<p>\u017dymaus Pranc\u016bzijos prek\u0117s \u017eenklo PETIT BATEAU \u017eiemin\u0117 p\u016bsta striuk\u0117 su ausyt\u0117mis. Labai lengva, \u0161ilta varpelio formos striuk\u0117 mergaitei. Vir\u0161utinis sluoksnis nepralaidus vandeniui. Striuk\u0117s viduje \u0161velnus, \u0161iltas raudonas flysas. Gobtuvas didelis, su \u017eaismingomis ausyt\u0117mis ir medviln\u0117s pamu\u0161alu. Prek\u0117s savyb\u0117s: P\u016bsta \u017eiemin\u0117 striuk\u0117 Striuk\u0117 trapecijos formos Fiksuotas gobtuvas su pamu\u0161alu Viduje flysinis pa\u0161iltinimas U\u017esegama priekiniu u\u017etrauktuku Tekstil\u0117s [&hellip;]<\/p>\n","protected":false},"featured_media":2012,"template":"","meta":{"_acf_changed":false},"pwb-brand":[179],"product_brand":[],"product_cat":[40,65],"product_tag":[],"class_list":{"0":"post-2010","1":"product","2":"type-product","3":"status-publish","4":"has-post-thumbnail","6":"pwb-brand-petit-bateau","7":"product_cat-vaikams","8":"product_cat-ziemines-striukes-paltai-lauko-apranga-vaikams","9":"pa_drabuziu-dydis-180","11":"first","12":"outofstock","13":"shipping-taxable","14":"product-type-variable"},"supplier_id":null,"supplier_sku":"","barcode":null,"atum_controlled":true,"out_stock_date":null,"out_stock_threshold":null,"inheritable":false,"inbound_stock":null,"stock_on_hold":0,"sold_today":0,"sales_last_days":0,"reserved_stock":null,"customer_returns":null,"warehouse_damage":null,"lost_in_post":null,"other_logs":null,"out_stock_days":0,"lost_sales":0,"has_location":null,"update_date":"2026-05-02T03:15:47","atum_locations":[],"atum_stock_status":"outofstock","restock_status":false,"low_stock_amount":"","sales_update_date":"2026-05-02T03:15:47","calc_backorders":null,"acf":[],"brands":[{"id":179,"name":"PETIT BATEAU","slug":"petit-bateau"}],"_links":{"self":[{"href":"https:\/\/dekastar.lt\/lv\/wp-json\/wp\/v2\/product\/2010","targetHints":{"allow":["GET"]}}],"collection":[{"href":"https:\/\/dekastar.lt\/lv\/wp-json\/wp\/v2\/product"}],"about":[{"href":"https:\/\/dekastar.lt\/lv\/wp-json\/wp\/v2\/types\/product"}],"wp:featuredmedia":[{"embeddable":true,"href":"https:\/\/dekastar.lt\/lv\/wp-json\/wp\/v2\/media\/2012"}],"wp:attachment":[{"href":"https:\/\/dekastar.lt\/lv\/wp-json\/wp\/v2\/media?parent=2010"}],"wp:term":[{"taxonomy":"pwb-brand","embeddable":true,"href":"https:\/\/dekastar.lt\/lv\/wp-json\/wp\/v2\/pwb-brand?post=2010"},{"taxonomy":"product_brand","embeddable":true,"href":"https:\/\/dekastar.lt\/lv\/wp-json\/wp\/v2\/product_brand?post=2010"},{"taxonomy":"product_cat","embeddable":true,"href":"https:\/\/dekastar.lt\/lv\/wp-json\/wp\/v2\/product_cat?post=2010"},{"taxonomy":"product_tag","embeddable":true,"href":"https:\/\/dekastar.lt\/lv\/wp-json\/wp\/v2\/product_tag?post=2010"}],"curies":[{"name":"wp","href":"https:\/\/api.w.org\/{rel}","templated":true}]}}