{"id":2105,"date":"2021-12-15T00:23:41","date_gmt":"2021-12-15T00:23:41","guid":{"rendered":"https:\/\/dekastar.lt\/?post_type=product&#038;p=2105"},"modified":"2026-03-17T17:22:35","modified_gmt":"2026-03-17T17:22:35","slug":"apatiniu-rubu-komplektas-sway-koraline","status":"publish","type":"product","link":"https:\/\/dekastar.lt\/lv\/products\/apatiniu-rubu-komplektas-sway-koraline\/","title":{"rendered":"Apak\u0161ve\u013cas komplekts SWAY (kora\u013c\u013cu)"},"content":{"rendered":"<p>Norv\u0113\u0123u z\u012bmola SWAY apak\u0161ve\u013cas un bik\u0161u komplekts \"London\" ir funkcion\u0101ls un stil\u012bgs ap\u0123\u0113rbs aukstajai sezonai. Tas ir \u013coti \u0113rts, viegls, kvalitat\u012bvs un valk\u0101t pat\u012bkams apak\u0161ve\u013cas komplekts. To ieteicams valk\u0101t k\u0101 augstas intensit\u0101tes treni\u0146u ap\u0123\u0113rbu vai vienk\u0101r\u0161i k\u0101 pamatsl\u0101ni, ilgsto\u0161i pavadot laiku \u0101r\u0101 jebkuros laikapst\u0101k\u013cos un veicot jebk\u0101das akt\u012bvas aktivit\u0101tes. Ap\u0123\u0113rbi ir izgatavoti no \u013coti m\u012bksta, bet iztur\u012bga auduma, kas ir pat\u012bkami piegu\u013co\u0161s un \u013coti \u0101tri iztvaiko mitrumu. Gan pats audums, gan \u0161uves ir elast\u012bgas, t\u0101p\u0113c t\u0101s neierobe\u017eos j\u016bsu kust\u012bbas jebkuras aktivit\u0101tes laik\u0101. Audums ir izgatavots no 100<span class=\"Y2IQFc\" lang=\"lt\">% poliesteris, t\u0101p\u0113c tam ir \u013coti laba gaisa cirkul\u0101cija, kas noz\u012bm\u0113, ka siltums vienm\u0113r saglab\u0101jas, mitrums iztvaiko un j\u016bs j\u016btaties \u013coti \u0113rti. \u0160\u012b apak\u0161ve\u013ca ir lieliska izv\u0113le ikvienam, kam nepat\u012bk vilnas ap\u0123\u0113rba \"\u0137epurot\u012bba\", jo t\u0101 ir \u0101rk\u0101rt\u012bgi m\u012bksta un pat\u012bkama piesk\u0101rienam.<br \/>\n<\/span><\/p>\n<p><em>Produkta \u012bpa\u0161\u012bbas:<\/em><\/p>\n<ul>\n<li>Apak\u0161ve\u013cas komplekts, kas sast\u0101v no krekla ar gar\u0101m piedurkn\u0113m un gar\u0101m biks\u0113m<\/li>\n<li>Modelis: cie\u0161i piegu\u013co\u0161s<\/li>\n<li>Elpojo\u0161s<\/li>\n<li>K\u0101ju un roku gali ar dubult\u0101m auduma aproc\u0113m<\/li>\n<li>Elast\u012bgs audums un \u0161uves<\/li>\n<li>SWAY z\u012bmola logotips uz pleca un brie\u017ea \u0101das<\/li>\n<li>Sast\u0101vs: 100 <span class=\"Y2IQFc\" lang=\"lt\">%<\/span> poliesteris<\/li>\n<li>Kop\u0161ana: mazg\u0101t temperat\u016br\u0101, kas nep\u0101rsniedz 40 gr\u0101dus. Mazg\u0101\u0161ana iesp\u0113jama bez audumu balin\u0101t\u0101ja, audumu m\u012bkstin\u0101t\u0101ja. Nedr\u012bkst \u017e\u0101v\u0113t ve\u013cas \u017e\u0101v\u0113t\u0101j\u0101 vai gludin\u0101t.<\/li>\n<\/ul>\n<p><em>Ieteicamais izm\u0113rs:<\/em><\/p>\n<ul>\n<li>2 (80-86 cm)<\/li>\n<li>3 (92-98 cm)<\/li>\n<li>4 (104-110 cm)<\/li>\n<li>5 (116-122 cm)<\/li>\n<li>6 (128-134 cm)<\/li>\n<li>7 (140-152 cm)<\/li>\n<\/ul>\n<p>&nbsp;<\/p>","protected":false},"excerpt":{"rendered":"<p>Norveg\u0173 prek\u0117s \u017eenklo SWAY apatini\u0173 mar\u0161kin\u0117li\u0173 ir kelni\u0173 komplektas\u00a0 &#8220;London&#8221; funkcionalus ir stilingas r\u016bbas \u0161altajam met\u0173 laikui. Tai itin patog\u016bs, lengvi, kokybi\u0161ki ir malon\u016bs d\u0117v\u0117ti apatiniai drabu\u017eiai. Juos rekomenduojama d\u0117v\u0117ti kaip intensyvi\u0173 treniruo\u010di\u0173 aprang\u0105 ar tiesiog, kaip apatin\u012f sluoksn\u012f, leid\u017eiant ilgesn\u012f laik\u0105 lauke bet kokiu oru ir bet kurioje aktyvioje veikloje. \u0160ie r\u016bbai pasi\u016bti i\u0161 [&hellip;]<\/p>\n","protected":false},"featured_media":2106,"template":"","meta":{"_acf_changed":false},"pwb-brand":[181],"product_brand":[],"product_cat":[40,201,54],"product_tag":[],"class_list":{"0":"post-2105","1":"product","2":"type-product","3":"status-publish","4":"has-post-thumbnail","6":"pwb-brand-sway","7":"product_cat-vaikams","8":"product_cat-apatiniai-drabuziai-visai-seimai","9":"product_cat-apatiniai-rubai-apranga-vaikams","10":"pa_drabuziu-dydis-116-122","11":"pa_drabuziu-dydis-128-134","12":"pa_drabuziu-dydis-92-98","14":"first","15":"instock","16":"sale","17":"shipping-taxable","18":"purchasable","19":"product-type-variable"},"supplier_id":null,"supplier_sku":"","barcode":null,"atum_controlled":true,"out_stock_date":null,"out_stock_threshold":null,"inheritable":false,"inbound_stock":null,"stock_on_hold":0,"sold_today":0,"sales_last_days":0,"reserved_stock":null,"customer_returns":null,"warehouse_damage":null,"lost_in_post":null,"other_logs":null,"out_stock_days":0,"lost_sales":0,"has_location":null,"update_date":"2026-04-14T00:36:23","atum_locations":[],"atum_stock_status":"instock","restock_status":false,"low_stock_amount":"","sales_update_date":"2026-04-14T00:36:23","calc_backorders":null,"acf":[],"brands":[{"id":181,"name":"SWAY","slug":"sway"}],"_links":{"self":[{"href":"https:\/\/dekastar.lt\/lv\/wp-json\/wp\/v2\/product\/2105","targetHints":{"allow":["GET"]}}],"collection":[{"href":"https:\/\/dekastar.lt\/lv\/wp-json\/wp\/v2\/product"}],"about":[{"href":"https:\/\/dekastar.lt\/lv\/wp-json\/wp\/v2\/types\/product"}],"wp:featuredmedia":[{"embeddable":true,"href":"https:\/\/dekastar.lt\/lv\/wp-json\/wp\/v2\/media\/2106"}],"wp:attachment":[{"href":"https:\/\/dekastar.lt\/lv\/wp-json\/wp\/v2\/media?parent=2105"}],"wp:term":[{"taxonomy":"pwb-brand","embeddable":true,"href":"https:\/\/dekastar.lt\/lv\/wp-json\/wp\/v2\/pwb-brand?post=2105"},{"taxonomy":"product_brand","embeddable":true,"href":"https:\/\/dekastar.lt\/lv\/wp-json\/wp\/v2\/product_brand?post=2105"},{"taxonomy":"product_cat","embeddable":true,"href":"https:\/\/dekastar.lt\/lv\/wp-json\/wp\/v2\/product_cat?post=2105"},{"taxonomy":"product_tag","embeddable":true,"href":"https:\/\/dekastar.lt\/lv\/wp-json\/wp\/v2\/product_tag?post=2105"}],"curies":[{"name":"wp","href":"https:\/\/api.w.org\/{rel}","templated":true}]}}