{"id":2162,"date":"2021-12-16T13:30:13","date_gmt":"2021-12-16T13:30:13","guid":{"rendered":"https:\/\/dekastar.lt\/?post_type=product&#038;p=2162"},"modified":"2025-10-22T12:20:06","modified_gmt":"2025-10-22T12:20:06","slug":"laisvalaikio-kostiumas-vikafjell-melynas","status":"publish","type":"product","link":"https:\/\/dekastar.lt\/lv\/products\/laisvalaikio-kostiumas-vikafjell-melynas\/","title":{"rendered":"Br\u012bv\u0101 laika kost\u012bms Vikafjell (zils)"},"content":{"rendered":"<p>Norv\u0113\u0123u z\u012bmola Vikafjell ikdienas vel\u016bra kost\u012bms, kas lieliski piem\u0113rots gan meiten\u0113m, gan z\u0113niem. \u0160is bik\u0161u un d\u017eempera komplekts ir ne tikai stil\u012bgs, bet ar\u012b \u013coti \u0113rts. D\u017eemperim ir r\u0101v\u0113jsl\u0113dz\u0113js priek\u0161pus\u0113, augsta apkakle un divas r\u0101v\u0113jsl\u0113dz\u0113ja aizdares kabatas. Priek\u0161pus\u0113 r\u0101v\u0113jsl\u0113dz\u0113js ar atloku un ievelkamu atloku. D\u017eempera aug\u0161da\u013ca, apak\u0161da\u013ca un aproces ir apdarin\u0101tas ar stingru auduma lenti, kas ne tikai saglab\u0101 d\u017eempera formu, pasarg\u0101 to no meh\u0101niskiem boj\u0101jumiem, bet ar\u012b padara to \u013coti stil\u012bgu. Biks\u0113m ir elast\u012bga josta un k\u0101ju gali, lai t\u0101s labi piegul\u0113tu un sniegtu atbalstu. Biks\u0113m ir elast\u012bga josta, un t\u0101m ir sasienama josta\/virve, lai p\u0113c vajadz\u012bbas piel\u0101gotu platumu.  \u0160\u012b br\u012bv\u0101 laika komplekta audums ir \u013coti m\u012bksts, elast\u012bgs, silts un elpojo\u0161s, t\u0101p\u0113c tas ir piem\u0113rots jebkurai br\u012bvdabas un iek\u0161telpu aktivit\u0101tei.<\/p>\n<p>Sast\u0101vs: 100 % poliestera<\/p>\n<p>Poliesters<em> - \u012bpa\u0161s sint\u0113tisks audums, kas izgatavots no polim\u0113ru \u0161\u0137iedr\u0101m. Audums lieliski sasilda un ir \u013coti pat\u012bkams \u0137ermenim. Tam ir vilnai l\u012bdz\u012bgs izskats un da\u017eas kokvilnas \u012bpa\u0161\u012bbas. Poliestera audums ir \u013coti iztur\u012bgs (iztur\u012bgs pret gaismu un karstumu), viegls, labi saglab\u0101 formu, neme\u017eojas, ir viegli kopjams un \u0101tri \u017e\u016bst. Citiem v\u0101rdiem sakot, tas ir audums, kas ir ide\u0101li piem\u0113rots siltas apak\u0161ve\u013cas izgatavo\u0161anai ziemai.\u00a0<\/em><\/p>\n<p>Uztur\u0113\u0161ana<em><strong>.<\/strong>\u00a0Audumu var mazg\u0101t ve\u013casma\u0161\u012bn\u0101, ta\u010du tam nepat\u012bk augsta temperat\u016bra. Vislab\u0101k to mazg\u0101t 40 gr\u0101du temperat\u016br\u0101. Audumu nevar balin\u0101t (tas jau ir gaismas iztur\u012bgs). Mazg\u0101jot autom\u0101tiskaj\u0101 ve\u013cas mazg\u0101jamaj\u0101 ma\u0161\u012bn\u0101, lab\u0101k izmantot \"maigu\" programmu. Audumu lab\u0101k negludin\u0101t ar \u013coti karstu gludekli. Audumam ir zems krok\u0113\u0161an\u0101s \u0101trums, t\u0101p\u0113c gludin\u0101\u0161ana nav nepiecie\u0161ama.\u00a0<\/em><\/p>","protected":false},"excerpt":{"rendered":"<p>Norvegijos prek\u0117s \u017eenklo Vikafjell veli\u016brinis laisvalaikio kostium\u0117lis, kuris puikiai tinka tiek mergaitei, tiek berniukui. \u0160is kelni\u0173 bei megztuko komplektas ne tik stilingas, bet ir itin patogus. Megztukas su priekiniu u\u017etrauktuku, auk\u0161ta apykakle bei dviem priekin\u0117mis ki\u0161en\u0117mis su u\u017etrauktukais. Priekinis u\u017etrauktukas su atvartu bei apsauga nuo \u012ftraukimo. Vir\u0161utin\u0117, apatin\u0117 megztinio dalis bei rankogaliai yra apsi\u016bti tvirto [&hellip;]<\/p>\n","protected":false},"featured_media":2163,"template":"","meta":{"_acf_changed":false},"pwb-brand":[194],"product_brand":[],"product_cat":[40,201,67,55],"product_tag":[],"class_list":{"0":"post-2162","1":"product","2":"type-product","3":"status-publish","4":"has-post-thumbnail","6":"pwb-brand-vikafjell","7":"product_cat-vaikams","8":"product_cat-apatiniai-drabuziai-visai-seimai","9":"product_cat-kita-apranga-vaikams","10":"product_cat-apranga-laisvalaikiui-vaikams","11":"pa_drabuziu-dydis-104-110","12":"pa_drabuziu-dydis-116-122","13":"pa_drabuziu-dydis-128-134","14":"pa_drabuziu-dydis-92-98","16":"first","17":"instock","18":"sale","19":"shipping-taxable","20":"purchasable","21":"product-type-variable"},"supplier_id":null,"supplier_sku":"","barcode":null,"atum_controlled":true,"out_stock_date":null,"out_stock_threshold":null,"inheritable":false,"inbound_stock":null,"stock_on_hold":0,"sold_today":0,"sales_last_days":0,"reserved_stock":null,"customer_returns":null,"warehouse_damage":null,"lost_in_post":null,"other_logs":null,"out_stock_days":0,"lost_sales":0,"has_location":null,"update_date":"2026-04-14T00:36:23","atum_locations":[],"atum_stock_status":"instock","restock_status":false,"low_stock_amount":"","sales_update_date":"2026-04-14T00:36:23","calc_backorders":null,"acf":[],"brands":[{"id":194,"name":"VIKAFJELL","slug":"vikafjell"}],"_links":{"self":[{"href":"https:\/\/dekastar.lt\/lv\/wp-json\/wp\/v2\/product\/2162","targetHints":{"allow":["GET"]}}],"collection":[{"href":"https:\/\/dekastar.lt\/lv\/wp-json\/wp\/v2\/product"}],"about":[{"href":"https:\/\/dekastar.lt\/lv\/wp-json\/wp\/v2\/types\/product"}],"wp:featuredmedia":[{"embeddable":true,"href":"https:\/\/dekastar.lt\/lv\/wp-json\/wp\/v2\/media\/2163"}],"wp:attachment":[{"href":"https:\/\/dekastar.lt\/lv\/wp-json\/wp\/v2\/media?parent=2162"}],"wp:term":[{"taxonomy":"pwb-brand","embeddable":true,"href":"https:\/\/dekastar.lt\/lv\/wp-json\/wp\/v2\/pwb-brand?post=2162"},{"taxonomy":"product_brand","embeddable":true,"href":"https:\/\/dekastar.lt\/lv\/wp-json\/wp\/v2\/product_brand?post=2162"},{"taxonomy":"product_cat","embeddable":true,"href":"https:\/\/dekastar.lt\/lv\/wp-json\/wp\/v2\/product_cat?post=2162"},{"taxonomy":"product_tag","embeddable":true,"href":"https:\/\/dekastar.lt\/lv\/wp-json\/wp\/v2\/product_tag?post=2162"}],"curies":[{"name":"wp","href":"https:\/\/api.w.org\/{rel}","templated":true}]}}