{"id":2178,"date":"2021-12-16T14:19:12","date_gmt":"2021-12-16T14:19:12","guid":{"rendered":"https:\/\/dekastar.lt\/?post_type=product&#038;p=2178"},"modified":"2025-10-22T12:20:06","modified_gmt":"2025-10-22T12:20:06","slug":"namu-slepetes-move-mountains-parli-alyvines","status":"publish","type":"product","link":"https:\/\/dekastar.lt\/lv\/products\/namu-slepetes-move-mountains-parli-alyvines\/","title":{"rendered":"MOVE MOUNTAINS Parli M\u0101jas \u010d\u012bbas (ceri\u0146i)"},"content":{"rendered":"<p>D\u0101nijas z\u012bmola MOVE MOUNTAINS m\u0101jas \u010d\u012bbas PARLI mazajiem ir lieliska izv\u0113le v\u0113s\u0101kiem laikapst\u0101k\u013ciem. \u0112rti valk\u0101jami, viegli uzvelkami, silti un elpojo\u0161i, \u0161ie m\u0101jas apavi nodro\u0161in\u0101s j\u016bsu mazulim komfortu m\u0101j\u0101s vai b\u0113rnud\u0101rz\u0101. \u010c\u012bbas ir \u013coti vieglas, kas ir \u013coti svar\u012bgi, ja t\u0101s valk\u0101 ilgsto\u0161i. Apavi ir izgatavoti no filca auduma virspus\u0113 un mikro\u0161\u0137iedras iek\u0161pus\u0113, kas saglab\u0101 siltumu un \u013cauj gaisam cirkul\u0113t, t\u0101p\u0113c k\u0101jas paliek siltas, nesv\u012bstot. \u0160lepet\u0113m ir elast\u012bgas \u0161uves s\u0101nos, kas atvieglo uzvilk\u0161anu\/izvilk\u0161anu un nodro\u0161ina stingru piegu\u013c\u0161anu. Zole ir elast\u012bga un iztur\u012bga, ar vienm\u0113r\u012bgi profil\u0113tu rakstu, kas nodro\u0161ina lielisku sa\u0137eri ar jebkuru virsmu. No\u0146emama iek\u0161puse.<\/p>","protected":false},"excerpt":{"rendered":"<p>Dan\u0173 prek\u0117s \u017eenklo MOVE MOUNTAINS nam\u0173 \u0161lepet\u0117s PARLI ma\u017eiesiems yra puikus pasirinkimas atv\u0117sus orams. \u0160i nam\u0173 avalyn\u0117 patogi ne\u0161ioti, lengvai apsiauna, palaiko \u0161ilum\u0105 bei leid\u017eia kojai kv\u0117puoti, tad ma\u017eylis \u0161auniai jausis juos av\u0117damas namie ar dar\u017eelyje. \u0160lepet\u0117s yra itin lengvos, kas labai aktualu ilgai jas avint. Batai pagaminti i\u0161 veltinio audinio vir\u0161uje bei mikropluo\u0161to viduje, [&hellip;]<\/p>\n","protected":false},"featured_media":2181,"template":"","meta":{"_acf_changed":false},"pwb-brand":[195],"product_brand":[],"product_cat":[40,48],"product_tag":[],"class_list":{"0":"post-2178","1":"product","2":"type-product","3":"status-publish","4":"has-post-thumbnail","6":"pwb-brand-move-mountain","7":"product_cat-vaikams","8":"product_cat-avalyne-vaikams","9":"pa_avalynes-dydis-133","11":"first","12":"instock","13":"sale","14":"shipping-taxable","15":"purchasable","16":"product-type-variable"},"supplier_id":null,"supplier_sku":"","barcode":null,"atum_controlled":true,"out_stock_date":null,"out_stock_threshold":null,"inheritable":false,"inbound_stock":null,"stock_on_hold":0,"sold_today":0,"sales_last_days":0,"reserved_stock":null,"customer_returns":null,"warehouse_damage":null,"lost_in_post":null,"other_logs":null,"out_stock_days":0,"lost_sales":0,"has_location":null,"update_date":"2026-04-29T03:14:55","atum_locations":[],"atum_stock_status":"instock","restock_status":false,"low_stock_amount":"","sales_update_date":"2026-04-29T03:14:55","calc_backorders":null,"acf":[],"brands":[{"id":195,"name":"MOVE MOUNTAIN","slug":"move-mountain"}],"_links":{"self":[{"href":"https:\/\/dekastar.lt\/lv\/wp-json\/wp\/v2\/product\/2178","targetHints":{"allow":["GET"]}}],"collection":[{"href":"https:\/\/dekastar.lt\/lv\/wp-json\/wp\/v2\/product"}],"about":[{"href":"https:\/\/dekastar.lt\/lv\/wp-json\/wp\/v2\/types\/product"}],"wp:featuredmedia":[{"embeddable":true,"href":"https:\/\/dekastar.lt\/lv\/wp-json\/wp\/v2\/media\/2181"}],"wp:attachment":[{"href":"https:\/\/dekastar.lt\/lv\/wp-json\/wp\/v2\/media?parent=2178"}],"wp:term":[{"taxonomy":"pwb-brand","embeddable":true,"href":"https:\/\/dekastar.lt\/lv\/wp-json\/wp\/v2\/pwb-brand?post=2178"},{"taxonomy":"product_brand","embeddable":true,"href":"https:\/\/dekastar.lt\/lv\/wp-json\/wp\/v2\/product_brand?post=2178"},{"taxonomy":"product_cat","embeddable":true,"href":"https:\/\/dekastar.lt\/lv\/wp-json\/wp\/v2\/product_cat?post=2178"},{"taxonomy":"product_tag","embeddable":true,"href":"https:\/\/dekastar.lt\/lv\/wp-json\/wp\/v2\/product_tag?post=2178"}],"curies":[{"name":"wp","href":"https:\/\/api.w.org\/{rel}","templated":true}]}}