{"id":2189,"date":"2021-12-16T15:15:57","date_gmt":"2021-12-16T15:15:57","guid":{"rendered":"https:\/\/dekastar.lt\/?post_type=product&#038;p=2189"},"modified":"2025-10-22T12:20:06","modified_gmt":"2025-10-22T12:20:06","slug":"slepetes-move-mountains-charcoal","status":"publish","type":"product","link":"https:\/\/dekastar.lt\/lv\/products\/slepetes-move-mountains-charcoal\/","title":{"rendered":"\u0160lipses MOVE MOUNTAINS Charcoal"},"content":{"rendered":"<p>D\u0101\u0146u z\u012bmola MOVE MOUNTAINS m\u0101jas \u010d\u012bbas SANDE ir lieliska izv\u0113le v\u0113s\u0101kiem laikapst\u0101k\u013ciem. \u0112rti valk\u0101jamas, viegli uzvelkamas, siltas un elpojo\u0161as, t\u0101s nodro\u0161in\u0101s j\u016bsu k\u0101j\u0101m komfortu visas dienas garum\u0101. \u0160lipses ir \u013coti vieglas, kas ir \u013coti svar\u012bgi, valk\u0101jot t\u0101s ilgsto\u0161i. Apavi ir izgatavoti no filca auduma virspus\u0113 un mikro\u0161\u0137iedras iek\u0161pus\u0113, kas saglab\u0101 siltumu un \u013cauj gaisam cirkul\u0113t, saglab\u0101jot p\u0113das siltas, bet ne sviedrainas. \u0160lepet\u0113m ir \u0161uve elast\u012bg\u0101 materi\u0101la aizmugur\u0113, kas \u013cauj t\u0101s valk\u0101t gan k\u0101 atv\u0113rtas\/piestiprin\u0101mas \u010d\u012bbas, gan k\u0101 piln\u012bb\u0101 ie\u0161\u013c\u016bcam\u0101s \u010d\u012bbas. Zole ir elast\u012bga un iztur\u012bga, ar vienm\u0113r\u012bgi profil\u0113tu rakstu, kas nodro\u0161ina lielisku sa\u0137eri ar jebkuru virsmu. No\u0146emama iek\u0161puse. \u010c\u012bbas ir tum\u0161i pel\u0113kas ar melnu aizmugur\u0113jo \u0161uvi.<\/p>","protected":false},"excerpt":{"rendered":"<p>Dan\u0173 prek\u0117s \u017eenklo MOVE MOUNTAINS nam\u0173 \u0161lepet\u0117s SANDE yra puikus pasirinkimas atv\u0117sus orams. \u0160i nam\u0173 avalyn\u0117 patogi ne\u0161ioti, lengvai apsiauna, palaiko \u0161ilum\u0105 bei leid\u017eia kojai kv\u0117puoti, tad patogiai jausit\u0117s su jomis vis\u0105 dien\u0105. \u0160lepet\u0117s yra itin lengvos, kas labai aktualu ilgai jas avint. Batai pagaminti i\u0161 veltinio audinio vir\u0161uje bei mikropluo\u0161to viduje, kuris palaiko \u0161ilum\u0105 [&hellip;]<\/p>\n","protected":false},"featured_media":2190,"template":"","meta":{"_acf_changed":false},"pwb-brand":[195],"product_brand":[],"product_cat":[39,45],"product_tag":[],"class_list":{"0":"post-2189","1":"product","2":"type-product","3":"status-publish","4":"has-post-thumbnail","6":"pwb-brand-move-mountain","7":"product_cat-vyrams","8":"product_cat-avalyne-vyrams","9":"pa_avalynes-dydis-196","11":"first","12":"outofstock","13":"shipping-taxable","14":"product-type-variable"},"supplier_id":null,"supplier_sku":"","barcode":null,"atum_controlled":true,"out_stock_date":null,"out_stock_threshold":null,"inheritable":false,"inbound_stock":null,"stock_on_hold":0,"sold_today":0,"sales_last_days":0,"reserved_stock":null,"customer_returns":null,"warehouse_damage":null,"lost_in_post":null,"other_logs":null,"out_stock_days":0,"lost_sales":0,"has_location":null,"update_date":"2026-05-15T03:21:20","atum_locations":[],"atum_stock_status":"outofstock","restock_status":false,"low_stock_amount":"","sales_update_date":"2026-05-15T03:21:20","calc_backorders":null,"acf":[],"brands":[{"id":195,"name":"MOVE MOUNTAIN","slug":"move-mountain"}],"_links":{"self":[{"href":"https:\/\/dekastar.lt\/lv\/wp-json\/wp\/v2\/product\/2189","targetHints":{"allow":["GET"]}}],"collection":[{"href":"https:\/\/dekastar.lt\/lv\/wp-json\/wp\/v2\/product"}],"about":[{"href":"https:\/\/dekastar.lt\/lv\/wp-json\/wp\/v2\/types\/product"}],"wp:featuredmedia":[{"embeddable":true,"href":"https:\/\/dekastar.lt\/lv\/wp-json\/wp\/v2\/media\/2190"}],"wp:attachment":[{"href":"https:\/\/dekastar.lt\/lv\/wp-json\/wp\/v2\/media?parent=2189"}],"wp:term":[{"taxonomy":"pwb-brand","embeddable":true,"href":"https:\/\/dekastar.lt\/lv\/wp-json\/wp\/v2\/pwb-brand?post=2189"},{"taxonomy":"product_brand","embeddable":true,"href":"https:\/\/dekastar.lt\/lv\/wp-json\/wp\/v2\/product_brand?post=2189"},{"taxonomy":"product_cat","embeddable":true,"href":"https:\/\/dekastar.lt\/lv\/wp-json\/wp\/v2\/product_cat?post=2189"},{"taxonomy":"product_tag","embeddable":true,"href":"https:\/\/dekastar.lt\/lv\/wp-json\/wp\/v2\/product_tag?post=2189"}],"curies":[{"name":"wp","href":"https:\/\/api.w.org\/{rel}","templated":true}]}}