{"id":2212,"date":"2021-12-17T13:18:53","date_gmt":"2021-12-17T13:18:53","guid":{"rendered":"https:\/\/dekastar.lt\/?post_type=product&#038;p=2212"},"modified":"2025-10-22T12:20:14","modified_gmt":"2025-10-22T12:20:14","slug":"sway-oxford-laisvalaikio-kostiumas","status":"publish","type":"product","link":"https:\/\/dekastar.lt\/lv\/products\/sway-oxford-laisvalaikio-kostiumas\/","title":{"rendered":"SWAY OXFORD br\u012bv\u0101 laika uzvalks"},"content":{"rendered":"<p>Norv\u0113\u0123u z\u012bmola SWAY ap\u0123\u0113rbi ir paredz\u0113ti \u0113rtai, akt\u012bvai un stil\u012bgai izklaidei. M\u0113s piev\u0113r\u0161am lielu uzman\u012bbu tam, lai ap\u0123\u0113rbs ne tikai labi izskat\u012btos, bet ar\u012b b\u016btu izgatavots no kvalitat\u012bviem audumiem un, pats galvenais, b\u016btu funkcion\u0101ls un \u013coti \u0113rts. B\u0113rni kustas, rota\u013c\u0101jas un iepaz\u012bst pasauli da\u017e\u0101dos veidos gan m\u0101j\u0101s, gan b\u0113rnud\u0101rz\u0101, gan cit\u0101 vid\u0113, t\u0101p\u0113c ir svar\u012bgi, lai ap\u0123\u0113rbs neb\u016btu ierobe\u017eojo\u0161s, bet gan \u0113rts un kvalitat\u012bvs. \u0160\u012b kokvilnas bikses un d\u017eemperis ar m\u012bkstu p\u016bkainu iek\u0161pusi ir tie\u0161i tas, kas nepiecie\u0161ams j\u016bsu mazulim. Br\u012bv\u0101 laika kombinezons ar ekskluz\u012bvo dizainu un \u012bpa\u0161i jauko, silti dzelteno kr\u0101su b\u016bs lielisks papildin\u0101jums gan meitenei, gan z\u0113nam. Stil\u012bgs d\u017eemperis ar apa\u013cu kaklu un stiliz\u0113tiem s\u0101niem - da\u017e\u0101das tekst\u016bras trikot\u0101\u017eas auduma \u0161uves. Elast\u012bga josta, regul\u0113jama ar iek\u0161\u0113jo aukli\u0146u. Bikses ar div\u0101m s\u0101nu kabat\u0101m. D\u017eempera aizmugur\u0113 un bik\u0161u priek\u0161pus\u0113 ir stil\u012bgas silikona SWAY z\u012bmola logotipa embl\u0113mas.<\/p>\n<p><em>Sast\u0101vda\u013cas<\/em>: 60% kokvilna, 40% poliestera \u0161\u0137iedra.<\/p>","protected":false},"excerpt":{"rendered":"<p>Norveg\u0173 prek\u0117s \u017eenklo SWAY r\u016bbai skirti patogiam, aktyviam ir stilingam laiko praleidimui. Labai daug d\u0117mesio skiriam, kad r\u016bbas ne tik gra\u017eiai atrodyt\u0173, bet b\u016bt\u0173 pagamintas i\u0161 kokybi\u0161k\u0173 audini\u0173, o svarbiausia b\u016bt\u0173 funkcionalus ir itin patogus. Vaikai daug juda, \u017eaid\u017eia, tyrin\u0117ja pasaul\u012f \u012fvairiomis formomis tiek namie, tiek dar\u017eelyje ar kitoje aplinkoje, tad b\u016btina, kad apranga j\u0173 [&hellip;]<\/p>\n","protected":false},"featured_media":2213,"template":"","meta":{"_acf_changed":false},"pwb-brand":[181],"product_brand":[],"product_cat":[40,67,55],"product_tag":[],"class_list":{"0":"post-2212","1":"product","2":"type-product","3":"status-publish","4":"has-post-thumbnail","6":"pwb-brand-sway","7":"product_cat-vaikams","8":"product_cat-kita-apranga-vaikams","9":"product_cat-apranga-laisvalaikiui-vaikams","10":"pa_drabuziu-dydis-92-98","12":"first","13":"instock","14":"sale","15":"shipping-taxable","16":"purchasable","17":"product-type-variable"},"supplier_id":null,"supplier_sku":"","barcode":null,"atum_controlled":true,"out_stock_date":null,"out_stock_threshold":null,"inheritable":false,"inbound_stock":null,"stock_on_hold":0,"sold_today":0,"sales_last_days":0,"reserved_stock":null,"customer_returns":null,"warehouse_damage":null,"lost_in_post":null,"other_logs":null,"out_stock_days":0,"lost_sales":0,"has_location":null,"update_date":"2026-04-14T00:36:21","atum_locations":[],"atum_stock_status":"instock","restock_status":false,"low_stock_amount":"","sales_update_date":"2026-04-14T00:36:21","calc_backorders":null,"acf":[],"brands":[{"id":181,"name":"SWAY","slug":"sway"}],"_links":{"self":[{"href":"https:\/\/dekastar.lt\/lv\/wp-json\/wp\/v2\/product\/2212","targetHints":{"allow":["GET"]}}],"collection":[{"href":"https:\/\/dekastar.lt\/lv\/wp-json\/wp\/v2\/product"}],"about":[{"href":"https:\/\/dekastar.lt\/lv\/wp-json\/wp\/v2\/types\/product"}],"wp:featuredmedia":[{"embeddable":true,"href":"https:\/\/dekastar.lt\/lv\/wp-json\/wp\/v2\/media\/2213"}],"wp:attachment":[{"href":"https:\/\/dekastar.lt\/lv\/wp-json\/wp\/v2\/media?parent=2212"}],"wp:term":[{"taxonomy":"pwb-brand","embeddable":true,"href":"https:\/\/dekastar.lt\/lv\/wp-json\/wp\/v2\/pwb-brand?post=2212"},{"taxonomy":"product_brand","embeddable":true,"href":"https:\/\/dekastar.lt\/lv\/wp-json\/wp\/v2\/product_brand?post=2212"},{"taxonomy":"product_cat","embeddable":true,"href":"https:\/\/dekastar.lt\/lv\/wp-json\/wp\/v2\/product_cat?post=2212"},{"taxonomy":"product_tag","embeddable":true,"href":"https:\/\/dekastar.lt\/lv\/wp-json\/wp\/v2\/product_tag?post=2212"}],"curies":[{"name":"wp","href":"https:\/\/api.w.org\/{rel}","templated":true}]}}