{"id":2322,"date":"2021-12-20T11:17:22","date_gmt":"2021-12-20T11:17:22","guid":{"rendered":"https:\/\/dekastar.lt\/?post_type=product&#038;p=2322"},"modified":"2025-10-22T12:20:14","modified_gmt":"2025-10-22T12:20:14","slug":"reima-dzemperis-lingon-rozinis","status":"publish","type":"product","link":"https:\/\/dekastar.lt\/lv\/products\/reima-dzemperis-lingon-rozinis\/","title":{"rendered":"REIMA d\u017eemperis LINGON (roz\u0101)"},"content":{"rendered":"<p>Stil\u012bgs, \u0113rts un praktisks d\u017eemperis sportam un br\u012bvajam laikam no REIMA. D\u017eempera priek\u0161pus\u0113 ir ekskluz\u012bvs reljefs REIMA logotips un divas kabatas, kas to padara at\u0161\u0137ir\u012bgu no citiem \u0161\u0101da tipa d\u017eemperiem. D\u017eemperis ir izgatavots no sl\u012bp\u0113ta fran\u010du frot\u0113 trikot\u0101\u017eas auduma, kam rakstur\u012bga iztur\u012bba, bet vienlaikus tas ir elast\u012bgs, m\u012bksts un maigs. \u0160is d\u017eemperis ir paredz\u0113ts gan akt\u012bv\u0101m, gan br\u012bv\u0101 laika aktivit\u0101t\u0113m, un tas ir izgatavots no elpojo\u0161a, mitrumu aizvado\u0161a un iztvaikojo\u0161a materi\u0101la.<\/p>\n<p>Produkta \u012bpa\u0161\u012bbas:<\/p>\n<ul>\n<li>D\u017eemperis no jaunie\u0161u l\u012bnijas<\/li>\n<li>Sportam un ikdienas lieto\u0161anai<\/li>\n<li>Pul\u0113ts fran\u010du frot\u0113 trikot\u0101\u017eas audums<\/li>\n<li>Divas priek\u0161\u0113j\u0101s kabatas<\/li>\n<li>Reljefs REIMA logotips priek\u0161pus\u0113<\/li>\n<li>Elpojo\u0161s audums<\/li>\n<\/ul>\n<p>Sast\u0101vs:<\/p>\n<ul>\n<li>98% kokvilna, 2% elast\u0101ns<\/li>\n<\/ul>\n<p>Uztur\u0113\u0161ana:<\/p>\n<ul>\n<li>Var mazg\u0101t l\u012bdz 40 gr\u0101diem. Pirms mazg\u0101\u0161anas izv\u0113rst, mazg\u0101t kop\u0101 ar l\u012bdz\u012bgas kr\u0101sas ap\u0123\u0113rbu. Ve\u013cas mazg\u0101\u0161anas laik\u0101 nelietojiet audumu m\u012bkstin\u0101t\u0101jus vai balin\u0101t\u0101jus. \u017d\u0101v\u0113jiet istabas temperat\u016br\u0101.<\/li>\n<\/ul>\n<p><strong>Piem\u0113roto izm\u0113ru varat izv\u0113l\u0113ties, izmantojot t\u0101l\u0101k sniegto tabulu:<\/strong><\/p>\n<table border=\"0\" cellspacing=\"0\" cellpadding=\"0\">\n<tbody>\n<tr>\n<td>Vecums<\/td>\n<td>2 m.<\/td>\n<td>3 m.<\/td>\n<td>4 m.<\/td>\n<td>5 m.<\/td>\n<td>6 m.<\/td>\n<td>7 m.<\/td>\n<td>8 m.<\/td>\n<td>9 m.<\/td>\n<td>10 m.<\/td>\n<td>11 m.<\/td>\n<td>12 m.<\/td>\n<td>13 m.<\/td>\n<td>14 m.<\/td>\n<\/tr>\n<tr>\n<td>Augstums (A)<\/td>\n<td>92<\/td>\n<td>98<\/td>\n<td>104<\/td>\n<td>110<\/td>\n<td>116<\/td>\n<td>122<\/td>\n<td>128<\/td>\n<td>134<\/td>\n<td>140<\/td>\n<td>146<\/td>\n<td>152<\/td>\n<td>158<\/td>\n<td>164<\/td>\n<\/tr>\n<tr>\n<td>Kr\u016b\u0161kurvis (B)<\/td>\n<td>54<\/td>\n<td>56<\/td>\n<td>58<\/td>\n<td>60<\/td>\n<td>62<\/td>\n<td>64<\/td>\n<td>66<\/td>\n<td>69<\/td>\n<td>72<\/td>\n<td>75<\/td>\n<td>78<\/td>\n<td>81<\/td>\n<td>84<\/td>\n<\/tr>\n<tr>\n<td>Viduklis (C)<\/td>\n<td>53<\/td>\n<td>54<\/td>\n<td>55<\/td>\n<td>56<\/td>\n<td>57<\/td>\n<td>58<\/td>\n<td>60<\/td>\n<td>62<\/td>\n<td>64<\/td>\n<td>66<\/td>\n<td>68<\/td>\n<td>70<\/td>\n<td>72<\/td>\n<\/tr>\n<tr>\n<td>Klubi (D)<\/td>\n<td>58<\/td>\n<td>60<\/td>\n<td>62<\/td>\n<td>64<\/td>\n<td>66<\/td>\n<td>68<\/td>\n<td>70<\/td>\n<td>72<\/td>\n<td>75<\/td>\n<td>78<\/td>\n<td>81<\/td>\n<td>84<\/td>\n<td>87<\/td>\n<\/tr>\n<tr>\n<td>Roku (E)<\/td>\n<td>40.6<\/td>\n<td>43.1<\/td>\n<td>45.6<\/td>\n<td>48.3<\/td>\n<td>51<\/td>\n<td>53.7<\/td>\n<td>56.4<\/td>\n<td>59.6<\/td>\n<td>62.8<\/td>\n<td>65.7<\/td>\n<td>68.6<\/td>\n<td>71.6<\/td>\n<td>74.6<\/td>\n<\/tr>\n<tr>\n<td>K\u0101ja, vid\u0113j\u0101 (F)<\/td>\n<td>37<\/td>\n<td>40.5<\/td>\n<td>44<\/td>\n<td>47.5<\/td>\n<td>51<\/td>\n<td>54.5<\/td>\n<td>58<\/td>\n<td>61.5<\/td>\n<td>65<\/td>\n<td>68.5<\/td>\n<td>71.5<\/td>\n<td>74.5<\/td>\n<td>77.5<\/td>\n<\/tr>\n<tr>\n<td>K\u0101ja, \u0101r\u0113j\u0101 da\u013ca (G)<\/td>\n<td>56<\/td>\n<td>60<\/td>\n<td>63<\/td>\n<td>67<\/td>\n<td>71<\/td>\n<td>75<\/td>\n<td>79<\/td>\n<td>83<\/td>\n<td>87.2<\/td>\n<td>91.4<\/td>\n<td>95.1<\/td>\n<td>98.8<\/td>\n<td>102.5<\/td>\n<\/tr>\n<\/tbody>\n<\/table>","protected":false},"excerpt":{"rendered":"<p>Prek\u0117s \u017eenklo REIMA stilingas, patogus ir prakti\u0161kas sportinis\/laisvalaikio d\u017eemperis. I\u0161skirtinis reljefinis prek\u0117s \u017eenklo REIMA logotipo dekoras priekin\u0117je d\u017eemperio dalyje bei dvi ki\u0161en\u0117s, daro \u0161i model\u012f i\u0161siskiriant\u012f i\u0161 kit\u0173 tokio tipo laisvalaikio megztini\u0173. Megztinis i\u0161 \u0161lifuoto pranc\u016bzi\u0161ko kilpinio trikota\u017eo, kuris pasi\u017eymi tvirtumu, bet tuo pa\u010diu yra elastingas, mink\u0161tas ir \u0161velnus. \u0160is d\u017eemperis skirtas tiek aktyviai veiklai, [&hellip;]<\/p>\n","protected":false},"featured_media":2323,"template":"","meta":{"_acf_changed":false},"pwb-brand":[81],"product_brand":[],"product_cat":[40,74,55],"product_tag":[],"class_list":{"0":"post-2322","1":"product","2":"type-product","3":"status-publish","4":"has-post-thumbnail","6":"pwb-brand-reima","7":"product_cat-vaikams","8":"product_cat-sportiniai-kostiumai-apranga-laisvalaikiui-vaikams","9":"product_cat-apranga-laisvalaikiui-vaikams","10":"pa_drabuziu-dydis-202","12":"first","13":"instock","14":"sale","15":"shipping-taxable","16":"purchasable","17":"product-type-variable"},"supplier_id":null,"supplier_sku":"","barcode":null,"atum_controlled":true,"out_stock_date":null,"out_stock_threshold":null,"inheritable":false,"inbound_stock":null,"stock_on_hold":0,"sold_today":0,"sales_last_days":0,"reserved_stock":null,"customer_returns":null,"warehouse_damage":null,"lost_in_post":null,"other_logs":null,"out_stock_days":0,"lost_sales":0,"has_location":null,"update_date":"2026-05-04T03:17:17","atum_locations":[],"atum_stock_status":"instock","restock_status":false,"low_stock_amount":"","sales_update_date":"2026-05-04T03:17:17","calc_backorders":null,"acf":[],"brands":[{"id":81,"name":"REIMA","slug":"reima"}],"_links":{"self":[{"href":"https:\/\/dekastar.lt\/lv\/wp-json\/wp\/v2\/product\/2322","targetHints":{"allow":["GET"]}}],"collection":[{"href":"https:\/\/dekastar.lt\/lv\/wp-json\/wp\/v2\/product"}],"about":[{"href":"https:\/\/dekastar.lt\/lv\/wp-json\/wp\/v2\/types\/product"}],"wp:featuredmedia":[{"embeddable":true,"href":"https:\/\/dekastar.lt\/lv\/wp-json\/wp\/v2\/media\/2323"}],"wp:attachment":[{"href":"https:\/\/dekastar.lt\/lv\/wp-json\/wp\/v2\/media?parent=2322"}],"wp:term":[{"taxonomy":"pwb-brand","embeddable":true,"href":"https:\/\/dekastar.lt\/lv\/wp-json\/wp\/v2\/pwb-brand?post=2322"},{"taxonomy":"product_brand","embeddable":true,"href":"https:\/\/dekastar.lt\/lv\/wp-json\/wp\/v2\/product_brand?post=2322"},{"taxonomy":"product_cat","embeddable":true,"href":"https:\/\/dekastar.lt\/lv\/wp-json\/wp\/v2\/product_cat?post=2322"},{"taxonomy":"product_tag","embeddable":true,"href":"https:\/\/dekastar.lt\/lv\/wp-json\/wp\/v2\/product_tag?post=2322"}],"curies":[{"name":"wp","href":"https:\/\/api.w.org\/{rel}","templated":true}]}}