{"id":2431,"date":"2021-12-22T14:35:24","date_gmt":"2021-12-22T14:35:24","guid":{"rendered":"https:\/\/dekastar.lt\/?post_type=product&#038;p=2431"},"modified":"2025-10-22T12:20:14","modified_gmt":"2025-10-22T12:20:14","slug":"air-jordan-sportinis-kostiumas","status":"publish","type":"product","link":"https:\/\/dekastar.lt\/lv\/products\/air-jordan-sportinis-kostiumas\/","title":{"rendered":"Air Jordan treni\u0146t\u0113rps"},"content":{"rendered":"<p>JUMPMAN treni\u0146t\u0113rps no NIKE Air Jordan l\u012bnijas. \u0160is ir \u013coti stil\u012bgs, funkcion\u0101ls treni\u0146t\u0113rps, kas ir ide\u0101li piem\u0113rots gan meiten\u0113m, gan z\u0113niem. \u0160is d\u017eempera un bik\u0161u komplekts ar augstu apkakli un r\u0101v\u0113jsl\u0113dz\u0113ju ir piem\u0113rots gan akt\u012bvai, gan ikdienas valk\u0101\u0161anai. T\u0101 \u0113rtums un lieliskais sast\u0101vs, kas nodro\u0161ina labu gaisa cirkul\u0101ciju, padara to par ide\u0101lu izv\u0113li pilnv\u0113rt\u012bgai dienai b\u0113rnud\u0101rz\u0101. Treni\u0146t\u0113rps ir izgatavots no nebl\u012bva, slidena un sp\u012bd\u012bga auduma. Elast\u012bga josta, elast\u012bga iek\u0161puse.<\/p>\n<p><em>Sast\u0101vda\u013cas<\/em>: 100% poliesteris<\/p>\n<p><em>Uztur\u0113\u0161ana<\/em>: var mazg\u0101t l\u012bdz 30 gr\u0101diem. Pirms mazg\u0101\u0161anas izvelciet, aiztaisiet r\u0101v\u0113jsl\u0113dz\u0113ju. Mazg\u0101t kop\u0101 ar l\u012bdz\u012bgas kr\u0101sas ap\u0123\u0113rbiem. Nelietot audumu balin\u0101t\u0101jus.<\/p>\n<p>Piez\u012bme: ra\u017eot\u0101ja nor\u0101d\u012btais izm\u0113rs ir 4-5 gadi, kas atbilst 104-110 cm izm\u0113ram.<\/p>\n<p>&nbsp;<\/p>","protected":false},"excerpt":{"rendered":"<p>Prek\u0117s \u017eenklo NIKE sportinis kostiumas JUMPMAN i\u0161 Air Jordan linijos. Tai itin stilingas, funkcionalus sportinis kostiumas, kuris puikiai tinka tiek mergaitei, tiek berniukui. \u0160is d\u017eemperio su auk\u0161tu kaklu, u\u017etrauktuku ir kelni\u0173 komplektas tinka tiek aktyviai veiklai, tiek laisvalaikiui. D\u0117l savo patogumo bei puikios sud\u0117ties, u\u017etikrinan\u010dios ger\u0105 oro cirkuliacij\u0105, \u0161is komplektas puikus pasirinkimas visai dienai dar\u017eelyje. [&hellip;]<\/p>\n","protected":false},"featured_media":2433,"template":"","meta":{"_acf_changed":false},"pwb-brand":[204],"product_brand":[],"product_cat":[40,67,55],"product_tag":[],"class_list":{"0":"post-2431","1":"product","2":"type-product","3":"status-publish","4":"has-post-thumbnail","6":"pwb-brand-nike","7":"product_cat-vaikams","8":"product_cat-kita-apranga-vaikams","9":"product_cat-apranga-laisvalaikiui-vaikams","10":"pa_drabuziu-dydis-104-110","12":"first","13":"outofstock","14":"shipping-taxable","15":"product-type-variable"},"supplier_id":null,"supplier_sku":"","barcode":null,"atum_controlled":true,"out_stock_date":null,"out_stock_threshold":null,"inheritable":false,"inbound_stock":null,"stock_on_hold":0,"sold_today":0,"sales_last_days":0,"reserved_stock":null,"customer_returns":null,"warehouse_damage":null,"lost_in_post":null,"other_logs":null,"out_stock_days":0,"lost_sales":0,"has_location":null,"update_date":"2026-04-27T03:13:22","atum_locations":[],"atum_stock_status":"outofstock","restock_status":false,"low_stock_amount":"","sales_update_date":"2026-04-27T03:13:22","calc_backorders":null,"acf":[],"brands":[{"id":204,"name":"NIKE","slug":"nike"}],"_links":{"self":[{"href":"https:\/\/dekastar.lt\/lv\/wp-json\/wp\/v2\/product\/2431","targetHints":{"allow":["GET"]}}],"collection":[{"href":"https:\/\/dekastar.lt\/lv\/wp-json\/wp\/v2\/product"}],"about":[{"href":"https:\/\/dekastar.lt\/lv\/wp-json\/wp\/v2\/types\/product"}],"wp:featuredmedia":[{"embeddable":true,"href":"https:\/\/dekastar.lt\/lv\/wp-json\/wp\/v2\/media\/2433"}],"wp:attachment":[{"href":"https:\/\/dekastar.lt\/lv\/wp-json\/wp\/v2\/media?parent=2431"}],"wp:term":[{"taxonomy":"pwb-brand","embeddable":true,"href":"https:\/\/dekastar.lt\/lv\/wp-json\/wp\/v2\/pwb-brand?post=2431"},{"taxonomy":"product_brand","embeddable":true,"href":"https:\/\/dekastar.lt\/lv\/wp-json\/wp\/v2\/product_brand?post=2431"},{"taxonomy":"product_cat","embeddable":true,"href":"https:\/\/dekastar.lt\/lv\/wp-json\/wp\/v2\/product_cat?post=2431"},{"taxonomy":"product_tag","embeddable":true,"href":"https:\/\/dekastar.lt\/lv\/wp-json\/wp\/v2\/product_tag?post=2431"}],"curies":[{"name":"wp","href":"https:\/\/api.w.org\/{rel}","templated":true}]}}