{"id":2522,"date":"2021-12-30T11:46:21","date_gmt":"2021-12-30T11:46:21","guid":{"rendered":"https:\/\/dekastar.lt\/?post_type=product&#038;p=2522"},"modified":"2025-10-22T12:20:14","modified_gmt":"2025-10-22T12:20:14","slug":"veliurinis-dzemperis-tunika-su-kapisonu-rozinis","status":"publish","type":"product","link":"https:\/\/dekastar.lt\/lv\/products\/veliurinis-dzemperis-tunika-su-kapisonu-rozinis\/","title":{"rendered":"\u017durkle ar kapuci (roz\u0101)"},"content":{"rendered":"<p>D\u0101nijas z\u012bmola SMAFOLK b\u0113rnu prec\u0113m ir \u0101rk\u0101rt\u012bgi augsti kvalit\u0101tes standarti. Z\u012bmols darbojas ar atbild\u012bgu pieeju ekolo\u0123ijai un vides aizsardz\u012bbai vis\u0101 ra\u017eo\u0161anas proces\u0101. <\/p>\n<p>- Oeko-Tex\u00ae sertific\u0113ts materi\u0101ls, izgatavots bez kait\u012bg\u0101m viel\u0101m.<br \/>\n- \u0160is izstr\u0101d\u0101jums ir izgatavots no ilgtsp\u0113j\u012bgas organisk\u0101s kokvilnas.<br \/>\n- Ra\u017eots Eirop\u0101.<\/p>\n<p>Sast\u0101vs:<br \/>\n- 80% organisk\u0101 kokvilna, 20% poliesteris.<br \/>\n- Var mazg\u0101t ve\u013casma\u0161\u012bn\u0101 30 gr\u0101du temperat\u016br\u0101.<\/p>","protected":false},"excerpt":{"rendered":"<p>Dan\u0173 prek\u0117s \u017eenklo SMAFOLK gaminiai vaikams pasi\u017eymi itin auk\u0161tais kokyb\u0117s standartais. Gamintojas vykdo veikl\u0105 su atsakingu po\u017ei\u016briu \u012f ekologij\u0105 bei gamtosauginius reikalavimus visame gamybos procese. \u2013 Oeko-Tex\u00ae sertifikuota med\u017eiaga, pagaminta nenaudojant kenksming\u0173 med\u017eiag\u0173. \u2013 \u0160is gaminys pagamintas i\u0161 tvarios ekologi\u0161kos medviln\u0117s. \u2013 Pagaminta Europoje. Sud\u0117tis: \u2013 80% organin\u0117 medviln\u0117, 20% poliesteris. \u2013 Galima skalbti 30 [&hellip;]<\/p>\n","protected":false},"featured_media":2523,"template":"","meta":{"_acf_changed":false},"pwb-brand":[106],"product_brand":[],"product_cat":[40,74,55],"product_tag":[],"class_list":{"0":"post-2522","1":"product","2":"type-product","3":"status-publish","4":"has-post-thumbnail","6":"pwb-brand-smafolk","7":"product_cat-vaikams","8":"product_cat-sportiniai-kostiumai-apranga-laisvalaikiui-vaikams","9":"product_cat-apranga-laisvalaikiui-vaikams","10":"pa_drabuziu-dydis-104-110","11":"pa_drabuziu-dydis-116-122","12":"pa_drabuziu-dydis-80-86","13":"pa_drabuziu-dydis-92-98","15":"first","16":"instock","17":"sale","18":"shipping-taxable","19":"purchasable","20":"product-type-variable"},"supplier_id":null,"supplier_sku":"","barcode":null,"atum_controlled":true,"out_stock_date":null,"out_stock_threshold":null,"inheritable":false,"inbound_stock":null,"stock_on_hold":0,"sold_today":0,"sales_last_days":0,"reserved_stock":null,"customer_returns":null,"warehouse_damage":null,"lost_in_post":null,"other_logs":null,"out_stock_days":0,"lost_sales":0,"has_location":null,"update_date":"2026-04-22T00:37:47","atum_locations":[],"atum_stock_status":"instock","restock_status":false,"low_stock_amount":"","sales_update_date":"2026-04-22T00:37:47","calc_backorders":null,"acf":[],"brands":[{"id":106,"name":"SMAFOLK","slug":"smafolk"}],"_links":{"self":[{"href":"https:\/\/dekastar.lt\/lv\/wp-json\/wp\/v2\/product\/2522","targetHints":{"allow":["GET"]}}],"collection":[{"href":"https:\/\/dekastar.lt\/lv\/wp-json\/wp\/v2\/product"}],"about":[{"href":"https:\/\/dekastar.lt\/lv\/wp-json\/wp\/v2\/types\/product"}],"wp:featuredmedia":[{"embeddable":true,"href":"https:\/\/dekastar.lt\/lv\/wp-json\/wp\/v2\/media\/2523"}],"wp:attachment":[{"href":"https:\/\/dekastar.lt\/lv\/wp-json\/wp\/v2\/media?parent=2522"}],"wp:term":[{"taxonomy":"pwb-brand","embeddable":true,"href":"https:\/\/dekastar.lt\/lv\/wp-json\/wp\/v2\/pwb-brand?post=2522"},{"taxonomy":"product_brand","embeddable":true,"href":"https:\/\/dekastar.lt\/lv\/wp-json\/wp\/v2\/product_brand?post=2522"},{"taxonomy":"product_cat","embeddable":true,"href":"https:\/\/dekastar.lt\/lv\/wp-json\/wp\/v2\/product_cat?post=2522"},{"taxonomy":"product_tag","embeddable":true,"href":"https:\/\/dekastar.lt\/lv\/wp-json\/wp\/v2\/product_tag?post=2522"}],"curies":[{"name":"wp","href":"https:\/\/api.w.org\/{rel}","templated":true}]}}