{"id":2528,"date":"2021-12-30T12:20:41","date_gmt":"2021-12-30T12:20:41","guid":{"rendered":"https:\/\/dekastar.lt\/?post_type=product&#038;p=2528"},"modified":"2025-10-22T12:20:14","modified_gmt":"2025-10-22T12:20:14","slug":"organines-medvilnes-suknele-tunika","status":"publish","type":"product","link":"https:\/\/dekastar.lt\/lv\/products\/organines-medvilnes-suknele-tunika\/","title":{"rendered":"Organisk\u0101s kokvilnas kleita\/tunika"},"content":{"rendered":"<p>\u0160ved\u0173 prek\u0117s \u017eenklo Oii r\u016bbai yra ekologi\u0161ka produkcija gaminama socialiai atsakingomis s\u0105lygomis.<\/p>\n<p>\u0160i suknel\u0117\/tunika yra i\u0161skirtinio dizaino ir kokyb\u0117s r\u016bbas. Nei viena mergait\u0117 d\u0117vinti \u0161i\u0105 patogi\u0105, judesi\u0173 nevar\u017ean\u010di\u0105 suknel\u0119\/tunik\u0105 neliks nepasteb\u0117ta. I\u0161skirtinumo suteikia 3\/4 rankov\u0117s bei &#8220;keng\u016bros&#8221; ki\u0161en\u0117 priekyje. Vidin\u0117 dalis yra \u0161lifuota medviln\u0117 (su p\u016bkeliu).<\/p>\n<p>Produkta \u012bpa\u0161\u012bbas:<br \/>\n* Ilgesnio modelio suknel\u0117\/tunika<br \/>\n*&#8221;Keng\u016bros&#8221; priekin\u0117 ki\u0161en\u0117<br \/>\n* Apykakl\u0117, rankogaliai ir tunikos apa\u010dia apsi\u016bti storo trikota\u017eo kantu<br \/>\n* Vidin\u0117 dalis su p\u016bkeliu<br \/>\n* Pagaminta i\u0161 sertifikuotos organin\u0117s medviln\u0117s<br \/>\n* Oeko-Tex\u00ae sertifikuotas audinys be kenksming\u0173 med\u017eiag\u0173<br \/>\n* Ekologi\u0161ka produkcija pagaminta socialiai atsakingomis s\u0105lygomis<\/p>\n<p>Sast\u0101vs:<br \/>\n*100% organin\u0117 medviln\u0117<br \/>\n* galimas skalbimas iki 30 laipsni\u0173 temperat\u016broje<\/p>","protected":false},"excerpt":{"rendered":"<p>\u0160ved\u0173 prek\u0117s \u017eenklo Oii r\u016bbai yra ekologi\u0161ka produkcija gaminama socialiai atsakingomis s\u0105lygomis. \u0160i suknel\u0117\/tunika yra i\u0161skirtinio dizaino ir kokyb\u0117s r\u016bbas. Nei viena mergait\u0117 d\u0117vinti \u0161i\u0105 patogi\u0105, judesi\u0173 nevar\u017ean\u010di\u0105 suknel\u0119\/tunik\u0105 neliks nepasteb\u0117ta. I\u0161skirtinumo suteikia 3\/4 rankov\u0117s bei &#8220;keng\u016bros&#8221; ki\u0161en\u0117 priekyje. Vidin\u0117 dalis yra \u0161lifuota medviln\u0117 (su p\u016bkeliu). Prek\u0117s savyb\u0117s: * Ilgesnio modelio suknel\u0117\/tunika *&#8221;Keng\u016bros&#8221; priekin\u0117 ki\u0161en\u0117 [&hellip;]<\/p>\n","protected":false},"featured_media":2531,"template":"","meta":{"_acf_changed":false},"pwb-brand":[108],"product_brand":[],"product_cat":[40,74,55],"product_tag":[],"class_list":{"0":"post-2528","1":"product","2":"type-product","3":"status-publish","4":"has-post-thumbnail","6":"pwb-brand-oii","7":"product_cat-vaikams","8":"product_cat-sportiniai-kostiumai-apranga-laisvalaikiui-vaikams","9":"product_cat-apranga-laisvalaikiui-vaikams","10":"pa_drabuziu-dydis-110-116","11":"pa_drabuziu-dydis-98-104","13":"first","14":"instock","15":"sale","16":"shipping-taxable","17":"purchasable","18":"product-type-variable"},"supplier_id":null,"supplier_sku":"","barcode":null,"atum_controlled":true,"out_stock_date":null,"out_stock_threshold":null,"inheritable":false,"inbound_stock":null,"stock_on_hold":0,"sold_today":0,"sales_last_days":0,"reserved_stock":null,"customer_returns":null,"warehouse_damage":null,"lost_in_post":null,"other_logs":null,"out_stock_days":0,"lost_sales":0,"has_location":null,"update_date":"2026-04-29T03:15:10","atum_locations":[],"atum_stock_status":"instock","restock_status":false,"low_stock_amount":"","sales_update_date":"2026-04-29T03:15:10","calc_backorders":null,"acf":[],"brands":[{"id":108,"name":"OII","slug":"oii"}],"_links":{"self":[{"href":"https:\/\/dekastar.lt\/lv\/wp-json\/wp\/v2\/product\/2528","targetHints":{"allow":["GET"]}}],"collection":[{"href":"https:\/\/dekastar.lt\/lv\/wp-json\/wp\/v2\/product"}],"about":[{"href":"https:\/\/dekastar.lt\/lv\/wp-json\/wp\/v2\/types\/product"}],"wp:featuredmedia":[{"embeddable":true,"href":"https:\/\/dekastar.lt\/lv\/wp-json\/wp\/v2\/media\/2531"}],"wp:attachment":[{"href":"https:\/\/dekastar.lt\/lv\/wp-json\/wp\/v2\/media?parent=2528"}],"wp:term":[{"taxonomy":"pwb-brand","embeddable":true,"href":"https:\/\/dekastar.lt\/lv\/wp-json\/wp\/v2\/pwb-brand?post=2528"},{"taxonomy":"product_brand","embeddable":true,"href":"https:\/\/dekastar.lt\/lv\/wp-json\/wp\/v2\/product_brand?post=2528"},{"taxonomy":"product_cat","embeddable":true,"href":"https:\/\/dekastar.lt\/lv\/wp-json\/wp\/v2\/product_cat?post=2528"},{"taxonomy":"product_tag","embeddable":true,"href":"https:\/\/dekastar.lt\/lv\/wp-json\/wp\/v2\/product_tag?post=2528"}],"curies":[{"name":"wp","href":"https:\/\/api.w.org\/{rel}","templated":true}]}}