{"id":2581,"date":"2022-01-10T09:40:27","date_gmt":"2022-01-10T09:40:27","guid":{"rendered":"https:\/\/dekastar.lt\/?post_type=product&#038;p=2581"},"modified":"2025-10-22T12:20:18","modified_gmt":"2025-10-22T12:20:18","slug":"bodziukas-golfas-su-kniedemis-melynas","status":"publish","type":"product","link":"https:\/\/dekastar.lt\/lv\/products\/bodziukas-golfas-su-kniedemis-melynas\/","title":{"rendered":"Golfa kombinezons ar knied\u0113m (zils)"},"content":{"rendered":"<p>Stil\u012bgs fran\u010du z\u012bmola PETIT BATEAU bodijs ar aizdari mugur\u0101. Tas ir 100 % izgatavots pie ra\u017eot\u0101ja, kas garant\u0113 augstus kvalit\u0101tes standartus. <span style=\"color: #69686d; font-family: Helvetica, Neue Helvetica, Verdana, sans-serif;\">100% kokvilna, m\u012bksta, pat\u012bkama valk\u0101\u0161anai un viegli uzvelkama\/no\u0146emama. \u017durkata apkakle ir \u013coti elast\u012bga, salok\u0101ma div\u0101s k\u0101rt\u0101s, un tai aizmugur\u0113 ir tr\u012bs knie\u017eu aizdare, kas iev\u0113rojami atvieglo \u0123\u0113rb\u0161anos.<\/span><\/p>","protected":false},"excerpt":{"rendered":"<p>Stil\u012bgs fran\u010du z\u012bmola PETIT BATEAU bodijs ar aizdari mugur\u0101. Tas ir 100% kokvilnas, m\u012bksts, pat\u012bkams valk\u0101\u0161anai un viegli uzvelkams un novelkams. T\u0113rpa kakls ir \u013coti elast\u012bgs, salok\u0101ms div\u0101s k\u0101rt\u0101s, un aizmugur\u0113 tam ir tr\u012bs knie\u017eu aizdare, kas iev\u0113rojami atvieglo \u0123\u0113rb\u0161an\u0101s procesu.<\/p>","protected":false},"featured_media":2583,"template":"","meta":{"_acf_changed":false},"pwb-brand":[179],"product_brand":[],"product_cat":[40,55,75],"product_tag":[],"class_list":{"0":"post-2581","1":"product","2":"type-product","3":"status-publish","4":"has-post-thumbnail","6":"pwb-brand-petit-bateau","7":"product_cat-vaikams","8":"product_cat-apranga-laisvalaikiui-vaikams","9":"product_cat-marskineliai-apranga-laisvalaikiui-vaikams","10":"pa_drabuziu-dydis-18-m-81-cm","12":"first","13":"instock","14":"sale","15":"shipping-taxable","16":"purchasable","17":"product-type-variable"},"supplier_id":null,"supplier_sku":"","barcode":null,"atum_controlled":true,"out_stock_date":null,"out_stock_threshold":null,"inheritable":false,"inbound_stock":null,"stock_on_hold":0,"sold_today":0,"sales_last_days":0,"reserved_stock":null,"customer_returns":null,"warehouse_damage":null,"lost_in_post":null,"other_logs":null,"out_stock_days":0,"lost_sales":0,"has_location":null,"update_date":"2026-04-14T00:36:36","atum_locations":[],"atum_stock_status":"instock","restock_status":false,"low_stock_amount":"","sales_update_date":"2026-04-14T00:36:36","calc_backorders":null,"acf":[],"brands":[{"id":179,"name":"PETIT BATEAU","slug":"petit-bateau"}],"_links":{"self":[{"href":"https:\/\/dekastar.lt\/lv\/wp-json\/wp\/v2\/product\/2581","targetHints":{"allow":["GET"]}}],"collection":[{"href":"https:\/\/dekastar.lt\/lv\/wp-json\/wp\/v2\/product"}],"about":[{"href":"https:\/\/dekastar.lt\/lv\/wp-json\/wp\/v2\/types\/product"}],"wp:featuredmedia":[{"embeddable":true,"href":"https:\/\/dekastar.lt\/lv\/wp-json\/wp\/v2\/media\/2583"}],"wp:attachment":[{"href":"https:\/\/dekastar.lt\/lv\/wp-json\/wp\/v2\/media?parent=2581"}],"wp:term":[{"taxonomy":"pwb-brand","embeddable":true,"href":"https:\/\/dekastar.lt\/lv\/wp-json\/wp\/v2\/pwb-brand?post=2581"},{"taxonomy":"product_brand","embeddable":true,"href":"https:\/\/dekastar.lt\/lv\/wp-json\/wp\/v2\/product_brand?post=2581"},{"taxonomy":"product_cat","embeddable":true,"href":"https:\/\/dekastar.lt\/lv\/wp-json\/wp\/v2\/product_cat?post=2581"},{"taxonomy":"product_tag","embeddable":true,"href":"https:\/\/dekastar.lt\/lv\/wp-json\/wp\/v2\/product_tag?post=2581"}],"curies":[{"name":"wp","href":"https:\/\/api.w.org\/{rel}","templated":true}]}}