{"id":2591,"date":"2022-01-10T11:20:05","date_gmt":"2022-01-10T11:20:05","guid":{"rendered":"https:\/\/dekastar.lt\/?post_type=product&#038;p=2591"},"modified":"2025-10-22T12:20:18","modified_gmt":"2025-10-22T12:20:18","slug":"hummel-suknele-tunika-tilly","status":"publish","type":"product","link":"https:\/\/dekastar.lt\/lv\/products\/hummel-suknele-tunika-tilly\/","title":{"rendered":"HUMMEL kleita\/tunika TILLY"},"content":{"rendered":"<p>HUMMEL kleita\/tunika ir \u0113rta, praktiska un stil\u012bga izv\u0113le br\u012bvajam laikam, b\u0113rnud\u0101rzam vai skolai. \u013boti pat\u012bkams, m\u012bksts un silts audums. Kleitas priek\u0161pus\u0113 ir iz\u0161\u016bts HUMMEL logotips.<\/p>\n<p>Sast\u0101vs: 95% kokvilna, 5% elast\u0101ns.<\/p>","protected":false},"excerpt":{"rendered":"<p>Prek\u0117s \u017eenklo HUMMEL suknel\u0117\/tunika- patogus, prakti\u0161kas ir stilingas pasirinkimas laisvalaikiui, dar\u017eeliui ar mokyklai. Labai malonus, \u0161velnus ir \u0161iltas audinys. Suknel\u0117s priekin\u0117je dalyje i\u0161siuvin\u0117tas prek\u0117s \u017eenklo HUMMEL logotipas. Sud\u0117tis: 95% medviln\u0117, 5% elastanas<\/p>","protected":false},"featured_media":2594,"template":"","meta":{"_acf_changed":false},"pwb-brand":[107],"product_brand":[],"product_cat":[40,74,55],"product_tag":[],"class_list":{"0":"post-2591","1":"product","2":"type-product","3":"status-publish","4":"has-post-thumbnail","6":"pwb-brand-hummel","7":"product_cat-vaikams","8":"product_cat-sportiniai-kostiumai-apranga-laisvalaikiui-vaikams","9":"product_cat-apranga-laisvalaikiui-vaikams","10":"pa_drabuziu-dydis-145","11":"pa_drabuziu-dydis-215","13":"first","14":"instock","15":"sale","16":"shipping-taxable","17":"purchasable","18":"product-type-variable"},"supplier_id":null,"supplier_sku":"","barcode":null,"atum_controlled":true,"out_stock_date":null,"out_stock_threshold":null,"inheritable":false,"inbound_stock":null,"stock_on_hold":0,"sold_today":0,"sales_last_days":0,"reserved_stock":null,"customer_returns":null,"warehouse_damage":null,"lost_in_post":null,"other_logs":null,"out_stock_days":0,"lost_sales":0,"has_location":null,"update_date":"2026-04-14T00:36:34","atum_locations":[],"atum_stock_status":"instock","restock_status":false,"low_stock_amount":"","sales_update_date":"2026-04-14T00:36:34","calc_backorders":null,"acf":[],"brands":[{"id":107,"name":"HUMMEL","slug":"hummel"}],"_links":{"self":[{"href":"https:\/\/dekastar.lt\/lv\/wp-json\/wp\/v2\/product\/2591","targetHints":{"allow":["GET"]}}],"collection":[{"href":"https:\/\/dekastar.lt\/lv\/wp-json\/wp\/v2\/product"}],"about":[{"href":"https:\/\/dekastar.lt\/lv\/wp-json\/wp\/v2\/types\/product"}],"wp:featuredmedia":[{"embeddable":true,"href":"https:\/\/dekastar.lt\/lv\/wp-json\/wp\/v2\/media\/2594"}],"wp:attachment":[{"href":"https:\/\/dekastar.lt\/lv\/wp-json\/wp\/v2\/media?parent=2591"}],"wp:term":[{"taxonomy":"pwb-brand","embeddable":true,"href":"https:\/\/dekastar.lt\/lv\/wp-json\/wp\/v2\/pwb-brand?post=2591"},{"taxonomy":"product_brand","embeddable":true,"href":"https:\/\/dekastar.lt\/lv\/wp-json\/wp\/v2\/product_brand?post=2591"},{"taxonomy":"product_cat","embeddable":true,"href":"https:\/\/dekastar.lt\/lv\/wp-json\/wp\/v2\/product_cat?post=2591"},{"taxonomy":"product_tag","embeddable":true,"href":"https:\/\/dekastar.lt\/lv\/wp-json\/wp\/v2\/product_tag?post=2591"}],"curies":[{"name":"wp","href":"https:\/\/api.w.org\/{rel}","templated":true}]}}