{"id":2598,"date":"2022-01-10T11:33:25","date_gmt":"2022-01-10T11:33:25","guid":{"rendered":"https:\/\/dekastar.lt\/?post_type=product&#038;p=2598"},"modified":"2025-10-22T12:20:18","modified_gmt":"2025-10-22T12:20:18","slug":"hummel-dzemperis-urshula","status":"publish","type":"product","link":"https:\/\/dekastar.lt\/lv\/products\/hummel-dzemperis-urshula\/","title":{"rendered":"HUMMEL d\u017eemperis URSHULA"},"content":{"rendered":"<p>Stil\u012bgs, praktisks un \u0113rts d\u017eemperis meitenei no HUMMEL. T\u0101 ir lieliska izv\u0113le akt\u012bvai atp\u016btai, skolai vai b\u0113rnud\u0101rzam. D\u017eemperis ir izgatavots no augstas kvalit\u0101tes auduma. Izstr\u0101d\u0101jumam ir Oeko-Tex Standard 100 sertifik\u0101ts.<\/p>\n<p><strong>OEKO-TEX 100<\/strong> \u0160is standarts ir pasaul\u0113 atz\u012bts biolo\u0123isk\u0101s lauksaimniec\u012bbas standarts, kas nosaka stingrus kait\u012bgo vielu ierobe\u017eojumus tekstilizstr\u0101d\u0101jumos, k\u0101 ar\u012b test\u0113\u0161anas metodes. Test\u0113ti un sertific\u0113ti ar OEKO-TEX 100 mar\u0137\u0113jumu, produkti nerada kait\u012bgu, kait\u012bgu ietekmi uz pat\u0113r\u0113t\u0101jiem.<\/p>\n<h1 class=\"page_title\"><\/h1>","protected":false},"excerpt":{"rendered":"<p>Prek\u0117s \u017eenklo HUMMEL stilingas, prakti\u0161kas ir patogus d\u017eemperis mergaitei. Tai puikus pasirinkimas aktyviam laisvalaikiui, mokyklai ar dar\u017eeliui. Megztukas pagamintas i\u0161 auk\u0161tos kokyb\u0117s audinio. Gaminys turi Oeko-Tex standart 100 sertifikat\u0105. OEKO-TEX 100 standartas yra visuotinai pripa\u017eintas ekologinis standartas, kuriame pateiktos grie\u017etos leistin\u0173 kenksming\u0173 med\u017eiag\u0173 kieki\u0173 normos tekstil\u0117s produkcijai bei tyrim\u0173 metodai. Patikrinta ir sertifikuota, turinti OEKO-TEX [&hellip;]<\/p>\n","protected":false},"featured_media":2600,"template":"","meta":{"_acf_changed":false},"pwb-brand":[107],"product_brand":[],"product_cat":[40,74,55],"product_tag":[],"class_list":{"0":"post-2598","1":"product","2":"type-product","3":"status-publish","4":"has-post-thumbnail","6":"pwb-brand-hummel","7":"product_cat-vaikams","8":"product_cat-sportiniai-kostiumai-apranga-laisvalaikiui-vaikams","9":"product_cat-apranga-laisvalaikiui-vaikams","10":"pa_drabuziu-dydis-216","12":"first","13":"instock","14":"sale","15":"shipping-taxable","16":"purchasable","17":"product-type-variable"},"supplier_id":null,"supplier_sku":"","barcode":null,"atum_controlled":true,"out_stock_date":null,"out_stock_threshold":null,"inheritable":false,"inbound_stock":null,"stock_on_hold":0,"sold_today":0,"sales_last_days":0,"reserved_stock":null,"customer_returns":null,"warehouse_damage":null,"lost_in_post":null,"other_logs":null,"out_stock_days":0,"lost_sales":0,"has_location":null,"update_date":"2026-04-14T00:36:35","atum_locations":[],"atum_stock_status":"instock","restock_status":false,"low_stock_amount":"","sales_update_date":"2026-04-14T00:36:35","calc_backorders":null,"acf":[],"brands":[{"id":107,"name":"HUMMEL","slug":"hummel"}],"_links":{"self":[{"href":"https:\/\/dekastar.lt\/lv\/wp-json\/wp\/v2\/product\/2598","targetHints":{"allow":["GET"]}}],"collection":[{"href":"https:\/\/dekastar.lt\/lv\/wp-json\/wp\/v2\/product"}],"about":[{"href":"https:\/\/dekastar.lt\/lv\/wp-json\/wp\/v2\/types\/product"}],"wp:featuredmedia":[{"embeddable":true,"href":"https:\/\/dekastar.lt\/lv\/wp-json\/wp\/v2\/media\/2600"}],"wp:attachment":[{"href":"https:\/\/dekastar.lt\/lv\/wp-json\/wp\/v2\/media?parent=2598"}],"wp:term":[{"taxonomy":"pwb-brand","embeddable":true,"href":"https:\/\/dekastar.lt\/lv\/wp-json\/wp\/v2\/pwb-brand?post=2598"},{"taxonomy":"product_brand","embeddable":true,"href":"https:\/\/dekastar.lt\/lv\/wp-json\/wp\/v2\/product_brand?post=2598"},{"taxonomy":"product_cat","embeddable":true,"href":"https:\/\/dekastar.lt\/lv\/wp-json\/wp\/v2\/product_cat?post=2598"},{"taxonomy":"product_tag","embeddable":true,"href":"https:\/\/dekastar.lt\/lv\/wp-json\/wp\/v2\/product_tag?post=2598"}],"curies":[{"name":"wp","href":"https:\/\/api.w.org\/{rel}","templated":true}]}}