{"id":2617,"date":"2022-01-10T12:06:38","date_gmt":"2022-01-10T12:06:38","guid":{"rendered":"https:\/\/dekastar.lt\/?post_type=product&#038;p=2617"},"modified":"2025-10-22T12:20:18","modified_gmt":"2025-10-22T12:20:18","slug":"hummel-marskineliai-kinji","status":"publish","type":"product","link":"https:\/\/dekastar.lt\/lv\/products\/hummel-marskineliai-kinji\/","title":{"rendered":"HUMMEL mar\u0161kin\u0117liai KINJI"},"content":{"rendered":"<p>Prek\u0117s \u017eenklo HUMMEL stilingi, prakti\u0161ki ir patog\u016bs ilgarankoviai mar\u0161kin\u0117liai.\u00a0 Mar\u0161kin\u0117li\u0173 priekin\u0117je dalyje baltas prek\u0117s \u017eenklo HUMMEL logotipas. Tai puikus pasirinkimas aktyviam laisvalaikiui ar mokyklai, dar\u017eeliui. Mar\u0161kin\u0117liai pagaminti i\u0161 auk\u0161tos kokyb\u0117s audinio. Gaminys turi Oeko-Tex standart 100 sertifikat\u0105.<\/p>\n<p><strong>OEKO-TEX 100<\/strong> \u0160is standarts ir pasaul\u0113 atz\u012bts biolo\u0123isk\u0101s lauksaimniec\u012bbas standarts, kas nosaka stingrus kait\u012bgo vielu ierobe\u017eojumus tekstilizstr\u0101d\u0101jumos, k\u0101 ar\u012b test\u0113\u0161anas metodes. Test\u0113ti un sertific\u0113ti ar OEKO-TEX 100 mar\u0137\u0113jumu, produkti nerada kait\u012bgu, kait\u012bgu ietekmi uz pat\u0113r\u0113t\u0101jiem.<\/p>\n<p>&nbsp;<\/p>\n<p>Sast\u0101vs: 95% kokvilna, 5% elast\u0101ns<\/p>","protected":false},"excerpt":{"rendered":"<p>Prek\u0117s \u017eenklo HUMMEL stilingi, prakti\u0161ki ir patog\u016bs ilgarankoviai mar\u0161kin\u0117liai.\u00a0 Mar\u0161kin\u0117li\u0173 priekin\u0117je dalyje baltas prek\u0117s \u017eenklo HUMMEL logotipas. Tai puikus pasirinkimas aktyviam laisvalaikiui ar mokyklai, dar\u017eeliui. Mar\u0161kin\u0117liai pagaminti i\u0161 auk\u0161tos kokyb\u0117s audinio. Gaminys turi Oeko-Tex standart 100 sertifikat\u0105. OEKO-TEX 100 standartas yra visuotinai pripa\u017eintas ekologinis standartas, kuriame pateiktos grie\u017etos leistin\u0173 kenksming\u0173 med\u017eiag\u0173 kieki\u0173 normos tekstil\u0117s produkcijai [&hellip;]<\/p>\n","protected":false},"featured_media":2620,"template":"","meta":{"_acf_changed":false},"pwb-brand":[107],"product_brand":[],"product_cat":[40,55,75],"product_tag":[],"class_list":{"0":"post-2617","1":"product","2":"type-product","3":"status-publish","4":"has-post-thumbnail","6":"pwb-brand-hummel","7":"product_cat-vaikams","8":"product_cat-apranga-laisvalaikiui-vaikams","9":"product_cat-marskineliai-apranga-laisvalaikiui-vaikams","10":"pa_drabuziu-dydis-215","12":"first","13":"outofstock","14":"shipping-taxable","15":"product-type-variable"},"supplier_id":null,"supplier_sku":"","barcode":null,"atum_controlled":true,"out_stock_date":null,"out_stock_threshold":null,"inheritable":false,"inbound_stock":null,"stock_on_hold":0,"sold_today":0,"sales_last_days":0,"reserved_stock":null,"customer_returns":null,"warehouse_damage":null,"lost_in_post":null,"other_logs":null,"out_stock_days":0,"lost_sales":0,"has_location":null,"update_date":"2026-04-14T00:36:34","atum_locations":[],"atum_stock_status":"outofstock","restock_status":false,"low_stock_amount":"","sales_update_date":"2026-04-14T00:36:34","calc_backorders":null,"acf":[],"brands":[{"id":107,"name":"HUMMEL","slug":"hummel"}],"_links":{"self":[{"href":"https:\/\/dekastar.lt\/lv\/wp-json\/wp\/v2\/product\/2617","targetHints":{"allow":["GET"]}}],"collection":[{"href":"https:\/\/dekastar.lt\/lv\/wp-json\/wp\/v2\/product"}],"about":[{"href":"https:\/\/dekastar.lt\/lv\/wp-json\/wp\/v2\/types\/product"}],"wp:featuredmedia":[{"embeddable":true,"href":"https:\/\/dekastar.lt\/lv\/wp-json\/wp\/v2\/media\/2620"}],"wp:attachment":[{"href":"https:\/\/dekastar.lt\/lv\/wp-json\/wp\/v2\/media?parent=2617"}],"wp:term":[{"taxonomy":"pwb-brand","embeddable":true,"href":"https:\/\/dekastar.lt\/lv\/wp-json\/wp\/v2\/pwb-brand?post=2617"},{"taxonomy":"product_brand","embeddable":true,"href":"https:\/\/dekastar.lt\/lv\/wp-json\/wp\/v2\/product_brand?post=2617"},{"taxonomy":"product_cat","embeddable":true,"href":"https:\/\/dekastar.lt\/lv\/wp-json\/wp\/v2\/product_cat?post=2617"},{"taxonomy":"product_tag","embeddable":true,"href":"https:\/\/dekastar.lt\/lv\/wp-json\/wp\/v2\/product_tag?post=2617"}],"curies":[{"name":"wp","href":"https:\/\/api.w.org\/{rel}","templated":true}]}}