{"id":2652,"date":"2022-01-14T11:45:02","date_gmt":"2022-01-14T11:45:02","guid":{"rendered":"https:\/\/dekastar.lt\/?post_type=product&#038;p=2652"},"modified":"2025-10-22T12:20:18","modified_gmt":"2025-10-22T12:20:18","slug":"reima-striuke-sturdy-zalia","status":"publish","type":"product","link":"https:\/\/dekastar.lt\/lv\/products\/reima-striuke-sturdy-zalia\/","title":{"rendered":"REIMA jaka Sturdy (za\u013ca)"},"content":{"rendered":"<p>REIMA STURDY jaka ir paredz\u0113ta ziemas sezonai. Tom\u0113r t\u0101 ir ide\u0101li piem\u0113rota ar\u012b v\u0113l\u0101 pavasar\u012b vai agr\u0101 ruden\u012b. Jaka ir v\u0113ja necaurlaid\u012bga, \u016bdensnecaurlaid\u012bga, elpojo\u0161a, \u013coti viegla un pl\u0101na (v\u0113ja necaurlaid\u012bga). Visas jakas \u0161uves ir herm\u0113tiski nosl\u0113gtas un nodro\u0161ina, ka j\u016bsu mazais paliks sauss jebkuros laika apst\u0101k\u013cos. Daudzas atstarojo\u0161as deta\u013cas garant\u0113, ka j\u016bsu b\u0113rns b\u016bs labi redzams \u0101r\u0101 tums\u0101. \u013boti cie\u0161i piegu\u013co\u0161a, liela, regul\u0113jama un no\u0146emama kapuce. Kapuces iek\u0161pus\u0113 apkakle un aproces ir oder\u0113tas ar m\u012bkstu vilnu. Iek\u0161pus\u0113 - gluda poliestera odere. Aizdares kabatas ar r\u0101v\u0113jsl\u0113dz\u0113jiem jakas priek\u0161pus\u0113 svar\u012bg\u0101ko lietu glab\u0101\u0161anai. Jakas aizmugur\u0113j\u0101 da\u013ca ir gar\u0101ka.<\/p>\n<p>Produkta \u012bpa\u0161\u012bbas:<br \/>\n* \u016adensnecaurlaid\u012bga ziemas jaka maziem b\u0113rniem<br \/>\n* Visas \u0161uves aizl\u012bm\u0113tas ar speci\u0101lu lentu<br \/>\n* dro\u0161s, no\u0146emams p\u0101rsegs<br \/>\n* Divas \u0101r\u0113j\u0101s kabatas ar r\u0101v\u0113jsl\u0113dz\u0113ju<br \/>\n*Reflekt\u012bvi atstarojo\u0161as deta\u013cas dro\u0161\u012bbai<br \/>\n* \u016adensiztur\u012bbas indekss: 10000 mm<br \/>\n* Izol\u0101cijas indekss: 160 gr<\/p>\n<p>K\u0100 IZV\u0112L\u0112TIES IZM\u0112RU?<\/p>\n<p>1) Lai b\u0113rns, sp\u0113l\u0113joties \u0101r\u0101, justos \u0113rti, b\u016btu sauss un silts, ir svar\u012bgi izv\u0113l\u0113ties pareizo ap\u0123\u0113rba izm\u0113ru. Ja t\u0101s b\u016bs p\u0101r\u0101k \u0161auras, neb\u016bs pietiekami daudz vietas gaisa cirkul\u0101cijai un neb\u016bs iesp\u0113jams uzvilkt papildu ap\u0123\u0113rbu. P\u0101r\u0101k liels ap\u0123\u0113rbs var trauc\u0113t b\u0113rnam skraid\u012bt un p\u0113t\u012bt.<br \/>\n2) Reima virsdr\u0113b\u0113m ir neliela +4 cm aug\u0161anas rezerve. M\u0113s iesak\u0101m ieg\u0101d\u0101ties ap\u0123\u0113rbu, kas ir tuvu j\u016bsu mazu\u013ca izm\u0113ram. Piem\u0113ram, jaci\u0146a, kuras augstums (izm\u0113rs) ir 80 cm, b\u016bs piem\u0113rota b\u0113rnam, kura augums ir no 75 l\u012bdz 87 cm.<br \/>\n3) M\u0113s iesak\u0101m izv\u0113l\u0113ties t\u0101du pa\u0161u izm\u0113ru, k\u0101ds ir j\u016bsu b\u0113rna augumam, jo Reima produkti ir m\u0113rogoti un tajos jau ir \u0146emts v\u0113r\u0101 j\u016bsu b\u0113rna iesp\u0113jamais augums sezonas laik\u0101. <\/p>","protected":false},"excerpt":{"rendered":"<p>REIMA prek\u0117s \u017eenklo STURDY striuk\u0117 skirta \u017eiemos sezonui. Ta\u010diau puikiai tinka iki pat v\u0117lyvo pavasario ar ankstyvam rudeniui. Striuk\u0117 yra nepralaidi v\u0117jui, vandeniui, kv\u0117puojanti, labai lengva ir plona (nep\u016bsta). Visos striuk\u0117s si\u016bl\u0117s yra sandarios ir u\u017etikrina, kad J\u016bs\u0173 ma\u017eylis i\u0161liks sausas bet kokiomis oro s\u0105lygomis. Daugyb\u0117 \u0161vies\u0105 atspindin\u010di\u0173 detali\u0173 garantuoja ai\u0161k\u0173 J\u016bs\u0173 vaiko matomum\u0105 tamsiu [&hellip;]<\/p>\n","protected":false},"featured_media":2655,"template":"","meta":{"_acf_changed":false},"pwb-brand":[81],"product_brand":[],"product_cat":[40,65],"product_tag":[],"class_list":{"0":"post-2652","1":"product","2":"type-product","3":"status-publish","4":"has-post-thumbnail","6":"pwb-brand-reima","7":"product_cat-vaikams","8":"product_cat-ziemines-striukes-paltai-lauko-apranga-vaikams","9":"pa_drabuziu-dydis-209","11":"first","12":"instock","13":"sale","14":"shipping-taxable","15":"purchasable","16":"product-type-variable"},"supplier_id":null,"supplier_sku":"","barcode":null,"atum_controlled":true,"out_stock_date":null,"out_stock_threshold":null,"inheritable":false,"inbound_stock":null,"stock_on_hold":0,"sold_today":0,"sales_last_days":0,"reserved_stock":null,"customer_returns":null,"warehouse_damage":null,"lost_in_post":null,"other_logs":null,"out_stock_days":0,"lost_sales":0,"has_location":null,"update_date":"2026-04-14T00:36:34","atum_locations":[],"atum_stock_status":"instock","restock_status":false,"low_stock_amount":"","sales_update_date":"2026-04-14T00:36:34","calc_backorders":null,"acf":[],"brands":[{"id":81,"name":"REIMA","slug":"reima"}],"_links":{"self":[{"href":"https:\/\/dekastar.lt\/lv\/wp-json\/wp\/v2\/product\/2652","targetHints":{"allow":["GET"]}}],"collection":[{"href":"https:\/\/dekastar.lt\/lv\/wp-json\/wp\/v2\/product"}],"about":[{"href":"https:\/\/dekastar.lt\/lv\/wp-json\/wp\/v2\/types\/product"}],"wp:featuredmedia":[{"embeddable":true,"href":"https:\/\/dekastar.lt\/lv\/wp-json\/wp\/v2\/media\/2655"}],"wp:attachment":[{"href":"https:\/\/dekastar.lt\/lv\/wp-json\/wp\/v2\/media?parent=2652"}],"wp:term":[{"taxonomy":"pwb-brand","embeddable":true,"href":"https:\/\/dekastar.lt\/lv\/wp-json\/wp\/v2\/pwb-brand?post=2652"},{"taxonomy":"product_brand","embeddable":true,"href":"https:\/\/dekastar.lt\/lv\/wp-json\/wp\/v2\/product_brand?post=2652"},{"taxonomy":"product_cat","embeddable":true,"href":"https:\/\/dekastar.lt\/lv\/wp-json\/wp\/v2\/product_cat?post=2652"},{"taxonomy":"product_tag","embeddable":true,"href":"https:\/\/dekastar.lt\/lv\/wp-json\/wp\/v2\/product_tag?post=2652"}],"curies":[{"name":"wp","href":"https:\/\/api.w.org\/{rel}","templated":true}]}}