{"id":2744,"date":"2022-01-20T09:23:23","date_gmt":"2022-01-20T09:23:23","guid":{"rendered":"https:\/\/dekastar.lt\/?post_type=product&#038;p=2744"},"modified":"2025-10-22T12:20:22","modified_gmt":"2025-10-22T12:20:22","slug":"lietaus-striuke-reima-vesi-su-misko-printu","status":"publish","type":"product","link":"https:\/\/dekastar.lt\/lv\/products\/lietaus-striuke-reima-vesi-su-misko-printu\/","title":{"rendered":"REIMA Vesi lietus jaka ar me\u017ea apdruku"},"content":{"rendered":"<p>REIMA b\u0113rnu lietus jaka no elast\u012bga, m\u012bksta auduma, kas ir piln\u012bb\u0101 \u016bdensnecaurlaid\u012bgs un nesatur PVC. Liela, \u0113rta un no\u0146emama kapuce. Jakai ir daudz atstarojo\u0161u deta\u013cu, kas nodro\u0161ina b\u0113rna redzam\u012bbu gan sliktos laika apst\u0101k\u013cos, gan tums\u0101. Tas ir \u0113rts, pagarin\u0101ts modelis, kas pasarg\u0101s j\u016bsu b\u0113rnu no lietus jebkuras \u0101ra aktivit\u0101tes laik\u0101.<\/p>\n<p><em>Produkta \u012bpa\u0161\u012bbas:<\/em><\/p>\n<ul>\n<li>B\u0113rnu lietus jaka bez izol\u0101cijas<\/li>\n<li>M\u012bksts, elast\u012bgs audums bez PVC<\/li>\n<li>\u016adensiztur\u012bbas indekss: 10000 mm<\/li>\n<li>V\u0113ja necaurlaid\u012bgs \u0101r\u0113jais audums<\/li>\n<li>Stingras, l\u012bm\u0113tas \u0161uves<\/li>\n<li>Zem atloka pasl\u0113pta r\u0101v\u0113jsl\u0113dz\u0113ja aizdare<\/li>\n<li>No\u0146emams p\u0101rsegs<\/li>\n<li>Atstarojo\u0161as deta\u013cas<\/li>\n<li>Elast\u012bgas aproces<\/li>\n<li>Sast\u0101vs: 100% Poliesters<\/li>\n<\/ul>\n<p>&nbsp;<\/p>","protected":false},"excerpt":{"rendered":"<p>Prek\u0117s \u017eenklo REIMA vaiki\u0161ka lietaus striuk\u0117 i\u0161 tampraus, mink\u0161to audinio, kuris visi\u0161kai nepralaidus vandeniui ir be PVC. Didelis, patogus ir nuimamas gobtuvas. Striuk\u0117 turi daugyb\u0119 \u0161vies\u0105 atspindin\u010di\u0173 detali\u0173, kad b\u016bt\u0173 u\u017etikrintas vaiko matomumas tiek blogu oru, tiek tamsiu paros metu. Tai patogus, pailgintas modeliukas, kuris apsaugos vaik\u0105 nuo lietaus bet kokios aktyvios veiklos metu lauke. [&hellip;]<\/p>\n","protected":false},"featured_media":2748,"template":"","meta":{"_acf_changed":false},"pwb-brand":[81],"product_brand":[],"product_cat":[40,69],"product_tag":[],"class_list":{"0":"post-2744","1":"product","2":"type-product","3":"status-publish","4":"has-post-thumbnail","6":"pwb-brand-reima","7":"product_cat-vaikams","8":"product_cat-lietaus-apranga","9":"pa_drabuziu-dydis-156","11":"first","12":"instock","13":"sale","14":"shipping-taxable","15":"purchasable","16":"product-type-variable"},"supplier_id":null,"supplier_sku":"","barcode":null,"atum_controlled":true,"out_stock_date":null,"out_stock_threshold":null,"inheritable":false,"inbound_stock":null,"stock_on_hold":0,"sold_today":0,"sales_last_days":0,"reserved_stock":null,"customer_returns":null,"warehouse_damage":null,"lost_in_post":null,"other_logs":null,"out_stock_days":0,"lost_sales":0,"has_location":null,"update_date":"2026-05-04T03:17:16","atum_locations":[],"atum_stock_status":"instock","restock_status":false,"low_stock_amount":"","sales_update_date":"2026-05-04T03:17:16","calc_backorders":null,"acf":[],"brands":[{"id":81,"name":"REIMA","slug":"reima"}],"_links":{"self":[{"href":"https:\/\/dekastar.lt\/lv\/wp-json\/wp\/v2\/product\/2744","targetHints":{"allow":["GET"]}}],"collection":[{"href":"https:\/\/dekastar.lt\/lv\/wp-json\/wp\/v2\/product"}],"about":[{"href":"https:\/\/dekastar.lt\/lv\/wp-json\/wp\/v2\/types\/product"}],"wp:featuredmedia":[{"embeddable":true,"href":"https:\/\/dekastar.lt\/lv\/wp-json\/wp\/v2\/media\/2748"}],"wp:attachment":[{"href":"https:\/\/dekastar.lt\/lv\/wp-json\/wp\/v2\/media?parent=2744"}],"wp:term":[{"taxonomy":"pwb-brand","embeddable":true,"href":"https:\/\/dekastar.lt\/lv\/wp-json\/wp\/v2\/pwb-brand?post=2744"},{"taxonomy":"product_brand","embeddable":true,"href":"https:\/\/dekastar.lt\/lv\/wp-json\/wp\/v2\/product_brand?post=2744"},{"taxonomy":"product_cat","embeddable":true,"href":"https:\/\/dekastar.lt\/lv\/wp-json\/wp\/v2\/product_cat?post=2744"},{"taxonomy":"product_tag","embeddable":true,"href":"https:\/\/dekastar.lt\/lv\/wp-json\/wp\/v2\/product_tag?post=2744"}],"curies":[{"name":"wp","href":"https:\/\/api.w.org\/{rel}","templated":true}]}}